{"id":229434,"date":"2025-03-22T16:05:00","date_gmt":"2025-03-22T16:05:00","guid":{"rendered":"https:\/\/aromasentia.com\/product\/coconut-dragon-wind-chimes\/"},"modified":"2025-12-30T21:30:25","modified_gmt":"2025-12-30T21:30:25","slug":"dragon-volador","status":"publish","type":"product","link":"https:\/\/aromasentia.com\/es\/dragon-volador\/","title":{"rendered":"Drag\u00f3n Volador"},"content":{"rendered":"<p>Esta <strong>Campanilla de viento de drag\u00f3n de coco al por mayor<\/strong> es una pieza de decoraci\u00f3n de aspecto encantador que se adaptar\u00eda tanto a un ambiente interior como exterior.<\/p>\n<p>Estas hermosas campanillas de viento de coco han sido sensacionalmente hechas a mano en Indonesia y tienen un dise\u00f1o de drag\u00f3n natural.<\/p>\n<p>Una adici\u00f3n simplemente incre\u00edble y barata a cualquier hogar o jard\u00edn. Se producen maravillosos tonos naturales que le dar\u00e1n una tranquilidad total.<\/p>\n<p>Tiene una longitud de 50 cm y una envergadura de aproximadamente 30 cm y cuelga 40 cm hacia abajo de su gancho.<\/p>\n<p><strong>P\u00eddalo hoy y v\u00e9alos volar fuera de su tienda.<\/strong><\/p>\n","protected":false},"excerpt":{"rendered":"<p>Esta Campanilla de viento de drag\u00f3n de coco al por mayor es una pieza de decoraci\u00f3n de aspecto encantador que se adaptar\u00eda tanto a un ambiente interior como exterior. Estas hermosas campanillas de viento de coco han sido sensacionalmente hechas a mano en Indonesia y tienen un dise\u00f1o de drag\u00f3n natural. Una adici\u00f3n simplemente incre\u00edble [&hellip;]<\/p>\n","protected":false},"featured_media":363205,"comment_status":"closed","ping_status":"open","template":"","meta":[],"product_brand":[],"product_cat":[14456],"product_tag":[],"class_list":{"0":"post-229434","1":"product","2":"type-product","3":"status-publish","4":"has-post-thumbnail","6":"product_cat-decoracion-hogar-y-jardin","7":"pa_collection-coconut-dragon-mobiles-es","8":"pa_made-in-indonesia","10":"first","11":"instock","12":"purchasable","13":"product-type-simple"},"supplier_id":null,"supplier_sku":"CocoD-06","barcode":null,"atum_controlled":true,"out_stock_date":null,"out_stock_threshold":null,"inheritable":false,"inbound_stock":null,"stock_on_hold":0,"sold_today":0,"sales_last_days":0,"reserved_stock":null,"customer_returns":null,"warehouse_damage":null,"lost_in_post":null,"other_logs":null,"out_stock_days":0,"lost_sales":0,"has_location":null,"update_date":"2026-01-30T01:25:25","atum_locations":[],"atum_stock_status":"instock","restock_status":false,"low_stock_amount":"","sales_update_date":"2026-01-30T01:25:25","calc_backorders":null,"_links":{"self":[{"href":"https:\/\/aromasentia.com\/es\/wp-json\/wp\/v2\/product\/229434","targetHints":{"allow":["GET"]}}],"collection":[{"href":"https:\/\/aromasentia.com\/es\/wp-json\/wp\/v2\/product"}],"about":[{"href":"https:\/\/aromasentia.com\/es\/wp-json\/wp\/v2\/types\/product"}],"replies":[{"embeddable":true,"href":"https:\/\/aromasentia.com\/es\/wp-json\/wp\/v2\/comments?post=229434"}],"version-history":[{"count":0,"href":"https:\/\/aromasentia.com\/es\/wp-json\/wp\/v2\/product\/229434\/revisions"}],"wp:featuredmedia":[{"embeddable":true,"href":"https:\/\/aromasentia.com\/es\/wp-json\/wp\/v2\/media\/363205"}],"wp:attachment":[{"href":"https:\/\/aromasentia.com\/es\/wp-json\/wp\/v2\/media?parent=229434"}],"wp:term":[{"taxonomy":"product_brand","embeddable":true,"href":"https:\/\/aromasentia.com\/es\/wp-json\/wp\/v2\/product_brand?post=229434"},{"taxonomy":"product_cat","embeddable":true,"href":"https:\/\/aromasentia.com\/es\/wp-json\/wp\/v2\/product_cat?post=229434"},{"taxonomy":"product_tag","embeddable":true,"href":"https:\/\/aromasentia.com\/es\/wp-json\/wp\/v2\/product_tag?post=229434"}],"curies":[{"name":"wp","href":"https:\/\/api.w.org\/{rel}","templated":true}]}}