{"id":229430,"date":"2025-03-22T16:05:00","date_gmt":"2025-03-22T16:05:00","guid":{"rendered":"https:\/\/aromasentia.com\/product\/lrg-nat-coconut-dragon-mobile-46cm\/"},"modified":"2025-12-30T21:30:25","modified_gmt":"2025-12-30T21:30:25","slug":"dragon-volador-largo-46cm","status":"publish","type":"product","link":"https:\/\/aromasentia.com\/es\/dragon-volador-largo-46cm\/","title":{"rendered":"Drag\u00f3n Volador Largo 46cm"},"content":{"rendered":"<p>Este artesanal <strong>m\u00f3vil drag\u00f3n de coco<\/strong><strong>&nbsp;Natural grande&nbsp;<\/strong><strong>M\u00f3vil drag\u00f3n de coco<\/strong> ser\u00e1 una brillante adici\u00f3n a su tienda.<\/p>\n<p>Fabricado en Indonesia este precioso m\u00f3vil drag\u00f3n tiene aproximadamente una envergadura de 46 cm y una longitud de 40 cm y cuelga 40 cm hacia abajo de su gancho.<\/p>\n<p>Simplemente cuelgue este hermoso drag\u00f3n volador en el interior o en el exterior&#8230; preferiblemente en su jard\u00edn y m\u00edrelo volar alrededor.<\/p>\n<p><strong>Pida hoy y v\u00e9alos volar fuera de su tienda.<\/strong><\/p>\n","protected":false},"excerpt":{"rendered":"<p>Este artesanal m\u00f3vil drag\u00f3n de coco&nbsp;Natural grande&nbsp;M\u00f3vil drag\u00f3n de coco ser\u00e1 una brillante adici\u00f3n a su tienda. Fabricado en Indonesia este precioso m\u00f3vil drag\u00f3n tiene aproximadamente una envergadura de 46 cm y una longitud de 40 cm y cuelga 40 cm hacia abajo de su gancho. Simplemente cuelgue este hermoso drag\u00f3n volador en el interior [&hellip;]<\/p>\n","protected":false},"featured_media":363196,"comment_status":"closed","ping_status":"open","template":"","meta":[],"product_brand":[],"product_cat":[14456],"product_tag":[],"class_list":{"0":"post-229430","1":"product","2":"type-product","3":"status-publish","4":"has-post-thumbnail","6":"product_cat-decoracion-hogar-y-jardin","7":"pa_collection-coconut-dragon-mobiles-es","8":"pa_made-in-indonesia","10":"first","11":"instock","12":"purchasable","13":"product-type-simple"},"supplier_id":null,"supplier_sku":"CocoD-04","barcode":null,"atum_controlled":true,"out_stock_date":null,"out_stock_threshold":null,"inheritable":false,"inbound_stock":null,"stock_on_hold":0,"sold_today":0,"sales_last_days":0,"reserved_stock":null,"customer_returns":null,"warehouse_damage":null,"lost_in_post":null,"other_logs":null,"out_stock_days":0,"lost_sales":0,"has_location":null,"update_date":"2026-02-06T00:02:33","atum_locations":[],"atum_stock_status":"instock","restock_status":false,"low_stock_amount":"","sales_update_date":"2026-02-06T00:02:33","calc_backorders":null,"_links":{"self":[{"href":"https:\/\/aromasentia.com\/es\/wp-json\/wp\/v2\/product\/229430","targetHints":{"allow":["GET"]}}],"collection":[{"href":"https:\/\/aromasentia.com\/es\/wp-json\/wp\/v2\/product"}],"about":[{"href":"https:\/\/aromasentia.com\/es\/wp-json\/wp\/v2\/types\/product"}],"replies":[{"embeddable":true,"href":"https:\/\/aromasentia.com\/es\/wp-json\/wp\/v2\/comments?post=229430"}],"version-history":[{"count":0,"href":"https:\/\/aromasentia.com\/es\/wp-json\/wp\/v2\/product\/229430\/revisions"}],"wp:featuredmedia":[{"embeddable":true,"href":"https:\/\/aromasentia.com\/es\/wp-json\/wp\/v2\/media\/363196"}],"wp:attachment":[{"href":"https:\/\/aromasentia.com\/es\/wp-json\/wp\/v2\/media?parent=229430"}],"wp:term":[{"taxonomy":"product_brand","embeddable":true,"href":"https:\/\/aromasentia.com\/es\/wp-json\/wp\/v2\/product_brand?post=229430"},{"taxonomy":"product_cat","embeddable":true,"href":"https:\/\/aromasentia.com\/es\/wp-json\/wp\/v2\/product_cat?post=229430"},{"taxonomy":"product_tag","embeddable":true,"href":"https:\/\/aromasentia.com\/es\/wp-json\/wp\/v2\/product_tag?post=229430"}],"curies":[{"name":"wp","href":"https:\/\/api.w.org\/{rel}","templated":true}]}}