{"id":229338,"date":"2025-03-22T16:05:00","date_gmt":"2025-03-22T16:05:00","guid":{"rendered":"https:\/\/aromasentia.com\/product\/classic-cushion-cover-maze-black-40x40cm\/"},"modified":"2025-12-30T21:29:56","modified_gmt":"2025-12-30T21:29:56","slug":"funda-de-cojin-clasico-laberinto-negro-40x40cm","status":"publish","type":"product","link":"https:\/\/aromasentia.com\/es\/funda-de-cojin-clasico-laberinto-negro-40x40cm\/","title":{"rendered":"Funda de Coj\u00edn Cl\u00e1sico &#8211; Laberinto Negro &#8211; 40x40cm"},"content":{"rendered":"<p>Las fundas de almohada cl\u00e1sicas indias son extremadamente decorativas, con dise\u00f1os y patrones geom\u00e9tricos tradicionales indios. Hechas de algod\u00f3n de alta calidad en colores neutros como beige, gris o negro.<br style=\"box-sizing: inherit; color: rgb(29, 28, 29); font-family: Slack-Lato, Slack-Fracciones, appleLogo, sans-serif; font-size: 15px; font-style: normal; font-variant-ligatures: common-ligatures; font-variant-caps: normal; font-weight: 400; letter-spacing: normal; orphans: 2; text-align: left; text-indent: 0px; text-transform: none; white-space: normal; widows: 2; word-spacing: 0px; -webkit-text-stroke-width: 0px; background-color: rgb(255, 255, 255); text-decoration-thickness: initial; text-decoration-style: initial; text-decoration-color: initial;\">Estos colores neutros los hacen vers\u00e1tiles y f\u00e1ciles de mezclar y combinar con otros estilos de d&eacute;cor.<\/p>\n<p>&nbsp;Pueden utilizarse en una gran variedad de habitaciones, incluyendo salones, dormitorios e incluso exteriores. Una elecci\u00f3n popular para aquellos que quieren a\u00f1adir un toque de dise\u00f1o tradicional indio a la decoraci\u00f3n de su hogar. <\/p>\n<p><em>Tama\u00f1o: 40&#215;40 cm<\/em><\/p>\n<p><strong>Interior no incluido &#8211; puede pedirlo por separado<\/strong><a href=\"https:\/\/aromasentia. com\/inner\"><u>.com\/inner\u00bb><u><strong>aqu\u00ed<\/strong><\/u><\/a><strong>.&nbsp;<\/strong><\/p>\n","protected":false},"excerpt":{"rendered":"<p>Las fundas de almohada cl\u00e1sicas indias son extremadamente decorativas, con dise\u00f1os y patrones geom\u00e9tricos tradicionales indios. Hechas de algod\u00f3n de alta calidad en colores neutros como beige, gris o negro.Estos colores neutros los hacen vers\u00e1tiles y f\u00e1ciles de mezclar y combinar con otros estilos de d&eacute;cor. &nbsp;Pueden utilizarse en una gran variedad de habitaciones, incluyendo [&hellip;]<\/p>\n","protected":false},"featured_media":362429,"comment_status":"closed","ping_status":"open","template":"","meta":{"_angie_page":false},"product_brand":[],"product_cat":[14456,17817,16875],"product_tag":[],"class_list":{"0":"post-229338","1":"product","2":"type-product","3":"status-publish","4":"has-post-thumbnail","6":"product_cat-decoracion-hogar-y-jardin","7":"product_cat-fundas-de-cojin","8":"product_cat-textiles","9":"pa_collection-classic-cushion-cover-es","10":"pa_made-in-india","12":"first","13":"instock","14":"purchasable","15":"product-type-simple"},"supplier_id":null,"supplier_sku":"CICC-05","barcode":null,"atum_controlled":true,"out_stock_date":null,"out_stock_threshold":null,"inheritable":false,"inbound_stock":null,"stock_on_hold":0,"sold_today":0,"sales_last_days":0,"reserved_stock":null,"customer_returns":null,"warehouse_damage":null,"lost_in_post":null,"other_logs":null,"out_stock_days":0,"lost_sales":0,"has_location":null,"update_date":"2026-04-27T06:57:29","atum_locations":[],"atum_stock_status":"instock","restock_status":false,"low_stock_amount":"","sales_update_date":"2026-01-30T01:25:48","calc_backorders":null,"_links":{"self":[{"href":"https:\/\/aromasentia.com\/es\/wp-json\/wp\/v2\/product\/229338","targetHints":{"allow":["GET"]}}],"collection":[{"href":"https:\/\/aromasentia.com\/es\/wp-json\/wp\/v2\/product"}],"about":[{"href":"https:\/\/aromasentia.com\/es\/wp-json\/wp\/v2\/types\/product"}],"replies":[{"embeddable":true,"href":"https:\/\/aromasentia.com\/es\/wp-json\/wp\/v2\/comments?post=229338"}],"version-history":[{"count":0,"href":"https:\/\/aromasentia.com\/es\/wp-json\/wp\/v2\/product\/229338\/revisions"}],"wp:featuredmedia":[{"embeddable":true,"href":"https:\/\/aromasentia.com\/es\/wp-json\/wp\/v2\/media\/362429"}],"wp:attachment":[{"href":"https:\/\/aromasentia.com\/es\/wp-json\/wp\/v2\/media?parent=229338"}],"wp:term":[{"taxonomy":"product_brand","embeddable":true,"href":"https:\/\/aromasentia.com\/es\/wp-json\/wp\/v2\/product_brand?post=229338"},{"taxonomy":"product_cat","embeddable":true,"href":"https:\/\/aromasentia.com\/es\/wp-json\/wp\/v2\/product_cat?post=229338"},{"taxonomy":"product_tag","embeddable":true,"href":"https:\/\/aromasentia.com\/es\/wp-json\/wp\/v2\/product_tag?post=229338"}],"curies":[{"name":"wp","href":"https:\/\/api.w.org\/{rel}","templated":true}]}}