{"id":229234,"date":"2025-03-22T16:05:12","date_gmt":"2025-03-22T16:05:12","guid":{"rendered":"https:\/\/aromasentia.com\/product\/protection-dream-cather-lrg-macrame-eye-white-gey-brown\/"},"modified":"2025-12-30T21:29:40","modified_gmt":"2025-12-30T21:29:40","slug":"atrapasuenos-lrg-macrame-ojo-blanco-gris-marron","status":"publish","type":"product","link":"https:\/\/aromasentia.com\/es\/atrapasuenos-lrg-macrame-ojo-blanco-gris-marron\/","title":{"rendered":"Atrapasue\u00f1os &#8211; Lrg Macram\u00e9 Ojo Blanco \/ Gris \/ Marr\u00f3n"},"content":{"rendered":"<p>En muchas culturas antiguas el Mal de Ojo es un s\u00edmbolo de protecci\u00f3n contra el mal. Esta combinaci\u00f3n de Atrapasue\u00f1os y Mal de Ojo invoca la magia de ambos.<\/p>\n<p>Sus clientes pueden colgarlo en el dormitorio para protegerse de las pesadillas malignas &#8211; los buenos sue\u00f1os pasan a trav\u00e9s del atrapasue\u00f1os y los malos se enredan en la telara\u00f1a y perecen con la primera luz del amanecer.<\/p>\n<p>Los atrapasue\u00f1os son siempre populares, esta gama es algo especial combinado con los elementos del mal de ojo. &nbsp;Tambi\u00e9n te puede gustar&nbsp;<\/p>\n<p><a class=\"fr-verde\" href=\"https:\/\/aromasentia.com\/mdc\"><strong>Pastel Macram&eacute; Atrapasue\u00f1os.<\/strong><\/a><\/p>\n<p>Hechos a mano con detalles de macram\u00e9 y marcos de rat\u00e1n natural. Un regalo maravillosamente hecho a mano con dise\u00f1os vibrantes que encantar\u00e1n a sus clientes.<\/p>\n<p>Pida hoy y consiga unas ventas extra.<\/p>\n<p><strong>Tama\u00f1os: &nbsp;Marco Dream Cather 70x1x23cm &nbsp;con plumas 70x1x23x85cm<\/strong><\/p>\n","protected":false},"excerpt":{"rendered":"<p>En muchas culturas antiguas el Mal de Ojo es un s\u00edmbolo de protecci\u00f3n contra el mal. Esta combinaci\u00f3n de Atrapasue\u00f1os y Mal de Ojo invoca la magia de ambos. Sus clientes pueden colgarlo en el dormitorio para protegerse de las pesadillas malignas &#8211; los buenos sue\u00f1os pasan a trav\u00e9s del atrapasue\u00f1os y los malos se [&hellip;]<\/p>\n","protected":false},"featured_media":366115,"comment_status":"closed","ping_status":"open","template":"","meta":[],"product_brand":[],"product_cat":[14456,14457,14066],"product_tag":[],"class_list":{"0":"post-229234","1":"product","2":"type-product","3":"status-publish","4":"has-post-thumbnail","6":"product_cat-decoracion-hogar-y-jardin","7":"product_cat-macrame-y-atrapasuenos","8":"product_cat-regalos-vintage-y-souvenir","9":"pa_collection-protection-dream-catcher-es","10":"pa_made-in-indonesia","12":"first","13":"instock","14":"purchasable","15":"product-type-simple"},"supplier_id":null,"supplier_sku":"EyeDC-01","barcode":null,"atum_controlled":true,"out_stock_date":null,"out_stock_threshold":null,"inheritable":false,"inbound_stock":null,"stock_on_hold":0,"sold_today":0,"sales_last_days":0,"reserved_stock":null,"customer_returns":null,"warehouse_damage":null,"lost_in_post":null,"other_logs":null,"out_stock_days":0,"lost_sales":0,"has_location":null,"update_date":"2026-01-30T01:26:38","atum_locations":[],"atum_stock_status":"instock","restock_status":false,"low_stock_amount":"","sales_update_date":"2026-01-30T01:26:38","calc_backorders":null,"_links":{"self":[{"href":"https:\/\/aromasentia.com\/es\/wp-json\/wp\/v2\/product\/229234","targetHints":{"allow":["GET"]}}],"collection":[{"href":"https:\/\/aromasentia.com\/es\/wp-json\/wp\/v2\/product"}],"about":[{"href":"https:\/\/aromasentia.com\/es\/wp-json\/wp\/v2\/types\/product"}],"replies":[{"embeddable":true,"href":"https:\/\/aromasentia.com\/es\/wp-json\/wp\/v2\/comments?post=229234"}],"version-history":[{"count":0,"href":"https:\/\/aromasentia.com\/es\/wp-json\/wp\/v2\/product\/229234\/revisions"}],"wp:featuredmedia":[{"embeddable":true,"href":"https:\/\/aromasentia.com\/es\/wp-json\/wp\/v2\/media\/366115"}],"wp:attachment":[{"href":"https:\/\/aromasentia.com\/es\/wp-json\/wp\/v2\/media?parent=229234"}],"wp:term":[{"taxonomy":"product_brand","embeddable":true,"href":"https:\/\/aromasentia.com\/es\/wp-json\/wp\/v2\/product_brand?post=229234"},{"taxonomy":"product_cat","embeddable":true,"href":"https:\/\/aromasentia.com\/es\/wp-json\/wp\/v2\/product_cat?post=229234"},{"taxonomy":"product_tag","embeddable":true,"href":"https:\/\/aromasentia.com\/es\/wp-json\/wp\/v2\/product_tag?post=229234"}],"curies":[{"name":"wp","href":"https:\/\/api.w.org\/{rel}","templated":true}]}}