{"id":229194,"date":"2025-03-22T16:05:12","date_gmt":"2025-03-22T16:05:12","guid":{"rendered":"https:\/\/aromasentia.com\/product\/lrg-diy-peg-photo-frames-mozart\/"},"modified":"2025-12-30T21:29:32","modified_gmt":"2025-12-30T21:29:32","slug":"lrg-diy-peg-photo-frames-mozart","status":"publish","type":"product","link":"https:\/\/aromasentia.com\/es\/lrg-diy-peg-photo-frames-mozart\/","title":{"rendered":"Lrg DIY Peg Photo Frames &#8211; Mozart"},"content":{"rendered":"<p>Exhibe tus recuerdos m\u00e1s preciados con este marco de fotos grande con pinzas &#8211; Mozart. Este creativo marco de fotos te permite exponer f\u00e1cilmente varias fotos, notas o recuerdos utilizando peque\u00f1as clavijas o clips, todo ello dentro de un gran marco con tem\u00e1tica \u00abMozart\u00bb, quiz\u00e1s con motivos musicales o un estilo cl\u00e1sico y elegante. Perfecto para mostrar una colecci\u00f3n de recuerdos de forma divertida, intercambiable y art\u00edstica, a\u00f1ade un toque personalizado y ligeramente vintage o cultural a la decoraci\u00f3n de tu pared.<\/p>\n","protected":false},"excerpt":{"rendered":"<p>Exhibe tus recuerdos m\u00e1s preciados con este marco de fotos grande con pinzas &#8211; Mozart. Este creativo marco de fotos te permite exponer f\u00e1cilmente varias fotos, notas o recuerdos utilizando peque\u00f1as clavijas o clips, todo ello dentro de un gran marco con tem\u00e1tica \u00abMozart\u00bb, quiz\u00e1s con motivos musicales o un estilo cl\u00e1sico y elegante. Perfecto [&hellip;]<\/p>\n","protected":false},"featured_media":365841,"comment_status":"closed","ping_status":"open","template":"","meta":[],"product_brand":[],"product_cat":[14456],"product_tag":[],"class_list":{"0":"post-229194","1":"product","2":"type-product","3":"status-publish","4":"has-post-thumbnail","6":"product_cat-decoracion-hogar-y-jardin","7":"pa_made-in-china","9":"first","10":"instock","11":"purchasable","12":"product-type-simple"},"supplier_id":null,"supplier_sku":"DMPF-02","barcode":null,"atum_controlled":true,"out_stock_date":null,"out_stock_threshold":null,"inheritable":false,"inbound_stock":null,"stock_on_hold":0,"sold_today":0,"sales_last_days":0,"reserved_stock":null,"customer_returns":null,"warehouse_damage":null,"lost_in_post":null,"other_logs":null,"out_stock_days":0,"lost_sales":0,"has_location":null,"update_date":"2026-01-30T01:25:24","atum_locations":[],"atum_stock_status":"instock","restock_status":false,"low_stock_amount":"","sales_update_date":"2026-01-30T01:25:24","calc_backorders":null,"_links":{"self":[{"href":"https:\/\/aromasentia.com\/es\/wp-json\/wp\/v2\/product\/229194","targetHints":{"allow":["GET"]}}],"collection":[{"href":"https:\/\/aromasentia.com\/es\/wp-json\/wp\/v2\/product"}],"about":[{"href":"https:\/\/aromasentia.com\/es\/wp-json\/wp\/v2\/types\/product"}],"replies":[{"embeddable":true,"href":"https:\/\/aromasentia.com\/es\/wp-json\/wp\/v2\/comments?post=229194"}],"version-history":[{"count":0,"href":"https:\/\/aromasentia.com\/es\/wp-json\/wp\/v2\/product\/229194\/revisions"}],"wp:featuredmedia":[{"embeddable":true,"href":"https:\/\/aromasentia.com\/es\/wp-json\/wp\/v2\/media\/365841"}],"wp:attachment":[{"href":"https:\/\/aromasentia.com\/es\/wp-json\/wp\/v2\/media?parent=229194"}],"wp:term":[{"taxonomy":"product_brand","embeddable":true,"href":"https:\/\/aromasentia.com\/es\/wp-json\/wp\/v2\/product_brand?post=229194"},{"taxonomy":"product_cat","embeddable":true,"href":"https:\/\/aromasentia.com\/es\/wp-json\/wp\/v2\/product_cat?post=229194"},{"taxonomy":"product_tag","embeddable":true,"href":"https:\/\/aromasentia.com\/es\/wp-json\/wp\/v2\/product_tag?post=229194"}],"curies":[{"name":"wp","href":"https:\/\/api.w.org\/{rel}","templated":true}]}}