{"id":229134,"date":"2025-03-22T16:05:12","date_gmt":"2025-03-22T16:05:12","guid":{"rendered":"https:\/\/aromasentia.com\/product\/three-stick-flexible-green-white-blue\/"},"modified":"2025-12-30T21:29:16","modified_gmt":"2025-12-30T21:29:16","slug":"tres-palos-flexible-verde-blanco-azul","status":"publish","type":"product","link":"https:\/\/aromasentia.com\/es\/tres-palos-flexible-verde-blanco-azul\/","title":{"rendered":"Tres Palos Flexible &#8211; Verde \/ Blanco \/ Azul"},"content":{"rendered":"<p>Lleve la naturaleza a su interior con estas preciosas campanas de viento de cristal. Hechas a mano en Indonesia por artesanos expertos utilizando vidrio reciclado y madera de deriva, una gran manera de reciclar el vidrio de desecho, tambi\u00e9n es un gran regalo ecol\u00f3gico.<\/p>\n<p>El sonido del vidrio es muy delicado y encantador, las campanas de cristal colgantes proporcionan un ruido suave, pac\u00edfico y tintineante cuando cogen el viento.<\/p>\n<p>Mucha gente cree que, las campanas de viento protegen el entorno de los malos esp\u00edritus y la energ\u00eda negativa. Estas <strong>Campanas de Cristal de Driftwood<\/strong> est\u00e1n listas para colgar; sus clientes pueden utilizarlas en interiores o exteriores. Tambi\u00e9n puede crear una pantalla llamativa en su tienda con estas campanas de viento que ayudar\u00e1n a atraer a los clientes a su tienda. Tambi\u00e9n te puede gustar <a class=\"fr-verde\" href=\"https:\/\/aromasentia.com\/bdc\"><strong>Recoge Sue\u00f1os Naturales Bali.<\/strong><\/a><\/p>\n<p><strong>Gran regalo ecol\u00f3gico; arte reciclado; hecho a mano &#8211; listo para exponer<\/strong><\/p>\n<p>Medidas desde la madera de deriva hasta el fondo: H:40cm Peso: 700g<\/p>\n<p>Longitud del primer Driftwood: 20cm &#8211; Segundo Driftwood 18cm y tercero 16cm<\/p>\n<p><strong>Consigue que tus cajas suenen al hacer tu pedido ahora<\/strong><\/p>\n","protected":false},"excerpt":{"rendered":"<p>Lleve la naturaleza a su interior con estas preciosas campanas de viento de cristal. Hechas a mano en Indonesia por artesanos expertos utilizando vidrio reciclado y madera de deriva, una gran manera de reciclar el vidrio de desecho, tambi\u00e9n es un gran regalo ecol\u00f3gico. El sonido del vidrio es muy delicado y encantador, las campanas [&hellip;]<\/p>\n","protected":false},"featured_media":367531,"comment_status":"closed","ping_status":"open","template":"","meta":{"_angie_page":false},"product_brand":[],"product_cat":[17984,14456],"product_tag":[],"class_list":{"0":"post-229134","1":"product","2":"type-product","3":"status-publish","4":"has-post-thumbnail","6":"product_cat-campanas-de-viento","7":"product_cat-decoracion-hogar-y-jardin","8":"pa_collection-recycled-glass-wind-chimes-es","9":"pa_made-in-indonesia","11":"first","12":"instock","13":"purchasable","14":"product-type-simple"},"supplier_id":null,"supplier_sku":"GWC-04","barcode":null,"atum_controlled":true,"out_stock_date":null,"out_stock_threshold":null,"inheritable":false,"inbound_stock":null,"stock_on_hold":0,"sold_today":0,"sales_last_days":0,"reserved_stock":null,"customer_returns":null,"warehouse_damage":null,"lost_in_post":null,"other_logs":null,"out_stock_days":0,"lost_sales":0,"has_location":null,"update_date":"2026-05-08T05:10:47","atum_locations":[],"atum_stock_status":"instock","restock_status":false,"low_stock_amount":"","sales_update_date":"2026-01-30T01:24:24","calc_backorders":null,"_links":{"self":[{"href":"https:\/\/aromasentia.com\/es\/wp-json\/wp\/v2\/product\/229134","targetHints":{"allow":["GET"]}}],"collection":[{"href":"https:\/\/aromasentia.com\/es\/wp-json\/wp\/v2\/product"}],"about":[{"href":"https:\/\/aromasentia.com\/es\/wp-json\/wp\/v2\/types\/product"}],"replies":[{"embeddable":true,"href":"https:\/\/aromasentia.com\/es\/wp-json\/wp\/v2\/comments?post=229134"}],"version-history":[{"count":0,"href":"https:\/\/aromasentia.com\/es\/wp-json\/wp\/v2\/product\/229134\/revisions"}],"wp:featuredmedia":[{"embeddable":true,"href":"https:\/\/aromasentia.com\/es\/wp-json\/wp\/v2\/media\/367531"}],"wp:attachment":[{"href":"https:\/\/aromasentia.com\/es\/wp-json\/wp\/v2\/media?parent=229134"}],"wp:term":[{"taxonomy":"product_brand","embeddable":true,"href":"https:\/\/aromasentia.com\/es\/wp-json\/wp\/v2\/product_brand?post=229134"},{"taxonomy":"product_cat","embeddable":true,"href":"https:\/\/aromasentia.com\/es\/wp-json\/wp\/v2\/product_cat?post=229134"},{"taxonomy":"product_tag","embeddable":true,"href":"https:\/\/aromasentia.com\/es\/wp-json\/wp\/v2\/product_tag?post=229134"}],"curies":[{"name":"wp","href":"https:\/\/api.w.org\/{rel}","templated":true}]}}