{"id":229014,"date":"2025-03-22T16:05:12","date_gmt":"2025-03-22T16:05:12","guid":{"rendered":"https:\/\/aromasentia.com\/product\/grand-cadre-en-fer-ganpati-en-relief-dore-antique-07x1m\/"},"modified":"2025-12-30T21:28:52","modified_gmt":"2025-12-30T21:28:52","slug":"gran-relieve-de-ganapati-dorado-antiguo","status":"publish","type":"product","link":"https:\/\/aromasentia.com\/es\/gran-relieve-de-ganapati-dorado-antiguo\/","title":{"rendered":"Gran Relieve de Ganapati Dorado Antiguo"},"content":{"rendered":"<p>Decore los espacios de sus clientes con los incre\u00edbles relieves de Ganesha de Aroma Sentia Espa\u00f1a, una de las deidades m\u00e1s veneradas en la tradici\u00f3n hind\u00fa.&nbsp;<\/p>\n<p><strong>\u00bfQu\u00e9 significa o representa la Ganesha?<\/strong><\/p>\n<p>La <strong>cabeza de elefante de Ganapati o Ganesha&nbsp;<\/strong>es uno de sus rasgos m\u00e1s distintivos. El <strong>elefante<\/strong>, en la cultura hind\u00fa simboliza la fuerza o <strong>sabidur\u00eda<\/strong>. &nbsp;El <strong>cuerpo&nbsp;<\/strong>es <strong>humano<\/strong>, lo que indica que es un <strong>dios que comprende la experiencia humana<\/strong>. &nbsp;El <strong>hacha&nbsp;<\/strong>simboliza la <strong>eliminaci\u00f3n&nbsp;<\/strong>de lo <strong>negativo<\/strong>. El cord\u00f3n o <strong>cuerda<\/strong>, simboliza la <strong>uni\u00f3n&nbsp;<\/strong>de la <strong>humanidad&nbsp;<\/strong>con lo <strong>divino<\/strong>. El <strong>dulce&nbsp;<\/strong>que contiene en la mano hace referencia a la <strong>recompensa&nbsp;<\/strong>o placer de la vida. Y finalmente la <strong>flor de loto<\/strong>, que simboliza la <strong>pureza&nbsp;<\/strong>y la <strong>sabidur\u00eda<\/strong>.<\/p>\n<p><strong>Este producto ha sido elaborado a mano en Indonesia.<\/strong><\/p>\n<p>Las medidas del producto es: 0.7x1m<strong><br \/><\/strong><\/p>\n<p>&nbsp;NOTA: Este producto est\u00e1 sujeto a la implementaci\u00f3n de costes de env\u00edo para islas baleares o islas canarias debido dimensiones. Por otro lado, para otros destinos se podr\u00e1n aplicar gastos de env\u00edo debido a sus dimensiones. Adem\u00e1s, aceptamos reservas para la compra de este art\u00edculo.&nbsp;<strong><\/p>\n<p><\/strong><\/p>\n","protected":false},"excerpt":{"rendered":"<p>Decore los espacios de sus clientes con los incre\u00edbles relieves de Ganesha de Aroma Sentia Espa\u00f1a, una de las deidades m\u00e1s veneradas en la tradici\u00f3n hind\u00fa.&nbsp; \u00bfQu\u00e9 significa o representa la Ganesha? La cabeza de elefante de Ganapati o Ganesha&nbsp;es uno de sus rasgos m\u00e1s distintivos. El elefante, en la cultura hind\u00fa simboliza la fuerza [&hellip;]<\/p>\n","protected":false},"featured_media":366813,"comment_status":"closed","ping_status":"open","template":"","meta":{"_angie_page":false},"product_brand":[],"product_cat":[14456,16982],"product_tag":[],"class_list":{"0":"post-229014","1":"product","2":"type-product","3":"status-publish","4":"has-post-thumbnail","6":"product_cat-decoracion-hogar-y-jardin","7":"product_cat-estatuas-y-figuras","8":"pa_collection-extra-large-buddha-statues-es","9":"pa_made-in-indonesia","11":"first","12":"instock","13":"purchasable","14":"product-type-simple"},"supplier_id":null,"supplier_sku":"GAS-12","barcode":null,"atum_controlled":true,"out_stock_date":null,"out_stock_threshold":null,"inheritable":false,"inbound_stock":null,"stock_on_hold":0,"sold_today":0,"sales_last_days":0,"reserved_stock":null,"customer_returns":null,"warehouse_damage":null,"lost_in_post":null,"other_logs":null,"out_stock_days":0,"lost_sales":0,"has_location":null,"update_date":"2026-04-27T07:04:52","atum_locations":[],"atum_stock_status":"instock","restock_status":false,"low_stock_amount":"","sales_update_date":"2025-09-05T00:28:25","calc_backorders":null,"_links":{"self":[{"href":"https:\/\/aromasentia.com\/es\/wp-json\/wp\/v2\/product\/229014","targetHints":{"allow":["GET"]}}],"collection":[{"href":"https:\/\/aromasentia.com\/es\/wp-json\/wp\/v2\/product"}],"about":[{"href":"https:\/\/aromasentia.com\/es\/wp-json\/wp\/v2\/types\/product"}],"replies":[{"embeddable":true,"href":"https:\/\/aromasentia.com\/es\/wp-json\/wp\/v2\/comments?post=229014"}],"version-history":[{"count":0,"href":"https:\/\/aromasentia.com\/es\/wp-json\/wp\/v2\/product\/229014\/revisions"}],"wp:featuredmedia":[{"embeddable":true,"href":"https:\/\/aromasentia.com\/es\/wp-json\/wp\/v2\/media\/366813"}],"wp:attachment":[{"href":"https:\/\/aromasentia.com\/es\/wp-json\/wp\/v2\/media?parent=229014"}],"wp:term":[{"taxonomy":"product_brand","embeddable":true,"href":"https:\/\/aromasentia.com\/es\/wp-json\/wp\/v2\/product_brand?post=229014"},{"taxonomy":"product_cat","embeddable":true,"href":"https:\/\/aromasentia.com\/es\/wp-json\/wp\/v2\/product_cat?post=229014"},{"taxonomy":"product_tag","embeddable":true,"href":"https:\/\/aromasentia.com\/es\/wp-json\/wp\/v2\/product_tag?post=229014"}],"curies":[{"name":"wp","href":"https:\/\/api.w.org\/{rel}","templated":true}]}}