{"id":228986,"date":"2025-03-22T16:05:12","date_gmt":"2025-03-22T16:05:12","guid":{"rendered":"https:\/\/aromasentia.com\/product\/handmade-felt-mobile-safari\/"},"modified":"2025-12-30T21:28:44","modified_gmt":"2025-12-30T21:28:44","slug":"movil-de-fieltro-hecho-a-mano-safari","status":"publish","type":"product","link":"https:\/\/aromasentia.com\/es\/movil-de-fieltro-hecho-a-mano-safari\/","title":{"rendered":"M\u00f3vil de Fieltro hecho a mano &#8211; Safari"},"content":{"rendered":"<p>Decora los espacios de tus clientes con el m\u00f3vil de fieltro de <strong><span style=\"color: rgb(147, 101, 184);\">Aroma Sentia Espa\u00f1a.&nbsp;<\/span><\/strong><\/p>\n<p><strong>Un producto que no solo destacar\u00e1 en su tienda, sino que decorar\u00e1 espacios y aportar\u00e1 color donde lo coloques.&nbsp;<\/strong><\/p>\n<p>Ideal para aquellos que desean llenar una habitaci\u00f3n con magia y aventura.<strong>&nbsp;Tenga en cuenta que este producto ha sido elaborado a mano pieza a pieza, por lo que puede considerarse una pieza \u00fanica.&nbsp;<\/strong><\/p>\n","protected":false},"excerpt":{"rendered":"<p>Decora los espacios de tus clientes con el m\u00f3vil de fieltro de Aroma Sentia Espa\u00f1a.&nbsp; Un producto que no solo destacar\u00e1 en su tienda, sino que decorar\u00e1 espacios y aportar\u00e1 color donde lo coloques.&nbsp; Ideal para aquellos que desean llenar una habitaci\u00f3n con magia y aventura.&nbsp;Tenga en cuenta que este producto ha sido elaborado a [&hellip;]<\/p>\n","protected":false},"featured_media":366750,"comment_status":"closed","ping_status":"open","template":"","meta":[],"product_brand":[],"product_cat":[14456],"product_tag":[],"class_list":{"0":"post-228986","1":"product","2":"type-product","3":"status-publish","4":"has-post-thumbnail","6":"product_cat-decoracion-hogar-y-jardin","7":"pa_collection-handmade-felt-mobiles-es","8":"pa_made-in-nepal","10":"first","11":"instock","12":"purchasable","13":"product-type-simple"},"supplier_id":null,"supplier_sku":"FMbl-03","barcode":null,"atum_controlled":true,"out_stock_date":null,"out_stock_threshold":null,"inheritable":false,"inbound_stock":null,"stock_on_hold":0,"sold_today":0,"sales_last_days":0,"reserved_stock":null,"customer_returns":null,"warehouse_damage":null,"lost_in_post":null,"other_logs":null,"out_stock_days":0,"lost_sales":0,"has_location":null,"update_date":"2026-01-27T12:56:43","atum_locations":[],"atum_stock_status":"instock","restock_status":false,"low_stock_amount":"","sales_update_date":"2026-01-20T05:13:46","calc_backorders":null,"_links":{"self":[{"href":"https:\/\/aromasentia.com\/es\/wp-json\/wp\/v2\/product\/228986","targetHints":{"allow":["GET"]}}],"collection":[{"href":"https:\/\/aromasentia.com\/es\/wp-json\/wp\/v2\/product"}],"about":[{"href":"https:\/\/aromasentia.com\/es\/wp-json\/wp\/v2\/types\/product"}],"replies":[{"embeddable":true,"href":"https:\/\/aromasentia.com\/es\/wp-json\/wp\/v2\/comments?post=228986"}],"version-history":[{"count":0,"href":"https:\/\/aromasentia.com\/es\/wp-json\/wp\/v2\/product\/228986\/revisions"}],"wp:featuredmedia":[{"embeddable":true,"href":"https:\/\/aromasentia.com\/es\/wp-json\/wp\/v2\/media\/366750"}],"wp:attachment":[{"href":"https:\/\/aromasentia.com\/es\/wp-json\/wp\/v2\/media?parent=228986"}],"wp:term":[{"taxonomy":"product_brand","embeddable":true,"href":"https:\/\/aromasentia.com\/es\/wp-json\/wp\/v2\/product_brand?post=228986"},{"taxonomy":"product_cat","embeddable":true,"href":"https:\/\/aromasentia.com\/es\/wp-json\/wp\/v2\/product_cat?post=228986"},{"taxonomy":"product_tag","embeddable":true,"href":"https:\/\/aromasentia.com\/es\/wp-json\/wp\/v2\/product_tag?post=228986"}],"curies":[{"name":"wp","href":"https:\/\/api.w.org\/{rel}","templated":true}]}}