{"id":228858,"date":"2025-03-22T16:05:23","date_gmt":"2025-03-22T16:05:23","guid":{"rendered":"https:\/\/aromasentia.com\/product\/inner-cushion-75x50-cm-650gm\/"},"modified":"2025-12-30T21:28:20","modified_gmt":"2025-12-30T21:28:20","slug":"inner-cushion-75x50-cm-650gm","status":"publish","type":"product","link":"https:\/\/aromasentia.com\/es\/inner-cushion-75x50-cm-650gm\/","title":{"rendered":"Inner Cushion 75&#215;50 cm 650gm"},"content":{"rendered":"<p>A\u00f1ada un c\u00f3modo soporte a sus cojines rectangulares con este coj\u00edn interior de 75&#215;50 cm, que pesa 650 gramos. Este coj\u00edn interior bien relleno est\u00e1 dise\u00f1ado para ajustarse perfectamente a las fundas de coj\u00edn de 75&#215;50 cm, proporcionando 650 gramos de relleno de apoyo para una comodidad y forma \u00f3ptimas. Garantiza que sus cojines decorativos lumbares o de almohada tengan un aspecto mullido y acogedor, mejorando tanto la est\u00e9tica como la comodidad de sus asientos o camas con su soporte resistente y suave.<\/p>\n","protected":false},"excerpt":{"rendered":"<p>A\u00f1ada un c\u00f3modo soporte a sus cojines rectangulares con este coj\u00edn interior de 75&#215;50 cm, que pesa 650 gramos. Este coj\u00edn interior bien relleno est\u00e1 dise\u00f1ado para ajustarse perfectamente a las fundas de coj\u00edn de 75&#215;50 cm, proporcionando 650 gramos de relleno de apoyo para una comodidad y forma \u00f3ptimas. Garantiza que sus cojines decorativos [&hellip;]<\/p>\n","protected":false},"featured_media":369115,"comment_status":"closed","ping_status":"open","template":"","meta":[],"product_brand":[],"product_cat":[14456,17817,16875],"product_tag":[],"class_list":{"0":"post-228858","1":"product","2":"type-product","3":"status-publish","4":"has-post-thumbnail","6":"product_cat-decoracion-hogar-y-jardin","7":"product_cat-fundas-de-cojin","8":"product_cat-textiles","9":"pa_collection-inners-for-cushions-es","10":"pa_made-in-china","12":"first","13":"instock","14":"purchasable","15":"product-type-simple"},"supplier_id":null,"supplier_sku":"Inner-05DS","barcode":null,"atum_controlled":true,"out_stock_date":null,"out_stock_threshold":null,"inheritable":false,"inbound_stock":null,"stock_on_hold":0,"sold_today":0,"sales_last_days":0,"reserved_stock":null,"customer_returns":null,"warehouse_damage":null,"lost_in_post":null,"other_logs":null,"out_stock_days":0,"lost_sales":0,"has_location":null,"update_date":"2026-01-30T01:25:37","atum_locations":[],"atum_stock_status":"instock","restock_status":false,"low_stock_amount":"","sales_update_date":"2026-01-30T01:25:37","calc_backorders":null,"_links":{"self":[{"href":"https:\/\/aromasentia.com\/es\/wp-json\/wp\/v2\/product\/228858","targetHints":{"allow":["GET"]}}],"collection":[{"href":"https:\/\/aromasentia.com\/es\/wp-json\/wp\/v2\/product"}],"about":[{"href":"https:\/\/aromasentia.com\/es\/wp-json\/wp\/v2\/types\/product"}],"replies":[{"embeddable":true,"href":"https:\/\/aromasentia.com\/es\/wp-json\/wp\/v2\/comments?post=228858"}],"version-history":[{"count":0,"href":"https:\/\/aromasentia.com\/es\/wp-json\/wp\/v2\/product\/228858\/revisions"}],"wp:featuredmedia":[{"embeddable":true,"href":"https:\/\/aromasentia.com\/es\/wp-json\/wp\/v2\/media\/369115"}],"wp:attachment":[{"href":"https:\/\/aromasentia.com\/es\/wp-json\/wp\/v2\/media?parent=228858"}],"wp:term":[{"taxonomy":"product_brand","embeddable":true,"href":"https:\/\/aromasentia.com\/es\/wp-json\/wp\/v2\/product_brand?post=228858"},{"taxonomy":"product_cat","embeddable":true,"href":"https:\/\/aromasentia.com\/es\/wp-json\/wp\/v2\/product_cat?post=228858"},{"taxonomy":"product_tag","embeddable":true,"href":"https:\/\/aromasentia.com\/es\/wp-json\/wp\/v2\/product_tag?post=228858"}],"curies":[{"name":"wp","href":"https:\/\/api.w.org\/{rel}","templated":true}]}}