{"id":228854,"date":"2025-03-22T16:05:23","date_gmt":"2025-03-22T16:05:23","guid":{"rendered":"https:\/\/aromasentia.com\/product\/inner-cushion-60x60-cm-700gm\/"},"modified":"2025-12-30T21:28:20","modified_gmt":"2025-12-30T21:28:20","slug":"inner-cushion-60x60-cm-700gm","status":"publish","type":"product","link":"https:\/\/aromasentia.com\/es\/inner-cushion-60x60-cm-700gm\/","title":{"rendered":"Inner Cushion 60&#215;60 cm 700gm"},"content":{"rendered":"<p>Garantice la comodidad de sus cojines m\u00e1s grandes con este coj\u00edn interior de 60&#215;60 cm, que pesa 700 gramos. Este coj\u00edn interior de alta calidad est\u00e1 generosamente relleno con 700 gramos, proporcionando un excelente soporte para sus fundas de coj\u00edn decorativas de 60&#215;60 cm. Ayuda a crear un aspecto y tacto lujoso, asegurando que sus cojines no s\u00f3lo sean elegantes sino tambi\u00e9n maravillosamente c\u00f3modos para descansar y relajarse. Un relleno perfecto para conseguir el relleno perfecto y una suavidad acogedora.<\/p>\n","protected":false},"excerpt":{"rendered":"<p>Garantice la comodidad de sus cojines m\u00e1s grandes con este coj\u00edn interior de 60&#215;60 cm, que pesa 700 gramos. Este coj\u00edn interior de alta calidad est\u00e1 generosamente relleno con 700 gramos, proporcionando un excelente soporte para sus fundas de coj\u00edn decorativas de 60&#215;60 cm. Ayuda a crear un aspecto y tacto lujoso, asegurando que sus [&hellip;]<\/p>\n","protected":false},"featured_media":369106,"comment_status":"closed","ping_status":"open","template":"","meta":{"_angie_page":false},"product_brand":[],"product_cat":[14456,17817,16875],"product_tag":[],"class_list":{"0":"post-228854","1":"product","2":"type-product","3":"status-publish","4":"has-post-thumbnail","6":"product_cat-decoracion-hogar-y-jardin","7":"product_cat-fundas-de-cojin","8":"product_cat-textiles","9":"pa_collection-inners-for-cushions-es","10":"pa_made-in-china","12":"first","13":"instock","14":"purchasable","15":"product-type-simple"},"supplier_id":null,"supplier_sku":"Inner-04DS","barcode":null,"atum_controlled":true,"out_stock_date":null,"out_stock_threshold":null,"inheritable":false,"inbound_stock":null,"stock_on_hold":0,"sold_today":0,"sales_last_days":0,"reserved_stock":null,"customer_returns":null,"warehouse_damage":null,"lost_in_post":null,"other_logs":null,"out_stock_days":0,"lost_sales":0,"has_location":null,"update_date":"2026-04-27T07:09:00","atum_locations":[],"atum_stock_status":"instock","restock_status":false,"low_stock_amount":"","sales_update_date":"2026-01-30T01:25:02","calc_backorders":null,"_links":{"self":[{"href":"https:\/\/aromasentia.com\/es\/wp-json\/wp\/v2\/product\/228854","targetHints":{"allow":["GET"]}}],"collection":[{"href":"https:\/\/aromasentia.com\/es\/wp-json\/wp\/v2\/product"}],"about":[{"href":"https:\/\/aromasentia.com\/es\/wp-json\/wp\/v2\/types\/product"}],"replies":[{"embeddable":true,"href":"https:\/\/aromasentia.com\/es\/wp-json\/wp\/v2\/comments?post=228854"}],"version-history":[{"count":0,"href":"https:\/\/aromasentia.com\/es\/wp-json\/wp\/v2\/product\/228854\/revisions"}],"wp:featuredmedia":[{"embeddable":true,"href":"https:\/\/aromasentia.com\/es\/wp-json\/wp\/v2\/media\/369106"}],"wp:attachment":[{"href":"https:\/\/aromasentia.com\/es\/wp-json\/wp\/v2\/media?parent=228854"}],"wp:term":[{"taxonomy":"product_brand","embeddable":true,"href":"https:\/\/aromasentia.com\/es\/wp-json\/wp\/v2\/product_brand?post=228854"},{"taxonomy":"product_cat","embeddable":true,"href":"https:\/\/aromasentia.com\/es\/wp-json\/wp\/v2\/product_cat?post=228854"},{"taxonomy":"product_tag","embeddable":true,"href":"https:\/\/aromasentia.com\/es\/wp-json\/wp\/v2\/product_tag?post=228854"}],"curies":[{"name":"wp","href":"https:\/\/api.w.org\/{rel}","templated":true}]}}