{"id":228770,"date":"2025-03-22T16:05:23","date_gmt":"2025-03-22T16:05:23","guid":{"rendered":"https:\/\/aromasentia.com\/product\/100-cotton-yoga-rug-60x200cm-7-chakras\/"},"modified":"2025-12-30T21:28:04","modified_gmt":"2025-12-30T21:28:04","slug":"alfombra-de-yoga-100-algodon-60x200cm-7-chakras","status":"publish","type":"product","link":"https:\/\/aromasentia.com\/es\/alfombra-de-yoga-100-algodon-60x200cm-7-chakras\/","title":{"rendered":"Alfombra de Yoga 100% Algod\u00f3n &#8211; 60x200cm &#8211; 7 Chakras"},"content":{"rendered":"<p>A\u00f1ada a su gama de productos, nuestra alfombra para yoga<strong><span style=\"color: rgb(147, 101, 184);\">&nbsp;100% algod\u00f3n. Hecho a mano en la India.<\/span><\/strong><\/p>\n<p>Los chakras son puntos de energ\u00eda que se encuentra a lo largo del cuerpo, se tiene entendido que son centros vitales donde pasa la energ\u00eda, entonces cuando est\u00e1n equilibrados la energ\u00eda fluye mejor. <\/p>\n<p><strong><span style=\"color: rgb(147, 101, 184);\">Los 7 chakras son: Chakra Ra\u00edz, &nbsp;Chakra Sacro, Chakra del Plexo Solar, Chakra del Coraz\u00f3n, Chakra de la Garganta. Chakra del Tercer Ojo, Chakra de la Coronilla.<\/span><\/strong><\/p>\n<p><strong>Es un producto perfecto para estudios de yoga o meditaci\u00f3n. <\/strong><\/p>\n<p>Las dimensiones son de: 60 x 200 cm<\/p>\n<p>\u00a1Haga su pedido antes de que se agote!<\/p>\n","protected":false},"excerpt":{"rendered":"<p>A\u00f1ada a su gama de productos, nuestra alfombra para yoga&nbsp;100% algod\u00f3n. Hecho a mano en la India. Los chakras son puntos de energ\u00eda que se encuentra a lo largo del cuerpo, se tiene entendido que son centros vitales donde pasa la energ\u00eda, entonces cuando est\u00e1n equilibrados la energ\u00eda fluye mejor. Los 7 chakras son: Chakra [&hellip;]<\/p>\n","protected":false},"featured_media":368781,"comment_status":"closed","ping_status":"open","template":"","meta":{"_angie_page":false},"product_brand":[],"product_cat":[16874,14456,16875],"product_tag":[],"class_list":{"0":"post-228770","1":"product","2":"type-product","3":"status-publish","4":"has-post-thumbnail","6":"product_cat-alfombras","7":"product_cat-decoracion-hogar-y-jardin","8":"product_cat-textiles","9":"pa_collection-indian-cotton-rug-es","10":"pa_made-in-india","12":"first","13":"outofstock","14":"purchasable","15":"product-type-simple"},"supplier_id":null,"supplier_sku":"ICR-07","barcode":null,"atum_controlled":true,"out_stock_date":"2025-09-05 00:13:52","out_stock_threshold":null,"inheritable":false,"inbound_stock":null,"stock_on_hold":0,"sold_today":0,"sales_last_days":0,"reserved_stock":null,"customer_returns":null,"warehouse_damage":null,"lost_in_post":null,"other_logs":null,"out_stock_days":0,"lost_sales":0,"has_location":null,"update_date":"2026-04-27T07:08:29","atum_locations":[],"atum_stock_status":"outofstock","restock_status":false,"low_stock_amount":"","sales_update_date":"2025-09-04T00:28:43","calc_backorders":null,"_links":{"self":[{"href":"https:\/\/aromasentia.com\/es\/wp-json\/wp\/v2\/product\/228770","targetHints":{"allow":["GET"]}}],"collection":[{"href":"https:\/\/aromasentia.com\/es\/wp-json\/wp\/v2\/product"}],"about":[{"href":"https:\/\/aromasentia.com\/es\/wp-json\/wp\/v2\/types\/product"}],"replies":[{"embeddable":true,"href":"https:\/\/aromasentia.com\/es\/wp-json\/wp\/v2\/comments?post=228770"}],"version-history":[{"count":0,"href":"https:\/\/aromasentia.com\/es\/wp-json\/wp\/v2\/product\/228770\/revisions"}],"wp:featuredmedia":[{"embeddable":true,"href":"https:\/\/aromasentia.com\/es\/wp-json\/wp\/v2\/media\/368781"}],"wp:attachment":[{"href":"https:\/\/aromasentia.com\/es\/wp-json\/wp\/v2\/media?parent=228770"}],"wp:term":[{"taxonomy":"product_brand","embeddable":true,"href":"https:\/\/aromasentia.com\/es\/wp-json\/wp\/v2\/product_brand?post=228770"},{"taxonomy":"product_cat","embeddable":true,"href":"https:\/\/aromasentia.com\/es\/wp-json\/wp\/v2\/product_cat?post=228770"},{"taxonomy":"product_tag","embeddable":true,"href":"https:\/\/aromasentia.com\/es\/wp-json\/wp\/v2\/product_tag?post=228770"}],"curies":[{"name":"wp","href":"https:\/\/api.w.org\/{rel}","templated":true}]}}