{"id":228626,"date":"2025-03-22T16:05:35","date_gmt":"2025-03-22T16:05:35","guid":{"rendered":"https:\/\/aromasentia.com\/product\/molton-glass-on-wood-candle-holder\/"},"modified":"2025-12-30T21:27:32","modified_gmt":"2025-12-30T21:27:32","slug":"vidrio-fundido-sobre-madera-porta-vela","status":"publish","type":"product","link":"https:\/\/aromasentia.com\/es\/vidrio-fundido-sobre-madera-porta-vela\/","title":{"rendered":"Vidrio Fundido Sobre Madera &#8211; Porta Vela"},"content":{"rendered":"<p>\u00bfAlguna vez ha visto un candelabros o un porta velas tan original? &nbsp;Aroma Sentia ofrece este porta velas\/candelabro <strong>hecho a mano<\/strong> con vidrio reciclado y <strong>madera de Gamal.&nbsp;<\/strong><\/p>\n<p>Producto \u00fanico, debido a que nuestros artesanos lo hacen a mano para que cada pieza encaje, fundiendo el<strong>&nbsp;vidrio reciclado<\/strong> y adapt\u00e1ndolo a la madera.&nbsp;<\/p>\n<p>Este producto sirve de decoraci\u00f3n de hogar o para ambientar eventos como cumplea\u00f1os, fiestas y reuniones. Ofrezca a sus clientes candelabros verdaderamente originales , tanto funcionales como decorativos.&nbsp;<\/p>\n<p>Nuestros candelabros de vidrio soplado sobre madera son importados directamente de Indonesia, donde son elaborados por familias de artesanos con los que trabajamos desde hace varios a\u00f1os.&nbsp;<\/p>\n<p>Muestre estos candelabros en su tienda, y complem\u00e9ntelo con velas arom\u00e1ticas o de aceites esenciales para realizar un espacio relajante y \u00fanico.<\/p>\n<p>Este producto se vende en 1 pack de 2 unidades.&nbsp;<\/p>\n<p><strong>\u00a1Nota!:<\/strong> Tenga en cuenta que debido a la fabricaci\u00f3n artesanal de este producto, puede tener peque\u00f1as imperfecciones en el vidrio (peque\u00f1os rasgu\u00f1os, burbujas, etc.) as\u00ed como en la madera.<\/p>\n","protected":false},"excerpt":{"rendered":"<p>\u00bfAlguna vez ha visto un candelabros o un porta velas tan original? &nbsp;Aroma Sentia ofrece este porta velas\/candelabro hecho a mano con vidrio reciclado y madera de Gamal.&nbsp; Producto \u00fanico, debido a que nuestros artesanos lo hacen a mano para que cada pieza encaje, fundiendo el&nbsp;vidrio reciclado y adapt\u00e1ndolo a la madera.&nbsp; Este producto sirve [&hellip;]<\/p>\n","protected":false},"featured_media":371478,"comment_status":"closed","ping_status":"open","template":"","meta":{"_angie_page":false},"product_brand":[],"product_cat":[14456,17580],"product_tag":[],"class_list":{"0":"post-228626","1":"product","2":"type-product","3":"status-publish","4":"has-post-thumbnail","6":"product_cat-decoracion-hogar-y-jardin","7":"product_cat-decoraciones-de-vidrio","8":"pa_collection-molten-glass-on-wood-es","9":"pa_made-in-indonesia","11":"first","12":"instock","13":"purchasable","14":"product-type-simple"},"supplier_id":null,"supplier_sku":"MGW-09","barcode":null,"atum_controlled":true,"out_stock_date":null,"out_stock_threshold":null,"inheritable":false,"inbound_stock":null,"stock_on_hold":0,"sold_today":0,"sales_last_days":0,"reserved_stock":null,"customer_returns":null,"warehouse_damage":null,"lost_in_post":null,"other_logs":null,"out_stock_days":0,"lost_sales":0,"has_location":null,"update_date":"2026-04-27T07:12:41","atum_locations":[],"atum_stock_status":"instock","restock_status":false,"low_stock_amount":"","sales_update_date":"2026-02-06T00:02:08","calc_backorders":null,"_links":{"self":[{"href":"https:\/\/aromasentia.com\/es\/wp-json\/wp\/v2\/product\/228626","targetHints":{"allow":["GET"]}}],"collection":[{"href":"https:\/\/aromasentia.com\/es\/wp-json\/wp\/v2\/product"}],"about":[{"href":"https:\/\/aromasentia.com\/es\/wp-json\/wp\/v2\/types\/product"}],"replies":[{"embeddable":true,"href":"https:\/\/aromasentia.com\/es\/wp-json\/wp\/v2\/comments?post=228626"}],"version-history":[{"count":0,"href":"https:\/\/aromasentia.com\/es\/wp-json\/wp\/v2\/product\/228626\/revisions"}],"wp:featuredmedia":[{"embeddable":true,"href":"https:\/\/aromasentia.com\/es\/wp-json\/wp\/v2\/media\/371478"}],"wp:attachment":[{"href":"https:\/\/aromasentia.com\/es\/wp-json\/wp\/v2\/media?parent=228626"}],"wp:term":[{"taxonomy":"product_brand","embeddable":true,"href":"https:\/\/aromasentia.com\/es\/wp-json\/wp\/v2\/product_brand?post=228626"},{"taxonomy":"product_cat","embeddable":true,"href":"https:\/\/aromasentia.com\/es\/wp-json\/wp\/v2\/product_cat?post=228626"},{"taxonomy":"product_tag","embeddable":true,"href":"https:\/\/aromasentia.com\/es\/wp-json\/wp\/v2\/product_tag?post=228626"}],"curies":[{"name":"wp","href":"https:\/\/api.w.org\/{rel}","templated":true}]}}