{"id":228622,"date":"2025-03-22T16:05:35","date_gmt":"2025-03-22T16:05:35","guid":{"rendered":"https:\/\/aromasentia.com\/product\/molton-glass-on-wood-water-jug\/"},"modified":"2025-12-30T21:27:32","modified_gmt":"2025-12-30T21:27:32","slug":"vidrio-fundido-sobre-madera-jarra-de-agua","status":"publish","type":"product","link":"https:\/\/aromasentia.com\/es\/vidrio-fundido-sobre-madera-jarra-de-agua\/","title":{"rendered":"Vidrio Fundido Sobre Madera &#8211; Jarra de Agua"},"content":{"rendered":"<p>Aroma Sentia os presenta la jarra de agua de vidrio soplado en madera, la cu\u00e1l aportar\u00e1 un estilo \u00fanico y distintivo en su comedor o cocina.&nbsp;<\/p>\n<p>Este jarr\u00f3n fundido sobre madera tiene m\u00faltiples utilidades. Puede usare como jarra de agua, para colocar el vino o para colocar flores sueltas.<\/p>\n<p>Esta jarra de agua de vidrio soplado en madera est\u00e1 hecha con<strong>&nbsp;vidrio reciclado<\/strong> y <strong>madera de Gamal&nbsp;<\/strong>procedente de Indonesia. Nuestros artesanos han creado este producto a mano y por ello, cada <strong>pieza es \u00fanica.<\/strong><\/p>\n<p>Tambi\u00e9n es un producto perfecto para eventos, bodas, bautizas, cumplea\u00f1os&#8230;.A sus clientes les encantar\u00e1 la versatilidad de este producto y la calidad de los materiales ecol\u00f3gicos.<\/p>\n<p><strong><u>Dimensiones del producto:&nbsp;<\/u><\/strong><\/p>\n<p>&#8211; Jarra: altura: 18 cm y di\u00e1metro: 10 cm. Capacidad de la jarra: 0,6 litros.&nbsp;<\/p>\n<p><strong>\u00a1Nota!:<\/strong> Tenga en cuenta que debido a la fabricaci\u00f3n artesanal de este producto, puede tener peque\u00f1as imperfecciones en el vidrio (peque\u00f1os rasgu\u00f1os, burbujas, etc.) as\u00ed como en la madera.<\/p>\n","protected":false},"excerpt":{"rendered":"<p>Aroma Sentia os presenta la jarra de agua de vidrio soplado en madera, la cu\u00e1l aportar\u00e1 un estilo \u00fanico y distintivo en su comedor o cocina.&nbsp; Este jarr\u00f3n fundido sobre madera tiene m\u00faltiples utilidades. Puede usare como jarra de agua, para colocar el vino o para colocar flores sueltas. Esta jarra de agua de vidrio [&hellip;]<\/p>\n","protected":false},"featured_media":371421,"comment_status":"closed","ping_status":"open","template":"","meta":{"_angie_page":false},"product_brand":[],"product_cat":[14456,17580],"product_tag":[],"class_list":{"0":"post-228622","1":"product","2":"type-product","3":"status-publish","4":"has-post-thumbnail","6":"product_cat-decoracion-hogar-y-jardin","7":"product_cat-decoraciones-de-vidrio","8":"pa_collection-molten-glass-on-wood-es","9":"pa_made-in-indonesia","11":"first","12":"instock","13":"purchasable","14":"product-type-simple"},"supplier_id":null,"supplier_sku":"MGW-08","barcode":null,"atum_controlled":true,"out_stock_date":null,"out_stock_threshold":null,"inheritable":false,"inbound_stock":null,"stock_on_hold":0,"sold_today":0,"sales_last_days":0,"reserved_stock":null,"customer_returns":null,"warehouse_damage":null,"lost_in_post":null,"other_logs":null,"out_stock_days":0,"lost_sales":0,"has_location":null,"update_date":"2026-05-08T05:13:10","atum_locations":[],"atum_stock_status":"instock","restock_status":false,"low_stock_amount":"","sales_update_date":"2025-09-05T00:29:24","calc_backorders":null,"_links":{"self":[{"href":"https:\/\/aromasentia.com\/es\/wp-json\/wp\/v2\/product\/228622","targetHints":{"allow":["GET"]}}],"collection":[{"href":"https:\/\/aromasentia.com\/es\/wp-json\/wp\/v2\/product"}],"about":[{"href":"https:\/\/aromasentia.com\/es\/wp-json\/wp\/v2\/types\/product"}],"replies":[{"embeddable":true,"href":"https:\/\/aromasentia.com\/es\/wp-json\/wp\/v2\/comments?post=228622"}],"version-history":[{"count":0,"href":"https:\/\/aromasentia.com\/es\/wp-json\/wp\/v2\/product\/228622\/revisions"}],"wp:featuredmedia":[{"embeddable":true,"href":"https:\/\/aromasentia.com\/es\/wp-json\/wp\/v2\/media\/371421"}],"wp:attachment":[{"href":"https:\/\/aromasentia.com\/es\/wp-json\/wp\/v2\/media?parent=228622"}],"wp:term":[{"taxonomy":"product_brand","embeddable":true,"href":"https:\/\/aromasentia.com\/es\/wp-json\/wp\/v2\/product_brand?post=228622"},{"taxonomy":"product_cat","embeddable":true,"href":"https:\/\/aromasentia.com\/es\/wp-json\/wp\/v2\/product_cat?post=228622"},{"taxonomy":"product_tag","embeddable":true,"href":"https:\/\/aromasentia.com\/es\/wp-json\/wp\/v2\/product_tag?post=228622"}],"curies":[{"name":"wp","href":"https:\/\/api.w.org\/{rel}","templated":true}]}}