{"id":228618,"date":"2025-03-22T16:05:35","date_gmt":"2025-03-22T16:05:35","guid":{"rendered":"https:\/\/aromasentia.com\/product\/molton-glass-on-wood-whisky-set\/"},"modified":"2025-12-30T21:27:32","modified_gmt":"2025-12-30T21:27:32","slug":"vidrio-fundido-sobre-madera-set","status":"publish","type":"product","link":"https:\/\/aromasentia.com\/es\/vidrio-fundido-sobre-madera-set\/","title":{"rendered":"Vidrio Fundido Sobre Madera &#8211; Set"},"content":{"rendered":"<p>Aroma Sentia ofrece este set de whisky de vidrio soplado al por mayor. Este producto es perfecto para regalo o d\u00edas importantes. Es ideal para el d\u00eda del padre, navidad o para los amantes del whisky.&nbsp;<\/p>\n<p>Este juego de whisky es una pieza \u00fanica, hecha a mano por nuestros artesanos en Indonesia. Este producto es ecol\u00f3gico, utilizando madera de Gamal y vidrio soplado.<\/p>\n<p><u>Dimensiones del producto:&nbsp;<\/u><\/p>\n<p>&#8211; Botella: Alto: 22cm Ancho: 7cm Largo: 7cm (capacidad de 500ml)<\/p>\n<p>&#8211; Vasos: Alto: 7cm Di\u00e1metro: 5cm (capacidad 70 ml)<\/p>\n<p><strong>\u00a1Nota!:<\/strong> Tenga en cuenta que, debido a la naturaleza artesanal de este producto, puede haber peque\u00f1as imperfecciones en el vidrio, como peque\u00f1as burbujas y rasgu\u00f1os ligeros.<\/p>\n<p><strong>Tenga en cuenta que este producto es solo decorativo, no es adecuado para bebidas<\/strong><\/p>\n","protected":false},"excerpt":{"rendered":"<p>Aroma Sentia ofrece este set de whisky de vidrio soplado al por mayor. Este producto es perfecto para regalo o d\u00edas importantes. Es ideal para el d\u00eda del padre, navidad o para los amantes del whisky.&nbsp; Este juego de whisky es una pieza \u00fanica, hecha a mano por nuestros artesanos en Indonesia. Este producto es [&hellip;]<\/p>\n","protected":false},"featured_media":371396,"comment_status":"closed","ping_status":"open","template":"","meta":{"_angie_page":false},"product_brand":[],"product_cat":[14456,17580],"product_tag":[],"class_list":{"0":"post-228618","1":"product","2":"type-product","3":"status-publish","4":"has-post-thumbnail","6":"product_cat-decoracion-hogar-y-jardin","7":"product_cat-decoraciones-de-vidrio","8":"pa_collection-molten-glass-on-wood-es","9":"pa_made-in-indonesia","11":"first","12":"instock","13":"purchasable","14":"product-type-simple"},"supplier_id":null,"supplier_sku":"MGW-07","barcode":null,"atum_controlled":true,"out_stock_date":null,"out_stock_threshold":null,"inheritable":false,"inbound_stock":null,"stock_on_hold":0,"sold_today":0,"sales_last_days":0,"reserved_stock":null,"customer_returns":null,"warehouse_damage":null,"lost_in_post":null,"other_logs":null,"out_stock_days":0,"lost_sales":0,"has_location":null,"update_date":"2026-05-08T05:13:10","atum_locations":[],"atum_stock_status":"instock","restock_status":false,"low_stock_amount":"","sales_update_date":"2026-02-06T00:02:05","calc_backorders":null,"_links":{"self":[{"href":"https:\/\/aromasentia.com\/es\/wp-json\/wp\/v2\/product\/228618","targetHints":{"allow":["GET"]}}],"collection":[{"href":"https:\/\/aromasentia.com\/es\/wp-json\/wp\/v2\/product"}],"about":[{"href":"https:\/\/aromasentia.com\/es\/wp-json\/wp\/v2\/types\/product"}],"replies":[{"embeddable":true,"href":"https:\/\/aromasentia.com\/es\/wp-json\/wp\/v2\/comments?post=228618"}],"version-history":[{"count":0,"href":"https:\/\/aromasentia.com\/es\/wp-json\/wp\/v2\/product\/228618\/revisions"}],"wp:featuredmedia":[{"embeddable":true,"href":"https:\/\/aromasentia.com\/es\/wp-json\/wp\/v2\/media\/371396"}],"wp:attachment":[{"href":"https:\/\/aromasentia.com\/es\/wp-json\/wp\/v2\/media?parent=228618"}],"wp:term":[{"taxonomy":"product_brand","embeddable":true,"href":"https:\/\/aromasentia.com\/es\/wp-json\/wp\/v2\/product_brand?post=228618"},{"taxonomy":"product_cat","embeddable":true,"href":"https:\/\/aromasentia.com\/es\/wp-json\/wp\/v2\/product_cat?post=228618"},{"taxonomy":"product_tag","embeddable":true,"href":"https:\/\/aromasentia.com\/es\/wp-json\/wp\/v2\/product_tag?post=228618"}],"curies":[{"name":"wp","href":"https:\/\/api.w.org\/{rel}","templated":true}]}}