{"id":228614,"date":"2025-03-22T16:05:35","date_gmt":"2025-03-22T16:05:35","guid":{"rendered":"https:\/\/aromasentia.com\/product\/molten-glass-on-wood-open-lrg-bowl\/"},"modified":"2025-12-30T21:27:32","modified_gmt":"2025-12-30T21:27:32","slug":"vidrio-fundido-sobre-madera-tazon-grande-abierto","status":"publish","type":"product","link":"https:\/\/aromasentia.com\/es\/vidrio-fundido-sobre-madera-tazon-grande-abierto\/","title":{"rendered":"Vidrio Fundido Sobre Madera &#8211; Taz\u00f3n grande Abierto"},"content":{"rendered":"<p>Este jarr\u00f3n grande de vidrio fundido sobre madera est\u00e1 hecho a mano por artesanos en <strong>Bali&nbsp;<\/strong>con vidrio reciclado y madera de Gamal. <strong>Producto considera ecol\u00f3gico, hecho a mano y 100% &nbsp;uso del vidrio reciclado<\/strong>.<\/p>\n<p>Este impresionante jarr\u00f3n de vidrio sobre madera, fusiona dos mundos diferentes. Por un lado, el mundo natural o espiritual y el mundo elegante y pr\u00e1ctico. Es un producto perfecto para la decoraci\u00f3n de un hogar.&nbsp;<\/p>\n<p><strong>\u00bfC\u00f3mo se consigue este producto?<\/strong> El vidrio se sopla a mano por los artesanos y, mientras a\u00fan est\u00e1 caliente, se relaja sobre un pedazo de ra\u00edz de Gamal, el vidrio se endurece a la forma de la madera asegurando un ajuste perfecto.&nbsp;<\/p>\n<p>Ofrece a tus clientes estos art\u00edculos los cuales son obras de arte natural absolutamente hermosas que tus clientes realmente querr\u00e1n tener.<\/p>\n<p>\u00a1Nota!: Tenga en cuenta que, debido a la naturaleza artesanal de este producto, puede haber peque\u00f1as imperfecciones en el vidrio, como peque\u00f1as burbujas y rasgu\u00f1os ligeros. En su mayor\u00eda individualmente en caja segura.<\/p>\n<p><\/p>\n","protected":false},"excerpt":{"rendered":"<p>Este jarr\u00f3n grande de vidrio fundido sobre madera est\u00e1 hecho a mano por artesanos en Bali&nbsp;con vidrio reciclado y madera de Gamal. Producto considera ecol\u00f3gico, hecho a mano y 100% &nbsp;uso del vidrio reciclado. Este impresionante jarr\u00f3n de vidrio sobre madera, fusiona dos mundos diferentes. Por un lado, el mundo natural o espiritual y el [&hellip;]<\/p>\n","protected":false},"featured_media":371387,"comment_status":"closed","ping_status":"open","template":"","meta":{"_angie_page":false},"product_brand":[],"product_cat":[14456,17580],"product_tag":[],"class_list":{"0":"post-228614","1":"product","2":"type-product","3":"status-publish","4":"has-post-thumbnail","6":"product_cat-decoracion-hogar-y-jardin","7":"product_cat-decoraciones-de-vidrio","8":"pa_collection-molten-glass-on-wood-es","9":"pa_made-in-indonesia","11":"first","12":"instock","13":"purchasable","14":"product-type-simple"},"supplier_id":null,"supplier_sku":"MGW-06","barcode":null,"atum_controlled":true,"out_stock_date":null,"out_stock_threshold":null,"inheritable":false,"inbound_stock":null,"stock_on_hold":0,"sold_today":0,"sales_last_days":0,"reserved_stock":null,"customer_returns":null,"warehouse_damage":null,"lost_in_post":null,"other_logs":null,"out_stock_days":0,"lost_sales":0,"has_location":null,"update_date":"2026-04-27T07:12:41","atum_locations":[],"atum_stock_status":"instock","restock_status":false,"low_stock_amount":"","sales_update_date":"2025-09-05T00:29:24","calc_backorders":null,"_links":{"self":[{"href":"https:\/\/aromasentia.com\/es\/wp-json\/wp\/v2\/product\/228614","targetHints":{"allow":["GET"]}}],"collection":[{"href":"https:\/\/aromasentia.com\/es\/wp-json\/wp\/v2\/product"}],"about":[{"href":"https:\/\/aromasentia.com\/es\/wp-json\/wp\/v2\/types\/product"}],"replies":[{"embeddable":true,"href":"https:\/\/aromasentia.com\/es\/wp-json\/wp\/v2\/comments?post=228614"}],"version-history":[{"count":0,"href":"https:\/\/aromasentia.com\/es\/wp-json\/wp\/v2\/product\/228614\/revisions"}],"wp:featuredmedia":[{"embeddable":true,"href":"https:\/\/aromasentia.com\/es\/wp-json\/wp\/v2\/media\/371387"}],"wp:attachment":[{"href":"https:\/\/aromasentia.com\/es\/wp-json\/wp\/v2\/media?parent=228614"}],"wp:term":[{"taxonomy":"product_brand","embeddable":true,"href":"https:\/\/aromasentia.com\/es\/wp-json\/wp\/v2\/product_brand?post=228614"},{"taxonomy":"product_cat","embeddable":true,"href":"https:\/\/aromasentia.com\/es\/wp-json\/wp\/v2\/product_cat?post=228614"},{"taxonomy":"product_tag","embeddable":true,"href":"https:\/\/aromasentia.com\/es\/wp-json\/wp\/v2\/product_tag?post=228614"}],"curies":[{"name":"wp","href":"https:\/\/api.w.org\/{rel}","templated":true}]}}