{"id":228610,"date":"2025-03-22T16:05:35","date_gmt":"2025-03-22T16:05:35","guid":{"rendered":"https:\/\/aromasentia.com\/product\/molten-glass-on-wood-hanging-bowl\/"},"modified":"2025-12-30T21:27:32","modified_gmt":"2025-12-30T21:27:32","slug":"vidrio-fundido-sobre-madera-tazon-colgante","status":"publish","type":"product","link":"https:\/\/aromasentia.com\/es\/vidrio-fundido-sobre-madera-tazon-colgante\/","title":{"rendered":"Vidrio Fundido Sobre Madera &#8211; Taz\u00f3n colgante"},"content":{"rendered":"<p>Aroma Sentia, mayorista en vidrio fundido en madera. Coleccione este producto de vidrio reciclado y madera de Gamal de Bali.<\/p>\n<p>Este producto se puede utilizar de diversas maneras, puede usarse como florero o jarra de vino. Tambi\u00e9n puede a\u00f1adir piedras o flores cortadas para darle un toque personal y \u00fanico. (V\u00e9ase en la imagen 4)<\/p>\n<p>Cada art\u00edculo es \u00fanico, ya que est\u00e1n hechos de madera natural Gamal sostenible.&nbsp;<\/p>\n<p>Este producto vienen 2 unidades de vidrio fundido sobre madera &#8211; Taz\u00f3n colgante.<\/p>\n<p>Este producto perfecto para decorar jardines, vest\u00edbulos, recibidores y habitaciones. Encaja perfectamente en cualquier lugar de tu hogar.&nbsp;<\/p>\n<p>\u00a1Aumenta tus ventas ahora mismo con este fant\u00e1stico producto procedente del coraz\u00f3n de Indonesia!<\/p>\n<p><strong>\u00a1Nota!:<\/strong> Tenga en cuenta que, debido a la naturaleza artesanal de este producto, puede haber peque\u00f1as imperfecciones en el vidrio, como peque\u00f1as burbujas y rasgu\u00f1os ligeros. En su mayor\u00eda individualmente en caja segura.<\/p>\n","protected":false},"excerpt":{"rendered":"<p>Aroma Sentia, mayorista en vidrio fundido en madera. Coleccione este producto de vidrio reciclado y madera de Gamal de Bali. Este producto se puede utilizar de diversas maneras, puede usarse como florero o jarra de vino. Tambi\u00e9n puede a\u00f1adir piedras o flores cortadas para darle un toque personal y \u00fanico. (V\u00e9ase en la imagen 4) [&hellip;]<\/p>\n","protected":false},"featured_media":371354,"comment_status":"closed","ping_status":"open","template":"","meta":{"_angie_page":false},"product_brand":[],"product_cat":[14456,17580],"product_tag":[],"class_list":{"0":"post-228610","1":"product","2":"type-product","3":"status-publish","4":"has-post-thumbnail","6":"product_cat-decoracion-hogar-y-jardin","7":"product_cat-decoraciones-de-vidrio","8":"pa_collection-molten-glass-on-wood-es","9":"pa_made-in-indonesia","11":"first","12":"instock","13":"purchasable","14":"product-type-simple"},"supplier_id":null,"supplier_sku":"MGW-05","barcode":null,"atum_controlled":true,"out_stock_date":null,"out_stock_threshold":null,"inheritable":false,"inbound_stock":null,"stock_on_hold":0,"sold_today":0,"sales_last_days":0,"reserved_stock":null,"customer_returns":null,"warehouse_damage":null,"lost_in_post":null,"other_logs":null,"out_stock_days":0,"lost_sales":0,"has_location":null,"update_date":"2026-05-04T00:03:58","atum_locations":[],"atum_stock_status":"instock","restock_status":false,"low_stock_amount":"","sales_update_date":"2026-01-30T01:24:32","calc_backorders":null,"_links":{"self":[{"href":"https:\/\/aromasentia.com\/es\/wp-json\/wp\/v2\/product\/228610","targetHints":{"allow":["GET"]}}],"collection":[{"href":"https:\/\/aromasentia.com\/es\/wp-json\/wp\/v2\/product"}],"about":[{"href":"https:\/\/aromasentia.com\/es\/wp-json\/wp\/v2\/types\/product"}],"replies":[{"embeddable":true,"href":"https:\/\/aromasentia.com\/es\/wp-json\/wp\/v2\/comments?post=228610"}],"version-history":[{"count":0,"href":"https:\/\/aromasentia.com\/es\/wp-json\/wp\/v2\/product\/228610\/revisions"}],"wp:featuredmedia":[{"embeddable":true,"href":"https:\/\/aromasentia.com\/es\/wp-json\/wp\/v2\/media\/371354"}],"wp:attachment":[{"href":"https:\/\/aromasentia.com\/es\/wp-json\/wp\/v2\/media?parent=228610"}],"wp:term":[{"taxonomy":"product_brand","embeddable":true,"href":"https:\/\/aromasentia.com\/es\/wp-json\/wp\/v2\/product_brand?post=228610"},{"taxonomy":"product_cat","embeddable":true,"href":"https:\/\/aromasentia.com\/es\/wp-json\/wp\/v2\/product_cat?post=228610"},{"taxonomy":"product_tag","embeddable":true,"href":"https:\/\/aromasentia.com\/es\/wp-json\/wp\/v2\/product_tag?post=228610"}],"curies":[{"name":"wp","href":"https:\/\/api.w.org\/{rel}","templated":true}]}}