{"id":228606,"date":"2025-03-22T16:05:35","date_gmt":"2025-03-22T16:05:35","guid":{"rendered":"https:\/\/aromasentia.com\/product\/molten-glass-on-wood-vase\/"},"modified":"2025-12-30T21:27:32","modified_gmt":"2025-12-30T21:27:32","slug":"vidrio-fundido-sobre-madera-florero","status":"publish","type":"product","link":"https:\/\/aromasentia.com\/es\/vidrio-fundido-sobre-madera-florero\/","title":{"rendered":"Vidrio Fundido Sobre Madera &#8211; Florero"},"content":{"rendered":"<p>Coleccione la gama de jarrones fundidos sobre madera. &nbsp;Aroma Sentia ha incorporado este nuevo modelo: Jarr\u00f3n de vidrio fundido sobre madera alargado.&nbsp;<\/p>\n<p>Este producto se puede utilizar de diversas maneras, puede usarse como florero o jarra de vino. Tambi\u00e9n puede a\u00f1adir piedras o flores cortadas para darle un toque personal y \u00fanico. (V\u00e9ase en la imagen 5)<\/p>\n<p>Cada art\u00edculo es \u00fanico, ya que est\u00e1n hechos de madera natural Gamal sostenible y el vidrio reciclado tiene la forma adecuada, lo que agrega a su autenticidad, a su cliente le encantar\u00e1.&nbsp;<\/p>\n<p>Vendemos estos jarrones largos de vidrio soplado en juegos de 2 jarrones.<\/p>\n<p><strong>\u00a1Nota!<\/strong>: Tenga en cuenta que, debido a la naturaleza artesanal de este producto, puede haber peque\u00f1as imperfecciones en el vidrio, como peque\u00f1as burbujas y rasgu\u00f1os ligeros. En su mayor\u00eda individualmente en caja segura.<\/p>\n","protected":false},"excerpt":{"rendered":"<p>Coleccione la gama de jarrones fundidos sobre madera. &nbsp;Aroma Sentia ha incorporado este nuevo modelo: Jarr\u00f3n de vidrio fundido sobre madera alargado.&nbsp; Este producto se puede utilizar de diversas maneras, puede usarse como florero o jarra de vino. Tambi\u00e9n puede a\u00f1adir piedras o flores cortadas para darle un toque personal y \u00fanico. (V\u00e9ase en la [&hellip;]<\/p>\n","protected":false},"featured_media":371313,"comment_status":"closed","ping_status":"open","template":"","meta":{"_angie_page":false},"product_brand":[],"product_cat":[14456,17580],"product_tag":[],"class_list":{"0":"post-228606","1":"product","2":"type-product","3":"status-publish","4":"has-post-thumbnail","6":"product_cat-decoracion-hogar-y-jardin","7":"product_cat-decoraciones-de-vidrio","8":"pa_collection-molten-glass-on-wood-es","9":"pa_made-in-indonesia","11":"first","12":"instock","13":"purchasable","14":"product-type-simple"},"supplier_id":null,"supplier_sku":"MGW-04","barcode":null,"atum_controlled":true,"out_stock_date":null,"out_stock_threshold":null,"inheritable":false,"inbound_stock":null,"stock_on_hold":0,"sold_today":0,"sales_last_days":0,"reserved_stock":null,"customer_returns":null,"warehouse_damage":null,"lost_in_post":null,"other_logs":null,"out_stock_days":0,"lost_sales":0,"has_location":null,"update_date":"2026-05-08T05:13:10","atum_locations":[],"atum_stock_status":"instock","restock_status":false,"low_stock_amount":"","sales_update_date":"2025-09-05T00:29:24","calc_backorders":null,"_links":{"self":[{"href":"https:\/\/aromasentia.com\/es\/wp-json\/wp\/v2\/product\/228606","targetHints":{"allow":["GET"]}}],"collection":[{"href":"https:\/\/aromasentia.com\/es\/wp-json\/wp\/v2\/product"}],"about":[{"href":"https:\/\/aromasentia.com\/es\/wp-json\/wp\/v2\/types\/product"}],"replies":[{"embeddable":true,"href":"https:\/\/aromasentia.com\/es\/wp-json\/wp\/v2\/comments?post=228606"}],"version-history":[{"count":0,"href":"https:\/\/aromasentia.com\/es\/wp-json\/wp\/v2\/product\/228606\/revisions"}],"wp:featuredmedia":[{"embeddable":true,"href":"https:\/\/aromasentia.com\/es\/wp-json\/wp\/v2\/media\/371313"}],"wp:attachment":[{"href":"https:\/\/aromasentia.com\/es\/wp-json\/wp\/v2\/media?parent=228606"}],"wp:term":[{"taxonomy":"product_brand","embeddable":true,"href":"https:\/\/aromasentia.com\/es\/wp-json\/wp\/v2\/product_brand?post=228606"},{"taxonomy":"product_cat","embeddable":true,"href":"https:\/\/aromasentia.com\/es\/wp-json\/wp\/v2\/product_cat?post=228606"},{"taxonomy":"product_tag","embeddable":true,"href":"https:\/\/aromasentia.com\/es\/wp-json\/wp\/v2\/product_tag?post=228606"}],"curies":[{"name":"wp","href":"https:\/\/api.w.org\/{rel}","templated":true}]}}