{"id":228602,"date":"2025-03-22T16:05:35","date_gmt":"2025-03-22T16:05:35","guid":{"rendered":"https:\/\/aromasentia.com\/product\/molten-glass-on-wood-large-bowl\/"},"modified":"2025-12-30T21:27:32","modified_gmt":"2025-12-30T21:27:32","slug":"vidrio-fundido-sobre-madera-tazon-grande","status":"publish","type":"product","link":"https:\/\/aromasentia.com\/es\/vidrio-fundido-sobre-madera-tazon-grande\/","title":{"rendered":"Vidrio Fundido Sobre Madera &#8211; Taz\u00f3n grande"},"content":{"rendered":"<p>Aroma Sentia ofrece estos jarrones de vidrio fundido sobre madera en tama\u00f1o grande. Lo que permite apreciar al detalle la combinaci\u00f3n \u00fanica del vidrio soplado junto a la madera.&nbsp;<\/p>\n<p>Este producto est\u00e1 hecho a mano en Indonesia por nuestros mejores artesanos. Este producto sirve de decoraci\u00f3n (v\u00e9ase en la imagen 3) puede crear un entorno \u00fanico con piedras y plantas, flores cortadas, etc.<\/p>\n<p>Trae la naturaleza al interior con estas obras de arte naturales absolutamente hermosas y que tus clientes realmente querr\u00e1n tener.<\/p>\n<p><strong>\u00a1Nota!:<\/strong> Tenga en cuenta que, debido a la naturaleza artesanal de este producto, puede haber peque\u00f1as imperfecciones en el vidrio, como peque\u00f1as burbujas y rasgu\u00f1os ligeros.<\/p>\n","protected":false},"excerpt":{"rendered":"<p>Aroma Sentia ofrece estos jarrones de vidrio fundido sobre madera en tama\u00f1o grande. Lo que permite apreciar al detalle la combinaci\u00f3n \u00fanica del vidrio soplado junto a la madera.&nbsp; Este producto est\u00e1 hecho a mano en Indonesia por nuestros mejores artesanos. Este producto sirve de decoraci\u00f3n (v\u00e9ase en la imagen 3) puede crear un entorno [&hellip;]<\/p>\n","protected":false},"featured_media":371280,"comment_status":"closed","ping_status":"open","template":"","meta":{"_angie_page":false},"product_brand":[],"product_cat":[14456,17580],"product_tag":[],"class_list":{"0":"post-228602","1":"product","2":"type-product","3":"status-publish","4":"has-post-thumbnail","6":"product_cat-decoracion-hogar-y-jardin","7":"product_cat-decoraciones-de-vidrio","8":"pa_collection-molten-glass-on-wood-es","9":"pa_made-in-indonesia","11":"first","12":"instock","13":"purchasable","14":"product-type-simple"},"supplier_id":null,"supplier_sku":"MGW-03","barcode":null,"atum_controlled":true,"out_stock_date":null,"out_stock_threshold":null,"inheritable":false,"inbound_stock":null,"stock_on_hold":0,"sold_today":0,"sales_last_days":0,"reserved_stock":null,"customer_returns":null,"warehouse_damage":null,"lost_in_post":null,"other_logs":null,"out_stock_days":0,"lost_sales":0,"has_location":null,"update_date":"2026-05-08T05:13:10","atum_locations":[],"atum_stock_status":"instock","restock_status":false,"low_stock_amount":"","sales_update_date":"2025-09-05T00:29:23","calc_backorders":null,"_links":{"self":[{"href":"https:\/\/aromasentia.com\/es\/wp-json\/wp\/v2\/product\/228602","targetHints":{"allow":["GET"]}}],"collection":[{"href":"https:\/\/aromasentia.com\/es\/wp-json\/wp\/v2\/product"}],"about":[{"href":"https:\/\/aromasentia.com\/es\/wp-json\/wp\/v2\/types\/product"}],"replies":[{"embeddable":true,"href":"https:\/\/aromasentia.com\/es\/wp-json\/wp\/v2\/comments?post=228602"}],"version-history":[{"count":0,"href":"https:\/\/aromasentia.com\/es\/wp-json\/wp\/v2\/product\/228602\/revisions"}],"wp:featuredmedia":[{"embeddable":true,"href":"https:\/\/aromasentia.com\/es\/wp-json\/wp\/v2\/media\/371280"}],"wp:attachment":[{"href":"https:\/\/aromasentia.com\/es\/wp-json\/wp\/v2\/media?parent=228602"}],"wp:term":[{"taxonomy":"product_brand","embeddable":true,"href":"https:\/\/aromasentia.com\/es\/wp-json\/wp\/v2\/product_brand?post=228602"},{"taxonomy":"product_cat","embeddable":true,"href":"https:\/\/aromasentia.com\/es\/wp-json\/wp\/v2\/product_cat?post=228602"},{"taxonomy":"product_tag","embeddable":true,"href":"https:\/\/aromasentia.com\/es\/wp-json\/wp\/v2\/product_tag?post=228602"}],"curies":[{"name":"wp","href":"https:\/\/api.w.org\/{rel}","templated":true}]}}