{"id":228598,"date":"2025-03-22T16:05:35","date_gmt":"2025-03-22T16:05:35","guid":{"rendered":"https:\/\/aromasentia.com\/product\/molten-glass-on-wood-medium-bowl\/"},"modified":"2025-12-30T21:27:32","modified_gmt":"2025-12-30T21:27:32","slug":"vidrio-fundido-sobre-madera-tazon-mediano","status":"publish","type":"product","link":"https:\/\/aromasentia.com\/es\/vidrio-fundido-sobre-madera-tazon-mediano\/","title":{"rendered":"Vidrio Fundido Sobre Madera &#8211; Taz\u00f3n mediano"},"content":{"rendered":"<p>Si tu tienda es de decoraci\u00f3n, este producto es para ti<\/p>\n<p>Aroma Sentia presenta estos jarrones de<strong>&nbsp;tama\u00f1o mediano<\/strong> de vidrio soplado sobre madera . Jarrones hechos a mano utilizando m\u00e9todos tradicionales, en concreto, el <strong>soplado de vidrio<\/strong>. Esta t\u00e9cnica es posible gracias a que se calienta el vidrio a temperatura muy alta para que pueda ser flexible y moldeable, lo que permite al artesano darle la forma deseada.&nbsp;<\/p>\n<p>Una vez creado el jarr\u00f3n, se coloca sobre su soporte de madera, antes de que se enfr\u00ede el cristal,&nbsp;para que adopte perfectamente la forma de la madera&nbsp;.<\/p>\n<p>Estos jarrones de vidrio soplado de tama\u00f1o mediano se pueden utilizar de diferentes formas, permiti\u00e9ndote crear una decoraci\u00f3n innovadora y original.&nbsp;<\/p>\n<p>Le recomendamos que exhiba uno en su tienda para mostrar a sus clientes todo el potencial de estos&nbsp;jarrones de vidrio soplado&nbsp;.<\/p>\n<p>\u00a1Nota!: Tenga en cuenta que debido a la fabricaci\u00f3n artesanal de este producto, puede tener peque\u00f1as imperfecciones en el vidrio (peque\u00f1os rasgu\u00f1os, burbujas, etc.) as\u00ed como en la madera.<\/p>\n","protected":false},"excerpt":{"rendered":"<p>Si tu tienda es de decoraci\u00f3n, este producto es para ti Aroma Sentia presenta estos jarrones de&nbsp;tama\u00f1o mediano de vidrio soplado sobre madera . Jarrones hechos a mano utilizando m\u00e9todos tradicionales, en concreto, el soplado de vidrio. Esta t\u00e9cnica es posible gracias a que se calienta el vidrio a temperatura muy alta para que pueda [&hellip;]<\/p>\n","protected":false},"featured_media":371223,"comment_status":"closed","ping_status":"open","template":"","meta":{"_angie_page":false},"product_brand":[],"product_cat":[14456,17580],"product_tag":[],"class_list":{"0":"post-228598","1":"product","2":"type-product","3":"status-publish","4":"has-post-thumbnail","6":"product_cat-decoracion-hogar-y-jardin","7":"product_cat-decoraciones-de-vidrio","8":"pa_collection-molten-glass-on-wood-es","9":"pa_made-in-indonesia","11":"first","12":"instock","13":"purchasable","14":"product-type-simple"},"supplier_id":null,"supplier_sku":"MGW-02","barcode":null,"atum_controlled":true,"out_stock_date":null,"out_stock_threshold":null,"inheritable":false,"inbound_stock":null,"stock_on_hold":0,"sold_today":0,"sales_last_days":0,"reserved_stock":null,"customer_returns":null,"warehouse_damage":null,"lost_in_post":null,"other_logs":null,"out_stock_days":0,"lost_sales":0,"has_location":null,"update_date":"2026-05-08T05:13:10","atum_locations":[],"atum_stock_status":"instock","restock_status":false,"low_stock_amount":"","sales_update_date":"2025-09-05T00:29:23","calc_backorders":null,"_links":{"self":[{"href":"https:\/\/aromasentia.com\/es\/wp-json\/wp\/v2\/product\/228598","targetHints":{"allow":["GET"]}}],"collection":[{"href":"https:\/\/aromasentia.com\/es\/wp-json\/wp\/v2\/product"}],"about":[{"href":"https:\/\/aromasentia.com\/es\/wp-json\/wp\/v2\/types\/product"}],"replies":[{"embeddable":true,"href":"https:\/\/aromasentia.com\/es\/wp-json\/wp\/v2\/comments?post=228598"}],"version-history":[{"count":0,"href":"https:\/\/aromasentia.com\/es\/wp-json\/wp\/v2\/product\/228598\/revisions"}],"wp:featuredmedia":[{"embeddable":true,"href":"https:\/\/aromasentia.com\/es\/wp-json\/wp\/v2\/media\/371223"}],"wp:attachment":[{"href":"https:\/\/aromasentia.com\/es\/wp-json\/wp\/v2\/media?parent=228598"}],"wp:term":[{"taxonomy":"product_brand","embeddable":true,"href":"https:\/\/aromasentia.com\/es\/wp-json\/wp\/v2\/product_brand?post=228598"},{"taxonomy":"product_cat","embeddable":true,"href":"https:\/\/aromasentia.com\/es\/wp-json\/wp\/v2\/product_cat?post=228598"},{"taxonomy":"product_tag","embeddable":true,"href":"https:\/\/aromasentia.com\/es\/wp-json\/wp\/v2\/product_tag?post=228598"}],"curies":[{"name":"wp","href":"https:\/\/api.w.org\/{rel}","templated":true}]}}