{"id":228594,"date":"2025-03-22T16:05:35","date_gmt":"2025-03-22T16:05:35","guid":{"rendered":"https:\/\/aromasentia.com\/product\/molten-glass-on-wood-small-bowl\/"},"modified":"2025-12-30T21:27:32","modified_gmt":"2025-12-30T21:27:32","slug":"vidrio-fundido-sobre-madera-tazon-pequeno","status":"publish","type":"product","link":"https:\/\/aromasentia.com\/es\/vidrio-fundido-sobre-madera-tazon-pequeno\/","title":{"rendered":"Vidrio Fundido Sobre Madera &#8211; Taz\u00f3n peque\u00f1o"},"content":{"rendered":"<p style=\"text-align: left;\">Estos peque\u00f1os jarrones de vidrio soplado sobre madera est\u00e1 <strong>hechos \u00edntegramente a mano<\/strong>. Producido y hecho en Bali a partir de vidrio reciclado y <strong>madera Gamal&nbsp;<\/strong>de Bali. Este impresionante jarr\u00f3n de vidrio de arte fundido re\u00fane lo mejor de dos mundos: natural y artificial; terroso y elegante; pr\u00e1ctico y espiritual.<\/p>\n<p style=\"text-align: left;\">El<strong>&nbsp;vidrio se sopla a mano&nbsp;<\/strong>y, mientras a\u00fan est\u00e1 caliente, se relaja sobre un pedazo de ra\u00edz de Gamal, el vidrio se endurece a la forma de la madera asegurando un ajuste perfecto. Se elaboran con un producto natural utilizando herramientas manuales de la manera tradicional balinesa.<\/p>\n<p style=\"text-align: left;\">Con este producto podr\u00e1 proporcionar un entorno \u00fanico para piedras y plantas de aire, flores cortadas, una pecera, etc.<\/p>\n<p style=\"text-align: left;\">Cada art\u00edculo es \u00fanico, ya que est\u00e1n hechos de madera Gamal. Este producto es sostenible y el vidrio reciclado tiene la forma adecuada, lo que agrega a su autenticidad, a su cliente le encantar\u00e1. Se pueden usar para plantas de interior, jardines zen, peceras o velas flotantes.<\/p>\n<p style=\"text-align: left;\">Trae la naturaleza al interior con estas obras de arte naturales absolutamente hermosas y que tus clientes realmente querr\u00e1n tener.<\/p>\n<p style=\"text-align: left;\"><strong>\u00a1Nota!:<\/strong> Tenga en cuenta que, debido a la naturaleza artesanal de este producto, puede haber peque\u00f1as imperfecciones en el vidrio, como peque\u00f1as burbujas y rasgu\u00f1os ligeros.<\/p>\n<p><\/p>\n","protected":false},"excerpt":{"rendered":"<p>Estos peque\u00f1os jarrones de vidrio soplado sobre madera est\u00e1 hechos \u00edntegramente a mano. Producido y hecho en Bali a partir de vidrio reciclado y madera Gamal&nbsp;de Bali. Este impresionante jarr\u00f3n de vidrio de arte fundido re\u00fane lo mejor de dos mundos: natural y artificial; terroso y elegante; pr\u00e1ctico y espiritual. El&nbsp;vidrio se sopla a mano&nbsp;y, [&hellip;]<\/p>\n","protected":false},"featured_media":371190,"comment_status":"closed","ping_status":"open","template":"","meta":{"_angie_page":false},"product_brand":[],"product_cat":[14456,17580],"product_tag":[],"class_list":{"0":"post-228594","1":"product","2":"type-product","3":"status-publish","4":"has-post-thumbnail","6":"product_cat-decoracion-hogar-y-jardin","7":"product_cat-decoraciones-de-vidrio","8":"pa_collection-molten-glass-on-wood-es","9":"pa_made-in-indonesia","11":"first","12":"instock","13":"purchasable","14":"product-type-simple"},"supplier_id":null,"supplier_sku":"MGW-01","barcode":null,"atum_controlled":true,"out_stock_date":null,"out_stock_threshold":null,"inheritable":false,"inbound_stock":null,"stock_on_hold":0,"sold_today":0,"sales_last_days":0,"reserved_stock":null,"customer_returns":null,"warehouse_damage":null,"lost_in_post":null,"other_logs":null,"out_stock_days":0,"lost_sales":0,"has_location":null,"update_date":"2026-05-08T05:13:10","atum_locations":[],"atum_stock_status":"instock","restock_status":false,"low_stock_amount":"","sales_update_date":"2025-09-05T00:29:23","calc_backorders":null,"_links":{"self":[{"href":"https:\/\/aromasentia.com\/es\/wp-json\/wp\/v2\/product\/228594","targetHints":{"allow":["GET"]}}],"collection":[{"href":"https:\/\/aromasentia.com\/es\/wp-json\/wp\/v2\/product"}],"about":[{"href":"https:\/\/aromasentia.com\/es\/wp-json\/wp\/v2\/types\/product"}],"replies":[{"embeddable":true,"href":"https:\/\/aromasentia.com\/es\/wp-json\/wp\/v2\/comments?post=228594"}],"version-history":[{"count":0,"href":"https:\/\/aromasentia.com\/es\/wp-json\/wp\/v2\/product\/228594\/revisions"}],"wp:featuredmedia":[{"embeddable":true,"href":"https:\/\/aromasentia.com\/es\/wp-json\/wp\/v2\/media\/371190"}],"wp:attachment":[{"href":"https:\/\/aromasentia.com\/es\/wp-json\/wp\/v2\/media?parent=228594"}],"wp:term":[{"taxonomy":"product_brand","embeddable":true,"href":"https:\/\/aromasentia.com\/es\/wp-json\/wp\/v2\/product_brand?post=228594"},{"taxonomy":"product_cat","embeddable":true,"href":"https:\/\/aromasentia.com\/es\/wp-json\/wp\/v2\/product_cat?post=228594"},{"taxonomy":"product_tag","embeddable":true,"href":"https:\/\/aromasentia.com\/es\/wp-json\/wp\/v2\/product_tag?post=228594"}],"curies":[{"name":"wp","href":"https:\/\/api.w.org\/{rel}","templated":true}]}}