{"id":228334,"date":"2025-03-22T16:05:35","date_gmt":"2025-03-22T16:05:35","guid":{"rendered":"https:\/\/aromasentia.com\/product\/kilim-cushion-cover-charcoal\/"},"modified":"2025-12-30T21:26:37","modified_gmt":"2025-12-30T21:26:37","slug":"kilim-cushion-cover-charcoal","status":"publish","type":"product","link":"https:\/\/aromasentia.com\/es\/kilim-cushion-cover-charcoal\/","title":{"rendered":"Kilim Cushion Cover &#8211; Charcoal"},"content":{"rendered":"<p>A\u00f1ada una textura sofisticada con esta Funda de Coj\u00edn Kilim &#8211; Carb\u00f3n. Esta llamativa funda de coj\u00edn utiliza el tejido tradicional Kilim, mostrando cautivadores dise\u00f1os geom\u00e9tricos o motivos \u00e9tnicos en un gris carb\u00f3n profundo, quiz\u00e1s con acentos contrastantes. Su rica textura y su atrevido tono neutro aportan un toque de bohemia moderna o de elegancia r\u00fastica a la decoraci\u00f3n de su hogar. Una pieza duradera y elegante que a\u00f1ade profundidad, arte y una sensaci\u00f3n de sofisticaci\u00f3n a cualquier habitaci\u00f3n.<\/p>\n","protected":false},"excerpt":{"rendered":"<p>A\u00f1ada una textura sofisticada con esta Funda de Coj\u00edn Kilim &#8211; Carb\u00f3n. Esta llamativa funda de coj\u00edn utiliza el tejido tradicional Kilim, mostrando cautivadores dise\u00f1os geom\u00e9tricos o motivos \u00e9tnicos en un gris carb\u00f3n profundo, quiz\u00e1s con acentos contrastantes. Su rica textura y su atrevido tono neutro aportan un toque de bohemia moderna o de elegancia [&hellip;]<\/p>\n","protected":false},"featured_media":369629,"comment_status":"closed","ping_status":"open","template":"","meta":{"_angie_page":false},"product_brand":[],"product_cat":[14456,17817,16875],"product_tag":[],"class_list":{"0":"post-228334","1":"product","2":"type-product","3":"status-publish","4":"has-post-thumbnail","6":"product_cat-decoracion-hogar-y-jardin","7":"product_cat-fundas-de-cojin","8":"product_cat-textiles","9":"pa_made-in-turquia","11":"first","12":"instock","13":"purchasable","14":"product-type-simple"},"supplier_id":null,"supplier_sku":"KCush-02DS","barcode":null,"atum_controlled":true,"out_stock_date":null,"out_stock_threshold":null,"inheritable":false,"inbound_stock":null,"stock_on_hold":0,"sold_today":0,"sales_last_days":0,"reserved_stock":null,"customer_returns":null,"warehouse_damage":null,"lost_in_post":null,"other_logs":null,"out_stock_days":0,"lost_sales":0,"has_location":null,"update_date":"2026-04-27T07:10:19","atum_locations":[],"atum_stock_status":"instock","restock_status":false,"low_stock_amount":"","sales_update_date":"2026-01-30T01:25:48","calc_backorders":null,"_links":{"self":[{"href":"https:\/\/aromasentia.com\/es\/wp-json\/wp\/v2\/product\/228334","targetHints":{"allow":["GET"]}}],"collection":[{"href":"https:\/\/aromasentia.com\/es\/wp-json\/wp\/v2\/product"}],"about":[{"href":"https:\/\/aromasentia.com\/es\/wp-json\/wp\/v2\/types\/product"}],"replies":[{"embeddable":true,"href":"https:\/\/aromasentia.com\/es\/wp-json\/wp\/v2\/comments?post=228334"}],"version-history":[{"count":0,"href":"https:\/\/aromasentia.com\/es\/wp-json\/wp\/v2\/product\/228334\/revisions"}],"wp:featuredmedia":[{"embeddable":true,"href":"https:\/\/aromasentia.com\/es\/wp-json\/wp\/v2\/media\/369629"}],"wp:attachment":[{"href":"https:\/\/aromasentia.com\/es\/wp-json\/wp\/v2\/media?parent=228334"}],"wp:term":[{"taxonomy":"product_brand","embeddable":true,"href":"https:\/\/aromasentia.com\/es\/wp-json\/wp\/v2\/product_brand?post=228334"},{"taxonomy":"product_cat","embeddable":true,"href":"https:\/\/aromasentia.com\/es\/wp-json\/wp\/v2\/product_cat?post=228334"},{"taxonomy":"product_tag","embeddable":true,"href":"https:\/\/aromasentia.com\/es\/wp-json\/wp\/v2\/product_tag?post=228334"}],"curies":[{"name":"wp","href":"https:\/\/api.w.org\/{rel}","templated":true}]}}