{"id":228270,"date":"2025-03-22T16:05:35","date_gmt":"2025-03-22T16:05:35","guid":{"rendered":"https:\/\/aromasentia.com\/product\/molten-glass-on-xlarge-double-stand-70cm\/"},"modified":"2025-12-30T21:26:29","modified_gmt":"2025-12-30T21:26:29","slug":"vidrio-molton-en-soporte-doble-extragrande-70-cm","status":"publish","type":"product","link":"https:\/\/aromasentia.com\/es\/vidrio-molton-en-soporte-doble-extragrande-70-cm\/","title":{"rendered":"Vidrio Molton en soporte doble extragrande &#8211; 70 cm"},"content":{"rendered":"<p>Aroma Sentia trae este vidrio fundido sobre madera hecho a mano en Bali a partir de vidrio reciclado y <strong>madera Gamal<\/strong>. Este producto re\u00fane lo mejor de dos mundos: natural y artificial; terroso y elegante; pr\u00e1ctico y espiritual.<\/p>\n<p><strong>\u00bfC\u00f3mo se elabora este producto?<\/strong> El vidrio se sopla a mano y, mientras a\u00fan est\u00e1 caliente, se relaja sobre un pedazo de ra\u00edz de Gamal, el vidrio se endurece a la forma de la madera asegurando un ajuste perfecto. Se elaboran con un producto natural utilizando herramientas manuales de la manera tradicional balinesa.<\/p>\n<p>Con este producto podr\u00e1 proporcionar un entorno \u00fanico para piedras y plantas de aire, flores cortadas, una pecera, etc. (V\u00e9ase en la imagen 3)<\/p>\n<p>Trae la naturaleza al interior con estas obras de arte naturales absolutamente hermosas y que tus clientes realmente querr\u00e1n tener.<\/p>\n<p><strong>\u00a1Nota!:&nbsp;<\/strong>Tenga en cuenta que, debido a la naturaleza artesanal de este producto, puede haber peque\u00f1as imperfecciones en el vidrio, como peque\u00f1as burbujas y rasgu\u00f1os ligeros.<\/p>\n<p><\/p>\n<p><\/p>\n<p><\/p>\n","protected":false},"excerpt":{"rendered":"<p>Aroma Sentia trae este vidrio fundido sobre madera hecho a mano en Bali a partir de vidrio reciclado y madera Gamal. Este producto re\u00fane lo mejor de dos mundos: natural y artificial; terroso y elegante; pr\u00e1ctico y espiritual. \u00bfC\u00f3mo se elabora este producto? El vidrio se sopla a mano y, mientras a\u00fan est\u00e1 caliente, se [&hellip;]<\/p>\n","protected":false},"featured_media":372009,"comment_status":"closed","ping_status":"open","template":"","meta":{"_angie_page":false},"product_brand":[],"product_cat":[14456,17580],"product_tag":[],"class_list":{"0":"post-228270","1":"product","2":"type-product","3":"status-publish","4":"has-post-thumbnail","6":"product_cat-decoracion-hogar-y-jardin","7":"product_cat-decoraciones-de-vidrio","8":"pa_collection-molten-glass-on-wood-es","9":"pa_made-in-indonesia","11":"first","12":"instock","13":"purchasable","14":"product-type-simple"},"supplier_id":null,"supplier_sku":"MGW-11","barcode":null,"atum_controlled":true,"out_stock_date":null,"out_stock_threshold":null,"inheritable":false,"inbound_stock":null,"stock_on_hold":0,"sold_today":0,"sales_last_days":0,"reserved_stock":null,"customer_returns":null,"warehouse_damage":null,"lost_in_post":null,"other_logs":null,"out_stock_days":0,"lost_sales":0,"has_location":null,"update_date":"2026-05-08T05:13:10","atum_locations":[],"atum_stock_status":"instock","restock_status":false,"low_stock_amount":"","sales_update_date":"2025-09-05T00:29:27","calc_backorders":null,"_links":{"self":[{"href":"https:\/\/aromasentia.com\/es\/wp-json\/wp\/v2\/product\/228270","targetHints":{"allow":["GET"]}}],"collection":[{"href":"https:\/\/aromasentia.com\/es\/wp-json\/wp\/v2\/product"}],"about":[{"href":"https:\/\/aromasentia.com\/es\/wp-json\/wp\/v2\/types\/product"}],"replies":[{"embeddable":true,"href":"https:\/\/aromasentia.com\/es\/wp-json\/wp\/v2\/comments?post=228270"}],"version-history":[{"count":0,"href":"https:\/\/aromasentia.com\/es\/wp-json\/wp\/v2\/product\/228270\/revisions"}],"wp:featuredmedia":[{"embeddable":true,"href":"https:\/\/aromasentia.com\/es\/wp-json\/wp\/v2\/media\/372009"}],"wp:attachment":[{"href":"https:\/\/aromasentia.com\/es\/wp-json\/wp\/v2\/media?parent=228270"}],"wp:term":[{"taxonomy":"product_brand","embeddable":true,"href":"https:\/\/aromasentia.com\/es\/wp-json\/wp\/v2\/product_brand?post=228270"},{"taxonomy":"product_cat","embeddable":true,"href":"https:\/\/aromasentia.com\/es\/wp-json\/wp\/v2\/product_cat?post=228270"},{"taxonomy":"product_tag","embeddable":true,"href":"https:\/\/aromasentia.com\/es\/wp-json\/wp\/v2\/product_tag?post=228270"}],"curies":[{"name":"wp","href":"https:\/\/api.w.org\/{rel}","templated":true}]}}