{"id":228266,"date":"2025-03-22T16:05:35","date_gmt":"2025-03-22T16:05:35","guid":{"rendered":"https:\/\/aromasentia.com\/product\/1x-molten-glass-tank-on-wood-with-stand-large-bowl\/"},"modified":"2025-12-30T21:26:21","modified_gmt":"2025-12-30T21:26:21","slug":"tanque-de-vidrio-fundido-sobre-madera-con-soporte-cuenco-mediano","status":"publish","type":"product","link":"https:\/\/aromasentia.com\/es\/tanque-de-vidrio-fundido-sobre-madera-con-soporte-cuenco-mediano\/","title":{"rendered":"Tanque de vidrio fundido sobre madera con soporte &#8211; Cuenco mediano"},"content":{"rendered":"<p>El tanque de vidrio fundido sobre madera (tama\u00f1o mediano) es uno de los productos m\u00e1s destacado dentro de su categor\u00eda.&nbsp;<\/p>\n<p>En la elaboraci\u00f3n es este producto se han aplicado <strong>t\u00e9cnicas balinesas tradicionales<\/strong>. Siendo capaces de juntar dos mundos: el mundo natural (la madera) y el mundo artificial (lo que ser\u00eda el vidrio). Este producto encaja correctamente ya que nuestros artesanos en <strong>Bali,<\/strong> fusionan estas dos piezas cuando el vidrio est\u00e1 muy caliente, alcanzando de esta forma la pieza perfecta.<\/p>\n<p>Este producto se vende en pack de 2 unidades.&nbsp;<\/p>\n<p><strong>\u00a1Nota!:<\/strong> Tenga en cuenta que, debido a la naturaleza artesanal de este producto, puede haber peque\u00f1as imperfecciones en el vidrio, como peque\u00f1as burbujas y ligeros rasgu\u00f1os. Los tama\u00f1os y dise\u00f1os pueden variar ligeramente.<\/p>\n","protected":false},"excerpt":{"rendered":"<p>El tanque de vidrio fundido sobre madera (tama\u00f1o mediano) es uno de los productos m\u00e1s destacado dentro de su categor\u00eda.&nbsp; En la elaboraci\u00f3n es este producto se han aplicado t\u00e9cnicas balinesas tradicionales. Siendo capaces de juntar dos mundos: el mundo natural (la madera) y el mundo artificial (lo que ser\u00eda el vidrio). Este producto encaja [&hellip;]<\/p>\n","protected":false},"featured_media":371960,"comment_status":"closed","ping_status":"open","template":"","meta":{"_angie_page":false},"product_brand":[],"product_cat":[14456,17580],"product_tag":[],"class_list":{"0":"post-228266","1":"product","2":"type-product","3":"status-publish","4":"has-post-thumbnail","6":"product_cat-decoracion-hogar-y-jardin","7":"product_cat-decoraciones-de-vidrio","8":"pa_collection-molten-glass-on-wood-es","9":"pa_made-in-indonesia","11":"first","12":"instock","13":"purchasable","14":"product-type-simple"},"supplier_id":null,"supplier_sku":"MGW-21","barcode":null,"atum_controlled":true,"out_stock_date":null,"out_stock_threshold":null,"inheritable":false,"inbound_stock":null,"stock_on_hold":0,"sold_today":0,"sales_last_days":0,"reserved_stock":null,"customer_returns":null,"warehouse_damage":null,"lost_in_post":null,"other_logs":null,"out_stock_days":0,"lost_sales":0,"has_location":null,"update_date":"2026-05-08T05:13:10","atum_locations":[],"atum_stock_status":"instock","restock_status":false,"low_stock_amount":"","sales_update_date":"2025-09-05T00:29:27","calc_backorders":null,"_links":{"self":[{"href":"https:\/\/aromasentia.com\/es\/wp-json\/wp\/v2\/product\/228266","targetHints":{"allow":["GET"]}}],"collection":[{"href":"https:\/\/aromasentia.com\/es\/wp-json\/wp\/v2\/product"}],"about":[{"href":"https:\/\/aromasentia.com\/es\/wp-json\/wp\/v2\/types\/product"}],"replies":[{"embeddable":true,"href":"https:\/\/aromasentia.com\/es\/wp-json\/wp\/v2\/comments?post=228266"}],"version-history":[{"count":0,"href":"https:\/\/aromasentia.com\/es\/wp-json\/wp\/v2\/product\/228266\/revisions"}],"wp:featuredmedia":[{"embeddable":true,"href":"https:\/\/aromasentia.com\/es\/wp-json\/wp\/v2\/media\/371960"}],"wp:attachment":[{"href":"https:\/\/aromasentia.com\/es\/wp-json\/wp\/v2\/media?parent=228266"}],"wp:term":[{"taxonomy":"product_brand","embeddable":true,"href":"https:\/\/aromasentia.com\/es\/wp-json\/wp\/v2\/product_brand?post=228266"},{"taxonomy":"product_cat","embeddable":true,"href":"https:\/\/aromasentia.com\/es\/wp-json\/wp\/v2\/product_cat?post=228266"},{"taxonomy":"product_tag","embeddable":true,"href":"https:\/\/aromasentia.com\/es\/wp-json\/wp\/v2\/product_tag?post=228266"}],"curies":[{"name":"wp","href":"https:\/\/api.w.org\/{rel}","templated":true}]}}