{"id":228262,"date":"2025-03-22T16:05:35","date_gmt":"2025-03-22T16:05:35","guid":{"rendered":"https:\/\/aromasentia.com\/product\/molten-glass-tank-on-wood-with-stand-small-bowl\/"},"modified":"2025-12-30T21:26:21","modified_gmt":"2025-12-30T21:26:21","slug":"tanque-de-vidrio-fundido-sobre-madera-con-soporte-cuenco-pequeno","status":"publish","type":"product","link":"https:\/\/aromasentia.com\/es\/tanque-de-vidrio-fundido-sobre-madera-con-soporte-cuenco-pequeno\/","title":{"rendered":"Tanque de vidrio fundido sobre madera con soporte &#8211; Cuenco peque\u00f1o"},"content":{"rendered":"<p><strong>\u00bfTus clientes son amantes de los productos de decoraci\u00f3n?<\/strong> Aroma Sentia ofrece directamente de Bali este pack de 3 cuencos peque\u00f1os (rectangulares) de vidrios fundidos en madera.&nbsp;<\/p>\n<p>Gracias a este set de vidrios fundidos sobre madera puede ofrecer a sus clientes crear un espacio natural en cualquier rinc\u00f3n de sus casas. Sirve para decoraci\u00f3n tanto interior como exterior.&nbsp;<\/p>\n<p><strong>\u00bfC\u00f3mo complementar este producto?&nbsp;<\/strong><\/p>\n<p>Puede agregar plantas o piedras preciosas para conseguir un producto r\u00fastico y natural. Trae la naturaleza al interior con estas obras de arte naturales absolutamente hermosas y que tus clientes realmente querr\u00e1n tener.&nbsp;<\/p>\n<p>La elaboraci\u00f3n de este producto es <strong>hecha a mano&nbsp;<\/strong> Este producto se vende en pack de 3 unidades. &nbsp;Para poder ver c\u00f3mo queda el producto expuesto, v\u00e9ase la imagen 3.<\/p>\n<p>\u00a1Venda y aumente tus ventas con este producto procedente de Bali!<\/p>\n<p><strong>\u00a1Nota!:<\/strong> Tenga en cuenta que, debido a la naturaleza artesanal de este producto, puede haber peque\u00f1as imperfecciones en el vidrio, como peque\u00f1as burbujas y ligeros rasgu\u00f1os. Los tama\u00f1os y dise\u00f1os pueden variar ligeramente.<\/p>\n","protected":false},"excerpt":{"rendered":"<p>\u00bfTus clientes son amantes de los productos de decoraci\u00f3n? Aroma Sentia ofrece directamente de Bali este pack de 3 cuencos peque\u00f1os (rectangulares) de vidrios fundidos en madera.&nbsp; Gracias a este set de vidrios fundidos sobre madera puede ofrecer a sus clientes crear un espacio natural en cualquier rinc\u00f3n de sus casas. Sirve para decoraci\u00f3n tanto [&hellip;]<\/p>\n","protected":false},"featured_media":371911,"comment_status":"closed","ping_status":"open","template":"","meta":{"_angie_page":false},"product_brand":[],"product_cat":[14456,17580],"product_tag":[],"class_list":{"0":"post-228262","1":"product","2":"type-product","3":"status-publish","4":"has-post-thumbnail","6":"product_cat-decoracion-hogar-y-jardin","7":"product_cat-decoraciones-de-vidrio","8":"pa_collection-molten-glass-on-wood-es","9":"pa_made-in-indonesia","11":"first","12":"instock","13":"purchasable","14":"product-type-simple"},"supplier_id":null,"supplier_sku":"MGW-20","barcode":null,"atum_controlled":true,"out_stock_date":null,"out_stock_threshold":null,"inheritable":false,"inbound_stock":null,"stock_on_hold":0,"sold_today":0,"sales_last_days":0,"reserved_stock":null,"customer_returns":null,"warehouse_damage":null,"lost_in_post":null,"other_logs":null,"out_stock_days":0,"lost_sales":0,"has_location":null,"update_date":"2026-05-08T05:13:10","atum_locations":[],"atum_stock_status":"instock","restock_status":false,"low_stock_amount":"","sales_update_date":"2026-01-30T01:24:42","calc_backorders":null,"_links":{"self":[{"href":"https:\/\/aromasentia.com\/es\/wp-json\/wp\/v2\/product\/228262","targetHints":{"allow":["GET"]}}],"collection":[{"href":"https:\/\/aromasentia.com\/es\/wp-json\/wp\/v2\/product"}],"about":[{"href":"https:\/\/aromasentia.com\/es\/wp-json\/wp\/v2\/types\/product"}],"replies":[{"embeddable":true,"href":"https:\/\/aromasentia.com\/es\/wp-json\/wp\/v2\/comments?post=228262"}],"version-history":[{"count":0,"href":"https:\/\/aromasentia.com\/es\/wp-json\/wp\/v2\/product\/228262\/revisions"}],"wp:featuredmedia":[{"embeddable":true,"href":"https:\/\/aromasentia.com\/es\/wp-json\/wp\/v2\/media\/371911"}],"wp:attachment":[{"href":"https:\/\/aromasentia.com\/es\/wp-json\/wp\/v2\/media?parent=228262"}],"wp:term":[{"taxonomy":"product_brand","embeddable":true,"href":"https:\/\/aromasentia.com\/es\/wp-json\/wp\/v2\/product_brand?post=228262"},{"taxonomy":"product_cat","embeddable":true,"href":"https:\/\/aromasentia.com\/es\/wp-json\/wp\/v2\/product_cat?post=228262"},{"taxonomy":"product_tag","embeddable":true,"href":"https:\/\/aromasentia.com\/es\/wp-json\/wp\/v2\/product_tag?post=228262"}],"curies":[{"name":"wp","href":"https:\/\/api.w.org\/{rel}","templated":true}]}}