{"id":228258,"date":"2025-03-22T16:05:35","date_gmt":"2025-03-22T16:05:35","guid":{"rendered":"https:\/\/aromasentia.com\/product\/molten-glass-on-whitewash-wood-vase-medium\/"},"modified":"2025-12-30T21:26:21","modified_gmt":"2025-12-30T21:26:21","slug":"vidrio-fundido-sobre-madera-blanqueada-florero-mediano","status":"publish","type":"product","link":"https:\/\/aromasentia.com\/es\/vidrio-fundido-sobre-madera-blanqueada-florero-mediano\/","title":{"rendered":"Vidrio fundido sobre madera blanqueada &#8211; Florero &#8211; Mediano"},"content":{"rendered":"<p>Aroma Sentia ofrece estos jarrones de vidrio sobre madera blanqueada de tama\u00f1o peque\u00f1o. \u00bfQuieres este producto pero m\u00e1s peque\u00f1o? para verlo, haga clic<span style=\"color: rgb(184, 49, 47);\">&nbsp;<a href=\"https:\/\/aromasentia.com\/mgw-16\" rel=\"noopener noreferrer\" target=\"_blank\">&quot;aqu\u00ed&quot;<\/a><\/span><a href=\"https:\/\/aromasentia.com\/mgw-16\" rel=\"noopener noreferrer\" target=\"_blank\"><\/a><\/p>\n<p>Producto realizado a mano por nuestros artesanos en Bali. Se aplica el vidrio (en altas temperaturas) sobre la madera blanqueada. Estos jarrones sirven de decoraci\u00f3n tanto interior como exterior. Estos jarrones pueden usarse de diferentes maderas. Se puede a\u00f1adir piedras preciosas o flores cortadas para que aporte un toque natural en la casa de sus clientes. (V\u00e9ase en las fotograf\u00edas para ver el resultado final).<\/p>\n<p>Este producto se vende en conjunto de 4 unidades.&nbsp;<\/p>\n<p>\u00a1Nota!: Tenga en cuenta que, debido a la naturaleza artesanal de este producto, puede haber peque\u00f1as imperfecciones en el vidrio, como peque\u00f1as burbujas y rasgu\u00f1os ligeros. En su mayor\u00eda individualmente en caja segura.<\/p>\n","protected":false},"excerpt":{"rendered":"<p>Aroma Sentia ofrece estos jarrones de vidrio sobre madera blanqueada de tama\u00f1o peque\u00f1o. \u00bfQuieres este producto pero m\u00e1s peque\u00f1o? para verlo, haga clic&nbsp;&quot;aqu\u00ed&quot; Producto realizado a mano por nuestros artesanos en Bali. Se aplica el vidrio (en altas temperaturas) sobre la madera blanqueada. Estos jarrones sirven de decoraci\u00f3n tanto interior como exterior. Estos jarrones pueden [&hellip;]<\/p>\n","protected":false},"featured_media":371838,"comment_status":"closed","ping_status":"open","template":"","meta":{"_angie_page":false},"product_brand":[],"product_cat":[14456,17580],"product_tag":[],"class_list":{"0":"post-228258","1":"product","2":"type-product","3":"status-publish","4":"has-post-thumbnail","6":"product_cat-decoracion-hogar-y-jardin","7":"product_cat-decoraciones-de-vidrio","8":"pa_collection-molten-glass-on-wood-es","9":"pa_made-in-indonesia","11":"first","12":"instock","13":"purchasable","14":"product-type-simple"},"supplier_id":null,"supplier_sku":"MGW-17","barcode":null,"atum_controlled":true,"out_stock_date":null,"out_stock_threshold":null,"inheritable":false,"inbound_stock":null,"stock_on_hold":0,"sold_today":0,"sales_last_days":0,"reserved_stock":null,"customer_returns":null,"warehouse_damage":null,"lost_in_post":null,"other_logs":null,"out_stock_days":0,"lost_sales":0,"has_location":null,"update_date":"2026-05-08T05:13:10","atum_locations":[],"atum_stock_status":"instock","restock_status":false,"low_stock_amount":"","sales_update_date":"2026-01-30T01:25:54","calc_backorders":null,"_links":{"self":[{"href":"https:\/\/aromasentia.com\/es\/wp-json\/wp\/v2\/product\/228258","targetHints":{"allow":["GET"]}}],"collection":[{"href":"https:\/\/aromasentia.com\/es\/wp-json\/wp\/v2\/product"}],"about":[{"href":"https:\/\/aromasentia.com\/es\/wp-json\/wp\/v2\/types\/product"}],"replies":[{"embeddable":true,"href":"https:\/\/aromasentia.com\/es\/wp-json\/wp\/v2\/comments?post=228258"}],"version-history":[{"count":0,"href":"https:\/\/aromasentia.com\/es\/wp-json\/wp\/v2\/product\/228258\/revisions"}],"wp:featuredmedia":[{"embeddable":true,"href":"https:\/\/aromasentia.com\/es\/wp-json\/wp\/v2\/media\/371838"}],"wp:attachment":[{"href":"https:\/\/aromasentia.com\/es\/wp-json\/wp\/v2\/media?parent=228258"}],"wp:term":[{"taxonomy":"product_brand","embeddable":true,"href":"https:\/\/aromasentia.com\/es\/wp-json\/wp\/v2\/product_brand?post=228258"},{"taxonomy":"product_cat","embeddable":true,"href":"https:\/\/aromasentia.com\/es\/wp-json\/wp\/v2\/product_cat?post=228258"},{"taxonomy":"product_tag","embeddable":true,"href":"https:\/\/aromasentia.com\/es\/wp-json\/wp\/v2\/product_tag?post=228258"}],"curies":[{"name":"wp","href":"https:\/\/api.w.org\/{rel}","templated":true}]}}