{"id":228254,"date":"2025-03-22T16:05:35","date_gmt":"2025-03-22T16:05:35","guid":{"rendered":"https:\/\/aromasentia.com\/product\/molten-glass-on-whitewash-wood-vase-small\/"},"modified":"2025-12-30T21:26:21","modified_gmt":"2025-12-30T21:26:21","slug":"vidrio-fundido-sobre-madera-blanqueada-florero-pequeno","status":"publish","type":"product","link":"https:\/\/aromasentia.com\/es\/vidrio-fundido-sobre-madera-blanqueada-florero-pequeno\/","title":{"rendered":"Vidrio Fundido sobre Madera Blanqueada &#8211; Florero &#8211; Peque\u00f1o"},"content":{"rendered":"<p>Aroma Sentia ofrece estos jarrones de vidrio sobre madera blanqueada de tama\u00f1o peque\u00f1o. Tambi\u00e9n se vende este producto en tama\u00f1o mediano, para verlo, haga clic<span style=\"color: rgb(226, 80, 65);\">&nbsp;&quot;<a href=\"https:\/\/aromasentia.com\/mgw-17\" rel=\"noopener noreferrer\" target=\"_blank\">aqu\u00ed&quot;<\/a><\/span><\/p>\n<p>Producto realizado artesanalmente por nuestros artesanos en <strong>Bali.<\/strong> Se aplica el vidrio (en altas temperaturas) sobre la madera blanqueada. Estos jarrones sirven de decoraci\u00f3n tanto interior como exterior. Estos jarrones pueden usarse de diferentes maderas.&nbsp;<\/p>\n<p>Se puede a\u00f1adir piedras preciosas o flores cortadas para que aporte un toque natural en la casa de sus clientes. (V\u00e9ase en las fotograf\u00edas para ver el resultado final).<\/p>\n<p>Este producto se vende en conjunto de 4 unidades.&nbsp;<\/p>\n<p><strong>\u00a1Nota!:&nbsp;<\/strong>Tenga en cuenta que, debido a la naturaleza artesanal de este producto, puede haber peque\u00f1as imperfecciones en el vidrio, como peque\u00f1as burbujas y rasgu\u00f1os ligeros. En su mayor\u00eda individualmente en caja segura.<\/p>\n","protected":false},"excerpt":{"rendered":"<p>Aroma Sentia ofrece estos jarrones de vidrio sobre madera blanqueada de tama\u00f1o peque\u00f1o. Tambi\u00e9n se vende este producto en tama\u00f1o mediano, para verlo, haga clic&nbsp;&quot;aqu\u00ed&quot; Producto realizado artesanalmente por nuestros artesanos en Bali. Se aplica el vidrio (en altas temperaturas) sobre la madera blanqueada. Estos jarrones sirven de decoraci\u00f3n tanto interior como exterior. Estos jarrones [&hellip;]<\/p>\n","protected":false},"featured_media":371805,"comment_status":"closed","ping_status":"open","template":"","meta":{"_angie_page":false},"product_brand":[],"product_cat":[14456,17580],"product_tag":[],"class_list":{"0":"post-228254","1":"product","2":"type-product","3":"status-publish","4":"has-post-thumbnail","6":"product_cat-decoracion-hogar-y-jardin","7":"product_cat-decoraciones-de-vidrio","8":"pa_collection-molten-glass-on-wood-es","9":"pa_made-in-indonesia","11":"first","12":"instock","13":"purchasable","14":"product-type-simple"},"supplier_id":null,"supplier_sku":"MGW-16","barcode":null,"atum_controlled":true,"out_stock_date":null,"out_stock_threshold":null,"inheritable":false,"inbound_stock":null,"stock_on_hold":0,"sold_today":0,"sales_last_days":0,"reserved_stock":null,"customer_returns":null,"warehouse_damage":null,"lost_in_post":null,"other_logs":null,"out_stock_days":0,"lost_sales":0,"has_location":null,"update_date":"2026-05-08T05:13:10","atum_locations":[],"atum_stock_status":"instock","restock_status":false,"low_stock_amount":"","sales_update_date":"2026-01-30T01:26:28","calc_backorders":null,"_links":{"self":[{"href":"https:\/\/aromasentia.com\/es\/wp-json\/wp\/v2\/product\/228254","targetHints":{"allow":["GET"]}}],"collection":[{"href":"https:\/\/aromasentia.com\/es\/wp-json\/wp\/v2\/product"}],"about":[{"href":"https:\/\/aromasentia.com\/es\/wp-json\/wp\/v2\/types\/product"}],"replies":[{"embeddable":true,"href":"https:\/\/aromasentia.com\/es\/wp-json\/wp\/v2\/comments?post=228254"}],"version-history":[{"count":0,"href":"https:\/\/aromasentia.com\/es\/wp-json\/wp\/v2\/product\/228254\/revisions"}],"wp:featuredmedia":[{"embeddable":true,"href":"https:\/\/aromasentia.com\/es\/wp-json\/wp\/v2\/media\/371805"}],"wp:attachment":[{"href":"https:\/\/aromasentia.com\/es\/wp-json\/wp\/v2\/media?parent=228254"}],"wp:term":[{"taxonomy":"product_brand","embeddable":true,"href":"https:\/\/aromasentia.com\/es\/wp-json\/wp\/v2\/product_brand?post=228254"},{"taxonomy":"product_cat","embeddable":true,"href":"https:\/\/aromasentia.com\/es\/wp-json\/wp\/v2\/product_cat?post=228254"},{"taxonomy":"product_tag","embeddable":true,"href":"https:\/\/aromasentia.com\/es\/wp-json\/wp\/v2\/product_tag?post=228254"}],"curies":[{"name":"wp","href":"https:\/\/api.w.org\/{rel}","templated":true}]}}