{"id":228250,"date":"2025-03-22T16:05:35","date_gmt":"2025-03-22T16:05:35","guid":{"rendered":"https:\/\/aromasentia.com\/product\/molten-glass-on-wood-with-stand-large-bowl\/"},"modified":"2025-12-30T21:26:21","modified_gmt":"2025-12-30T21:26:21","slug":"vidrio-fundido-sobre-madera-con-soporte-cuenco-grande","status":"publish","type":"product","link":"https:\/\/aromasentia.com\/es\/vidrio-fundido-sobre-madera-con-soporte-cuenco-grande\/","title":{"rendered":"Vidrio fundido sobre madera con soporte &#8211; Cuenco grande"},"content":{"rendered":"<p>Para los amantes de la decoraci\u00f3n, Aroma Sentia presenta esta nueva variante de <strong>vidrio sobre madera con soporte<\/strong>, lo que dar\u00e1 m\u00e1s visibilidad del producto en tu tienda. Llamar\u00e1 la atenci\u00f3n de sus clientes.&nbsp;<\/p>\n<p>Nuestros artesanos en Bali han confeccionado este nuevo producto a mano. <strong>Producto artesanal y ecol\u00f3gico.&nbsp;<\/strong><\/p>\n<p><strong>\u00bfC\u00f3mo se ha creado o elaborado este producto?<\/strong><\/p>\n<p>Este producto se ha elaborado en Bali, por nuestros artesanos. Se funde el vidrio y una vez caliente, se fusiona con la madera. Alcanzando la conexi\u00f3n entre lo natural y lo artificial. Quedando como resultado, un producto perfecto para regalar. Producto elegante y diferenciador. Sorprende a tus seres m\u00e1s queridos con esta impresionante pieza.&nbsp;<\/p>\n<p>Aroma Sentia ofrece este producto en tama\u00f1o mediano y grande. Para ver este producto en mediano haga clic<span style=\"color: rgb(184, 49, 47);\">&nbsp;<\/span><a href=\"https:\/\/aromasentia.com\/mgw-18\" rel=\"noopener noreferrer\" target=\"_blank\"><span style=\"color: rgb(184, 49, 47);\">&quot;aqu\u00ed&quot;<\/span><\/a><\/p>\n<p><strong>\u00a1Nota!:<\/strong> Tenga en cuenta que, debido a la naturaleza artesanal de este producto, puede haber peque\u00f1as imperfecciones en el vidrio, como peque\u00f1as burbujas y rasgu\u00f1os ligeros. En su mayor\u00eda individualmente en caja segura.&nbsp;<\/p>\n","protected":false},"excerpt":{"rendered":"<p>Para los amantes de la decoraci\u00f3n, Aroma Sentia presenta esta nueva variante de vidrio sobre madera con soporte, lo que dar\u00e1 m\u00e1s visibilidad del producto en tu tienda. Llamar\u00e1 la atenci\u00f3n de sus clientes.&nbsp; Nuestros artesanos en Bali han confeccionado este nuevo producto a mano. Producto artesanal y ecol\u00f3gico.&nbsp; \u00bfC\u00f3mo se ha creado o elaborado [&hellip;]<\/p>\n","protected":false},"featured_media":371708,"comment_status":"closed","ping_status":"open","template":"","meta":{"_angie_page":false},"product_brand":[],"product_cat":[14456,17580],"product_tag":[],"class_list":{"0":"post-228250","1":"product","2":"type-product","3":"status-publish","4":"has-post-thumbnail","6":"product_cat-decoracion-hogar-y-jardin","7":"product_cat-decoraciones-de-vidrio","8":"pa_collection-molten-glass-on-wood-es","9":"pa_made-in-indonesia","11":"first","12":"instock","13":"purchasable","14":"product-type-simple"},"supplier_id":null,"supplier_sku":"MGW-19","barcode":null,"atum_controlled":true,"out_stock_date":null,"out_stock_threshold":null,"inheritable":false,"inbound_stock":null,"stock_on_hold":0,"sold_today":0,"sales_last_days":0,"reserved_stock":null,"customer_returns":null,"warehouse_damage":null,"lost_in_post":null,"other_logs":null,"out_stock_days":0,"lost_sales":0,"has_location":null,"update_date":"2026-05-08T05:13:10","atum_locations":[],"atum_stock_status":"instock","restock_status":false,"low_stock_amount":"","sales_update_date":"2026-02-06T00:02:04","calc_backorders":null,"_links":{"self":[{"href":"https:\/\/aromasentia.com\/es\/wp-json\/wp\/v2\/product\/228250","targetHints":{"allow":["GET"]}}],"collection":[{"href":"https:\/\/aromasentia.com\/es\/wp-json\/wp\/v2\/product"}],"about":[{"href":"https:\/\/aromasentia.com\/es\/wp-json\/wp\/v2\/types\/product"}],"replies":[{"embeddable":true,"href":"https:\/\/aromasentia.com\/es\/wp-json\/wp\/v2\/comments?post=228250"}],"version-history":[{"count":0,"href":"https:\/\/aromasentia.com\/es\/wp-json\/wp\/v2\/product\/228250\/revisions"}],"wp:featuredmedia":[{"embeddable":true,"href":"https:\/\/aromasentia.com\/es\/wp-json\/wp\/v2\/media\/371708"}],"wp:attachment":[{"href":"https:\/\/aromasentia.com\/es\/wp-json\/wp\/v2\/media?parent=228250"}],"wp:term":[{"taxonomy":"product_brand","embeddable":true,"href":"https:\/\/aromasentia.com\/es\/wp-json\/wp\/v2\/product_brand?post=228250"},{"taxonomy":"product_cat","embeddable":true,"href":"https:\/\/aromasentia.com\/es\/wp-json\/wp\/v2\/product_cat?post=228250"},{"taxonomy":"product_tag","embeddable":true,"href":"https:\/\/aromasentia.com\/es\/wp-json\/wp\/v2\/product_tag?post=228250"}],"curies":[{"name":"wp","href":"https:\/\/api.w.org\/{rel}","templated":true}]}}