{"id":228246,"date":"2025-03-22T16:05:35","date_gmt":"2025-03-22T16:05:35","guid":{"rendered":"https:\/\/aromasentia.com\/product\/molten-glass-on-wood-with-stand-medium-bowl\/"},"modified":"2025-12-30T21:26:21","modified_gmt":"2025-12-30T21:26:21","slug":"vidrio-fundido-sobre-madera-con-soporte-cuenco-mediano","status":"publish","type":"product","link":"https:\/\/aromasentia.com\/es\/vidrio-fundido-sobre-madera-con-soporte-cuenco-mediano\/","title":{"rendered":"Vidrio fundido sobre madera con soporte &#8211; Cuenco mediano"},"content":{"rendered":"<p>Directamente desde Indonesia, Aroma Sentia presenta esta nueva variante de <strong>vidrio sobre madera con soporte<\/strong>, lo que dar\u00e1 m\u00e1s visibilidad del producto en tu tienda. Llamar\u00e1 la atenci\u00f3n de sus clientes.&nbsp;<\/p>\n<p>Dentro de la familia de este producto, ofrecemos diferentes variantes que puede verla aqu\u00ed:<\/p>\n<ul>\n<li><a href=\"https:\/\/aromasentia.com\/mgw-01\" rel=\"noopener noreferrer\" target=\"_blank\">Vidrio fundido sobre madera de Gamal<\/a><\/li>\n<li><a href=\"https:\/\/aromasentia.com\/mgw-13\" rel=\"noopener noreferrer\" target=\"_blank\">Vidrio fundido sobre madera blanqueada.&nbsp;<\/a><\/li>\n<\/ul>\n<p>Nuestros artesanos en Bali han confeccionado este nuevo producto a mano. <strong>Producto artesanal y ecol\u00f3gico.&nbsp;<\/strong><\/p>\n<p><strong>\u00bfC\u00f3mo se ha creado o elaborado este producto?<\/strong><\/p>\n<p>Para la elaboraci\u00f3n de este producto, nuestros artesanos han fundido el vidrio en altas temperaturas. Una vez alcanzada la temperatura \u00f3ptima se coloca el vidrio sobre la madera antes de enfriarse para que el vidrio se adapte a la madera. De esta forma se consigue un producto \u00fanico y singular.<\/p>\n<p>Aroma Sentia ofrece este producto en tama\u00f1o mediano y grande. Para ver este producto en grande haga clic<span style=\"color: rgb(184, 49, 47);\">&nbsp;<a href=\"https:\/\/aromasentia.com\/mgw-19\" rel=\"noopener noreferrer\" target=\"_blank\">&quot;aqu\u00ed&quot;<\/a><\/span><\/p>\n<p><strong>\u00a1Nota!:<\/strong> Tenga en cuenta que, debido a la naturaleza artesanal de este producto, puede haber peque\u00f1as imperfecciones en el vidrio, como peque\u00f1as burbujas y rasgu\u00f1os ligeros. En su mayor\u00eda individualmente en caja segura.&nbsp;<\/p>\n","protected":false},"excerpt":{"rendered":"<p>Directamente desde Indonesia, Aroma Sentia presenta esta nueva variante de vidrio sobre madera con soporte, lo que dar\u00e1 m\u00e1s visibilidad del producto en tu tienda. Llamar\u00e1 la atenci\u00f3n de sus clientes.&nbsp; Dentro de la familia de este producto, ofrecemos diferentes variantes que puede verla aqu\u00ed: Vidrio fundido sobre madera de Gamal Vidrio fundido sobre madera [&hellip;]<\/p>\n","protected":false},"featured_media":371659,"comment_status":"closed","ping_status":"open","template":"","meta":{"_angie_page":false},"product_brand":[],"product_cat":[14456,17580],"product_tag":[],"class_list":{"0":"post-228246","1":"product","2":"type-product","3":"status-publish","4":"has-post-thumbnail","6":"product_cat-decoracion-hogar-y-jardin","7":"product_cat-decoraciones-de-vidrio","8":"pa_collection-molten-glass-on-wood-es","9":"pa_made-in-indonesia","11":"first","12":"instock","13":"purchasable","14":"product-type-simple"},"supplier_id":null,"supplier_sku":"MGW-18","barcode":null,"atum_controlled":true,"out_stock_date":null,"out_stock_threshold":null,"inheritable":false,"inbound_stock":null,"stock_on_hold":0,"sold_today":0,"sales_last_days":0,"reserved_stock":null,"customer_returns":null,"warehouse_damage":null,"lost_in_post":null,"other_logs":null,"out_stock_days":0,"lost_sales":0,"has_location":null,"update_date":"2026-05-08T05:13:10","atum_locations":[],"atum_stock_status":"instock","restock_status":false,"low_stock_amount":"","sales_update_date":"2026-02-06T00:02:07","calc_backorders":null,"_links":{"self":[{"href":"https:\/\/aromasentia.com\/es\/wp-json\/wp\/v2\/product\/228246","targetHints":{"allow":["GET"]}}],"collection":[{"href":"https:\/\/aromasentia.com\/es\/wp-json\/wp\/v2\/product"}],"about":[{"href":"https:\/\/aromasentia.com\/es\/wp-json\/wp\/v2\/types\/product"}],"replies":[{"embeddable":true,"href":"https:\/\/aromasentia.com\/es\/wp-json\/wp\/v2\/comments?post=228246"}],"version-history":[{"count":0,"href":"https:\/\/aromasentia.com\/es\/wp-json\/wp\/v2\/product\/228246\/revisions"}],"wp:featuredmedia":[{"embeddable":true,"href":"https:\/\/aromasentia.com\/es\/wp-json\/wp\/v2\/media\/371659"}],"wp:attachment":[{"href":"https:\/\/aromasentia.com\/es\/wp-json\/wp\/v2\/media?parent=228246"}],"wp:term":[{"taxonomy":"product_brand","embeddable":true,"href":"https:\/\/aromasentia.com\/es\/wp-json\/wp\/v2\/product_brand?post=228246"},{"taxonomy":"product_cat","embeddable":true,"href":"https:\/\/aromasentia.com\/es\/wp-json\/wp\/v2\/product_cat?post=228246"},{"taxonomy":"product_tag","embeddable":true,"href":"https:\/\/aromasentia.com\/es\/wp-json\/wp\/v2\/product_tag?post=228246"}],"curies":[{"name":"wp","href":"https:\/\/api.w.org\/{rel}","templated":true}]}}