{"id":228242,"date":"2025-03-22T16:05:35","date_gmt":"2025-03-22T16:05:35","guid":{"rendered":"https:\/\/aromasentia.com\/product\/molten-glass-on-whitewash-wood-large-bowl\/"},"modified":"2025-12-30T21:26:21","modified_gmt":"2025-12-30T21:26:21","slug":"vidrio-fundido-sobre-madera-blanqueada-cuenco-grande","status":"publish","type":"product","link":"https:\/\/aromasentia.com\/es\/vidrio-fundido-sobre-madera-blanqueada-cuenco-grande\/","title":{"rendered":"Vidrio fundido sobre madera blanqueada &#8211; Cuenco grande"},"content":{"rendered":"<p>Este Bol de Vidrio Fundido en Bali sobre madera brindar\u00e1 es un <strong>producto hecho a ma<\/strong><strong>no.&nbsp;<\/strong>Para obtener este producto, nuestros artesanos en<strong>&nbsp;Bali <\/strong>calientan el vidrio a altas temperaturas lo que permite que se adapte perfectamente a la pieza de madera, creando un producto \u00fanico y singular.&nbsp;<\/p>\n<p>Este cuenco de vidrio fundido &nbsp;sobre madera blanqueada tiene un tama\u00f1o grande y es perfecto para colocar piedras, arena arom\u00e1tica o incluso una planta. &nbsp;(V\u00e9ase en las imagen 2).<\/p>\n<p>Si quiere ver las dem\u00e1s versiones de este producto, haga clic: <a href=\"https:\/\/aromasentia.com\/mgw\" rel=\"noopener noreferrer\" target=\"_blank\"><span style=\"color: rgb(184, 49, 47);\">&quot;aqu\u00ed&quot;<\/span><\/a><\/p>\n<p>Gracias a este producto puede crear una exhibici\u00f3n de decoraci\u00f3n para que sus clientes vean c\u00f3mo quedar\u00edan en sus casas. Sirve tanto para interior como para exterior.&nbsp;<\/p>\n<p><strong>\u00a1Nota!:<\/strong> Tenga en cuenta que, debido a la naturaleza artesanal de este producto, puede haber peque\u00f1as imperfecciones en el vidrio, como peque\u00f1as burbujas y rasgu\u00f1os ligeros.<\/p>\n","protected":false},"excerpt":{"rendered":"<p>Este Bol de Vidrio Fundido en Bali sobre madera brindar\u00e1 es un producto hecho a mano.&nbsp;Para obtener este producto, nuestros artesanos en&nbsp;Bali calientan el vidrio a altas temperaturas lo que permite que se adapte perfectamente a la pieza de madera, creando un producto \u00fanico y singular.&nbsp; Este cuenco de vidrio fundido &nbsp;sobre madera blanqueada tiene [&hellip;]<\/p>\n","protected":false},"featured_media":371626,"comment_status":"closed","ping_status":"open","template":"","meta":{"_angie_page":false},"product_brand":[],"product_cat":[14456,17580],"product_tag":[],"class_list":{"0":"post-228242","1":"product","2":"type-product","3":"status-publish","4":"has-post-thumbnail","6":"product_cat-decoracion-hogar-y-jardin","7":"product_cat-decoraciones-de-vidrio","8":"pa_collection-molten-glass-on-wood-es","9":"pa_made-in-indonesia","11":"first","12":"instock","13":"purchasable","14":"product-type-simple"},"supplier_id":null,"supplier_sku":"MGW-15","barcode":null,"atum_controlled":true,"out_stock_date":null,"out_stock_threshold":null,"inheritable":false,"inbound_stock":null,"stock_on_hold":0,"sold_today":0,"sales_last_days":0,"reserved_stock":null,"customer_returns":null,"warehouse_damage":null,"lost_in_post":null,"other_logs":null,"out_stock_days":0,"lost_sales":0,"has_location":null,"update_date":"2026-05-08T05:13:10","atum_locations":[],"atum_stock_status":"instock","restock_status":false,"low_stock_amount":"","sales_update_date":"2026-01-30T01:24:34","calc_backorders":null,"_links":{"self":[{"href":"https:\/\/aromasentia.com\/es\/wp-json\/wp\/v2\/product\/228242","targetHints":{"allow":["GET"]}}],"collection":[{"href":"https:\/\/aromasentia.com\/es\/wp-json\/wp\/v2\/product"}],"about":[{"href":"https:\/\/aromasentia.com\/es\/wp-json\/wp\/v2\/types\/product"}],"replies":[{"embeddable":true,"href":"https:\/\/aromasentia.com\/es\/wp-json\/wp\/v2\/comments?post=228242"}],"version-history":[{"count":0,"href":"https:\/\/aromasentia.com\/es\/wp-json\/wp\/v2\/product\/228242\/revisions"}],"wp:featuredmedia":[{"embeddable":true,"href":"https:\/\/aromasentia.com\/es\/wp-json\/wp\/v2\/media\/371626"}],"wp:attachment":[{"href":"https:\/\/aromasentia.com\/es\/wp-json\/wp\/v2\/media?parent=228242"}],"wp:term":[{"taxonomy":"product_brand","embeddable":true,"href":"https:\/\/aromasentia.com\/es\/wp-json\/wp\/v2\/product_brand?post=228242"},{"taxonomy":"product_cat","embeddable":true,"href":"https:\/\/aromasentia.com\/es\/wp-json\/wp\/v2\/product_cat?post=228242"},{"taxonomy":"product_tag","embeddable":true,"href":"https:\/\/aromasentia.com\/es\/wp-json\/wp\/v2\/product_tag?post=228242"}],"curies":[{"name":"wp","href":"https:\/\/api.w.org\/{rel}","templated":true}]}}