{"id":228238,"date":"2025-03-22T16:05:35","date_gmt":"2025-03-22T16:05:35","guid":{"rendered":"https:\/\/aromasentia.com\/product\/molten-glass-on-whitewash-wood-medium-bowl-2\/"},"modified":"2025-12-30T21:26:21","modified_gmt":"2025-12-30T21:26:21","slug":"vidrio-fundido-sobre-madera-blanqueada-cuenco-mediano","status":"publish","type":"product","link":"https:\/\/aromasentia.com\/es\/vidrio-fundido-sobre-madera-blanqueada-cuenco-mediano\/","title":{"rendered":"Vidrio fundido sobre madera blanqueada &#8211; Cuenco mediano"},"content":{"rendered":"<p>Este bol &nbsp;de vidrio fundido de madera blanqueada es una nueva versi\u00f3n que ofrece Aroma Sentia.<strong>&nbsp; Producto hecho a mano en Bali,<\/strong> Indonesia.<\/p>\n<p>Coleccione este producto con los dem\u00e1s cuencos de vidrio soplado y realice una exhibici\u00f3n natural a sus clientes. Este tipo de producto se puede adaptar a todo tiempo de dise\u00f1os. Puede utilizarse tanto para colocar piedras, arenas, plantas o flores, etc.&nbsp;<\/p>\n<p>El tama\u00f1o de este cuento es mediano. Tambi\u00e9n tenemos disponibles cuencos peque\u00f1os o grandes. V\u00e9ase haciendo clic<a href=\"https:\/\/aromasentia.com\/mgw\" rel=\"noopener noreferrer\" target=\"_blank\"><span style=\"color: rgb(209, 72, 65);\"> &quot;aqu\u00ed<\/span><\/a><span style=\"color: rgb(209, 72, 65);\">&quot;<\/span><\/p>\n<p><strong>\u00a1Nota!:<\/strong> Tenga en cuenta que, debido a la naturaleza artesanal de este producto, puede haber peque\u00f1as imperfecciones en el vidrio, como peque\u00f1as burbujas y rasgu\u00f1os ligeros. <\/p>\n<p><\/p>\n","protected":false},"excerpt":{"rendered":"<p>Este bol &nbsp;de vidrio fundido de madera blanqueada es una nueva versi\u00f3n que ofrece Aroma Sentia.&nbsp; Producto hecho a mano en Bali, Indonesia. Coleccione este producto con los dem\u00e1s cuencos de vidrio soplado y realice una exhibici\u00f3n natural a sus clientes. Este tipo de producto se puede adaptar a todo tiempo de dise\u00f1os. Puede utilizarse [&hellip;]<\/p>\n","protected":false},"featured_media":371617,"comment_status":"closed","ping_status":"open","template":"","meta":{"_angie_page":false},"product_brand":[],"product_cat":[14456,17580],"product_tag":[],"class_list":{"0":"post-228238","1":"product","2":"type-product","3":"status-publish","4":"has-post-thumbnail","6":"product_cat-decoracion-hogar-y-jardin","7":"product_cat-decoraciones-de-vidrio","8":"pa_collection-molten-glass-on-wood-es","9":"pa_made-in-indonesia","11":"first","12":"instock","13":"purchasable","14":"product-type-simple"},"supplier_id":null,"supplier_sku":"MGW-14","barcode":null,"atum_controlled":true,"out_stock_date":null,"out_stock_threshold":null,"inheritable":false,"inbound_stock":null,"stock_on_hold":0,"sold_today":0,"sales_last_days":0,"reserved_stock":null,"customer_returns":null,"warehouse_damage":null,"lost_in_post":null,"other_logs":null,"out_stock_days":0,"lost_sales":0,"has_location":null,"update_date":"2026-04-27T07:12:41","atum_locations":[],"atum_stock_status":"instock","restock_status":false,"low_stock_amount":"","sales_update_date":"2025-09-05T00:29:26","calc_backorders":null,"_links":{"self":[{"href":"https:\/\/aromasentia.com\/es\/wp-json\/wp\/v2\/product\/228238","targetHints":{"allow":["GET"]}}],"collection":[{"href":"https:\/\/aromasentia.com\/es\/wp-json\/wp\/v2\/product"}],"about":[{"href":"https:\/\/aromasentia.com\/es\/wp-json\/wp\/v2\/types\/product"}],"replies":[{"embeddable":true,"href":"https:\/\/aromasentia.com\/es\/wp-json\/wp\/v2\/comments?post=228238"}],"version-history":[{"count":0,"href":"https:\/\/aromasentia.com\/es\/wp-json\/wp\/v2\/product\/228238\/revisions"}],"wp:featuredmedia":[{"embeddable":true,"href":"https:\/\/aromasentia.com\/es\/wp-json\/wp\/v2\/media\/371617"}],"wp:attachment":[{"href":"https:\/\/aromasentia.com\/es\/wp-json\/wp\/v2\/media?parent=228238"}],"wp:term":[{"taxonomy":"product_brand","embeddable":true,"href":"https:\/\/aromasentia.com\/es\/wp-json\/wp\/v2\/product_brand?post=228238"},{"taxonomy":"product_cat","embeddable":true,"href":"https:\/\/aromasentia.com\/es\/wp-json\/wp\/v2\/product_cat?post=228238"},{"taxonomy":"product_tag","embeddable":true,"href":"https:\/\/aromasentia.com\/es\/wp-json\/wp\/v2\/product_tag?post=228238"}],"curies":[{"name":"wp","href":"https:\/\/api.w.org\/{rel}","templated":true}]}}