{"id":228230,"date":"2025-03-22T16:05:35","date_gmt":"2025-03-22T16:05:35","guid":{"rendered":"https:\/\/aromasentia.com\/product\/molten-glass-on-wood-wine-decanter\/"},"modified":"2025-12-30T21:26:21","modified_gmt":"2025-12-30T21:26:21","slug":"vidrio-fundido-sobre-madera-jarron","status":"publish","type":"product","link":"https:\/\/aromasentia.com\/es\/vidrio-fundido-sobre-madera-jarron\/","title":{"rendered":"Vidrio Fundido Sobre Madera &#8211; Jarron"},"content":{"rendered":"<p>\u00bfConoces a alguien que sea amante del vino o de la decoraci\u00f3n? Este decantador de vino es ideal para los clientes que les interesa el mundo del vino.&nbsp;<\/p>\n<p>Aroma Sentia le proponemos este<strong>&nbsp;pack de 2 unidades&nbsp;<\/strong>de decantadores de vino. \u00fatil tanto para la decoraci\u00f3n o exposici\u00f3n del vino en sus casas.&nbsp;<\/p>\n<p>Los decantadores han sido elaborados por nuestros artesanos en Indonesia. Se ha utilizado <strong>vidrio reciclado<\/strong> y <strong>madera de Gamal<\/strong>. Gracias a ellos podemos ofrecer este producto que es el regalo perfecto para cumplea\u00f1os o d\u00edas especiales. &nbsp;<\/p>\n<p><strong>\u00bfC\u00f3mo se consigue esta forma?<\/strong> Los artesanos caliente el vidrio a una temperatura muy alta, lo que le permite ser manejable y luego se coloca suavemente sobre la madera antes de que se enfr\u00ede y se endurezca para que encaje perfectamente.&nbsp;<\/p>\n<p><strong><u>Dimensiones del producto:<\/u><\/strong><\/p>\n<p>&#8211; Alto: 32cm<\/p>\n<p>&#8211; Largo 14cm<\/p>\n<p>&#8211; Ancho: 12cm&nbsp;<\/p>\n<p><strong>\u00a1Nota!:&nbsp;<\/strong>Tenga en cuenta que, debido a la naturaleza artesanal de este producto, puede haber peque\u00f1as imperfecciones en el vidrio, como peque\u00f1as burbujas y rasgu\u00f1os ligeros.&nbsp;<\/p>\n<p><strong>Tenga en cuenta: \u00faselo solo con fines decorativos, no recomendamos usarlo con bebidas. &nbsp;<\/strong><\/p>\n","protected":false},"excerpt":{"rendered":"<p>\u00bfConoces a alguien que sea amante del vino o de la decoraci\u00f3n? Este decantador de vino es ideal para los clientes que les interesa el mundo del vino.&nbsp; Aroma Sentia le proponemos este&nbsp;pack de 2 unidades&nbsp;de decantadores de vino. \u00fatil tanto para la decoraci\u00f3n o exposici\u00f3n del vino en sus casas.&nbsp; Los decantadores han sido [&hellip;]<\/p>\n","protected":false},"featured_media":371527,"comment_status":"closed","ping_status":"open","template":"","meta":{"_angie_page":false},"product_brand":[],"product_cat":[14456,17580],"product_tag":[],"class_list":{"0":"post-228230","1":"product","2":"type-product","3":"status-publish","4":"has-post-thumbnail","6":"product_cat-decoracion-hogar-y-jardin","7":"product_cat-decoraciones-de-vidrio","8":"pa_collection-molten-glass-on-wood-es","9":"pa_made-in-bali","11":"first","12":"instock","13":"purchasable","14":"product-type-simple"},"supplier_id":null,"supplier_sku":"MGW-10","barcode":null,"atum_controlled":true,"out_stock_date":null,"out_stock_threshold":null,"inheritable":false,"inbound_stock":null,"stock_on_hold":0,"sold_today":0,"sales_last_days":0,"reserved_stock":null,"customer_returns":null,"warehouse_damage":null,"lost_in_post":null,"other_logs":null,"out_stock_days":0,"lost_sales":0,"has_location":null,"update_date":"2026-04-27T07:12:41","atum_locations":[],"atum_stock_status":"instock","restock_status":false,"low_stock_amount":"","sales_update_date":"2025-09-05T00:29:23","calc_backorders":null,"_links":{"self":[{"href":"https:\/\/aromasentia.com\/es\/wp-json\/wp\/v2\/product\/228230","targetHints":{"allow":["GET"]}}],"collection":[{"href":"https:\/\/aromasentia.com\/es\/wp-json\/wp\/v2\/product"}],"about":[{"href":"https:\/\/aromasentia.com\/es\/wp-json\/wp\/v2\/types\/product"}],"replies":[{"embeddable":true,"href":"https:\/\/aromasentia.com\/es\/wp-json\/wp\/v2\/comments?post=228230"}],"version-history":[{"count":0,"href":"https:\/\/aromasentia.com\/es\/wp-json\/wp\/v2\/product\/228230\/revisions"}],"wp:featuredmedia":[{"embeddable":true,"href":"https:\/\/aromasentia.com\/es\/wp-json\/wp\/v2\/media\/371527"}],"wp:attachment":[{"href":"https:\/\/aromasentia.com\/es\/wp-json\/wp\/v2\/media?parent=228230"}],"wp:term":[{"taxonomy":"product_brand","embeddable":true,"href":"https:\/\/aromasentia.com\/es\/wp-json\/wp\/v2\/product_brand?post=228230"},{"taxonomy":"product_cat","embeddable":true,"href":"https:\/\/aromasentia.com\/es\/wp-json\/wp\/v2\/product_cat?post=228230"},{"taxonomy":"product_tag","embeddable":true,"href":"https:\/\/aromasentia.com\/es\/wp-json\/wp\/v2\/product_tag?post=228230"}],"curies":[{"name":"wp","href":"https:\/\/api.w.org\/{rel}","templated":true}]}}