{"id":228226,"date":"2025-03-22T16:05:46","date_gmt":"2025-03-22T16:05:46","guid":{"rendered":"https:\/\/aromasentia.com\/product\/set-4-pampus-long-broom-natural-colours\/"},"modified":"2025-12-30T21:26:13","modified_gmt":"2025-12-30T21:26:13","slug":"set-4-pampus-long-broom-natural-colours","status":"publish","type":"product","link":"https:\/\/aromasentia.com\/es\/set-4-pampus-long-broom-natural-colours\/","title":{"rendered":"Set 4 &#8211; Pampus Long Broom &#8211; Natural colours"},"content":{"rendered":"<p>Eleve la decoraci\u00f3n de su hogar con estas impresionantes y r\u00fasticas <strong>escobas largas de pampa al por mayor,<\/strong>elaboradas a partir de <strong>materiales ecol\u00f3gicos<\/strong>. Estas escobas de moda seguro que ser\u00e1n un \u00e9xito en su tienda.<\/p>\n<p>Aumente el encanto de su sal\u00f3n o pasillo adornando sus paredes con estas piezas \u00fanicas.<\/p>\n<p>Tenga en cuenta que, debido al uso de materiales naturales, los mangos y las cerdas de las escobas pueden presentar ligeras variaciones con respecto a la imagen.<\/p>\n<p><strong>No se pierda estos fant\u00e1sticos art\u00edculos de decoraci\u00f3n para el hogar. P\u00eddelos ahora para tenerlos en tu tienda.<\/strong><\/p>\n<p>Dimensiones aproximadas:<\/p>\n<p>Tama\u00f1o: 55 x 14 cm <\/p>\n<p>Debido a la producci\u00f3n manual y al uso de materiales naturales, las dimensiones pueden variar.<\/p>\n<p>Dimensiones aproximadas: 55 x 14 cm.<\/p>\n","protected":false},"excerpt":{"rendered":"<p>Eleve la decoraci\u00f3n de su hogar con estas impresionantes y r\u00fasticas escobas largas de pampa al por mayor,elaboradas a partir de materiales ecol\u00f3gicos. Estas escobas de moda seguro que ser\u00e1n un \u00e9xito en su tienda. Aumente el encanto de su sal\u00f3n o pasillo adornando sus paredes con estas piezas \u00fanicas. Tenga en cuenta que, debido [&hellip;]<\/p>\n","protected":false},"featured_media":374777,"comment_status":"closed","ping_status":"open","template":"","meta":{"_angie_page":false},"product_brand":[],"product_cat":[16898,14456],"product_tag":[],"class_list":{"0":"post-228226","1":"product","2":"type-product","3":"status-publish","4":"has-post-thumbnail","6":"product_cat-decoracion","7":"product_cat-decoracion-hogar-y-jardin","8":"pa_collection-natural-pampus-broom-es","9":"pa_made-in-indonesia","11":"first","12":"instock","13":"purchasable","14":"product-type-simple"},"supplier_id":null,"supplier_sku":"NPB-02","barcode":null,"atum_controlled":true,"out_stock_date":null,"out_stock_threshold":null,"inheritable":false,"inbound_stock":null,"stock_on_hold":0,"sold_today":0,"sales_last_days":0,"reserved_stock":null,"customer_returns":null,"warehouse_damage":null,"lost_in_post":null,"other_logs":null,"out_stock_days":0,"lost_sales":0,"has_location":null,"update_date":"2026-04-27T07:15:31","atum_locations":[],"atum_stock_status":"instock","restock_status":false,"low_stock_amount":"","sales_update_date":"2026-01-30T01:24:30","calc_backorders":null,"_links":{"self":[{"href":"https:\/\/aromasentia.com\/es\/wp-json\/wp\/v2\/product\/228226","targetHints":{"allow":["GET"]}}],"collection":[{"href":"https:\/\/aromasentia.com\/es\/wp-json\/wp\/v2\/product"}],"about":[{"href":"https:\/\/aromasentia.com\/es\/wp-json\/wp\/v2\/types\/product"}],"replies":[{"embeddable":true,"href":"https:\/\/aromasentia.com\/es\/wp-json\/wp\/v2\/comments?post=228226"}],"version-history":[{"count":0,"href":"https:\/\/aromasentia.com\/es\/wp-json\/wp\/v2\/product\/228226\/revisions"}],"wp:featuredmedia":[{"embeddable":true,"href":"https:\/\/aromasentia.com\/es\/wp-json\/wp\/v2\/media\/374777"}],"wp:attachment":[{"href":"https:\/\/aromasentia.com\/es\/wp-json\/wp\/v2\/media?parent=228226"}],"wp:term":[{"taxonomy":"product_brand","embeddable":true,"href":"https:\/\/aromasentia.com\/es\/wp-json\/wp\/v2\/product_brand?post=228226"},{"taxonomy":"product_cat","embeddable":true,"href":"https:\/\/aromasentia.com\/es\/wp-json\/wp\/v2\/product_cat?post=228226"},{"taxonomy":"product_tag","embeddable":true,"href":"https:\/\/aromasentia.com\/es\/wp-json\/wp\/v2\/product_tag?post=228226"}],"curies":[{"name":"wp","href":"https:\/\/api.w.org\/{rel}","templated":true}]}}