{"id":228218,"date":"2025-03-22T16:05:46","date_gmt":"2025-03-22T16:05:46","guid":{"rendered":"https:\/\/aromasentia.com\/product\/set-4-pampas-fan-broom-natural-mixed-sizes\/"},"modified":"2025-12-30T21:26:13","modified_gmt":"2025-12-30T21:26:13","slug":"set-4-manojo-de-hierba-de-pampas-tamanos-mixtos-naturales","status":"publish","type":"product","link":"https:\/\/aromasentia.com\/es\/set-4-manojo-de-hierba-de-pampas-tamanos-mixtos-naturales\/","title":{"rendered":"Set 4 -Manojo de Hierba de Pampas &#8211; Tama\u00f1os Mixtos naturales"},"content":{"rendered":"<p>Estas <strong>escobas de pampus al por mayor<\/strong> son una gran adici\u00f3n a cualquier d&eacute;cor del hogar, con su <strong>hermoso y r\u00fastico dise\u00f1o<\/strong>.<\/p>\n<p>Fabricadas con materiales ecol\u00f3gicos,<\/p>\n<p>incluyendo la ex\u00f3tica hierba de la pampa, <strong>estas escobas est\u00e1n de moda y son f\u00e1ciles de vender.<\/strong><\/p>\n<p>Puede realzar su sal\u00f3n o pasillo con su encanto \u00fanico colg\u00e1ndolas en la pared.<\/p>\n<p>Por favor, tenga en cuenta que debido a los materiales naturales utilizados, el palo de la escoba o las cerdas pueden diferir ligeramente de la imagen.<\/p>\n<p><strong>Haga su pedido ahora para a\u00f1adir estos incre\u00edbles productos de decoraci\u00f3n del hogar a su tienda.<\/strong><\/p>\n<p><strong><em>Dimensiones aprox. (la mayor primero):<\/em><\/strong><\/p>\n<p><em>38x18cm, 34x15cm, 30x18cm, 28x15cm<\/em><\/p>\n<p><em>Debido a la producci\u00f3n manual y al uso de materiales naturales, las dimensiones pueden variar.<\/em><\/p>\n","protected":false},"excerpt":{"rendered":"<p>Estas escobas de pampus al por mayor son una gran adici\u00f3n a cualquier d&eacute;cor del hogar, con su hermoso y r\u00fastico dise\u00f1o. Fabricadas con materiales ecol\u00f3gicos, incluyendo la ex\u00f3tica hierba de la pampa, estas escobas est\u00e1n de moda y son f\u00e1ciles de vender. Puede realzar su sal\u00f3n o pasillo con su encanto \u00fanico colg\u00e1ndolas en [&hellip;]<\/p>\n","protected":false},"featured_media":374735,"comment_status":"closed","ping_status":"open","template":"","meta":{"_angie_page":false},"product_brand":[],"product_cat":[16898,14456],"product_tag":[],"class_list":{"0":"post-228218","1":"product","2":"type-product","3":"status-publish","4":"has-post-thumbnail","6":"product_cat-decoracion","7":"product_cat-decoracion-hogar-y-jardin","8":"pa_collection-natural-pampus-broom-es","9":"pa_made-in-indonesia","11":"first","12":"instock","13":"purchasable","14":"product-type-simple"},"supplier_id":null,"supplier_sku":"NPB-05","barcode":null,"atum_controlled":true,"out_stock_date":null,"out_stock_threshold":null,"inheritable":false,"inbound_stock":null,"stock_on_hold":0,"sold_today":0,"sales_last_days":0,"reserved_stock":null,"customer_returns":null,"warehouse_damage":null,"lost_in_post":null,"other_logs":null,"out_stock_days":0,"lost_sales":0,"has_location":null,"update_date":"2026-05-02T03:18:25","atum_locations":[],"atum_stock_status":"instock","restock_status":false,"low_stock_amount":"","sales_update_date":"2026-01-30T01:24:26","calc_backorders":null,"_links":{"self":[{"href":"https:\/\/aromasentia.com\/es\/wp-json\/wp\/v2\/product\/228218","targetHints":{"allow":["GET"]}}],"collection":[{"href":"https:\/\/aromasentia.com\/es\/wp-json\/wp\/v2\/product"}],"about":[{"href":"https:\/\/aromasentia.com\/es\/wp-json\/wp\/v2\/types\/product"}],"replies":[{"embeddable":true,"href":"https:\/\/aromasentia.com\/es\/wp-json\/wp\/v2\/comments?post=228218"}],"version-history":[{"count":0,"href":"https:\/\/aromasentia.com\/es\/wp-json\/wp\/v2\/product\/228218\/revisions"}],"wp:featuredmedia":[{"embeddable":true,"href":"https:\/\/aromasentia.com\/es\/wp-json\/wp\/v2\/media\/374735"}],"wp:attachment":[{"href":"https:\/\/aromasentia.com\/es\/wp-json\/wp\/v2\/media?parent=228218"}],"wp:term":[{"taxonomy":"product_brand","embeddable":true,"href":"https:\/\/aromasentia.com\/es\/wp-json\/wp\/v2\/product_brand?post=228218"},{"taxonomy":"product_cat","embeddable":true,"href":"https:\/\/aromasentia.com\/es\/wp-json\/wp\/v2\/product_cat?post=228218"},{"taxonomy":"product_tag","embeddable":true,"href":"https:\/\/aromasentia.com\/es\/wp-json\/wp\/v2\/product_tag?post=228218"}],"curies":[{"name":"wp","href":"https:\/\/api.w.org\/{rel}","templated":true}]}}