{"id":228210,"date":"2025-03-22T16:05:46","date_gmt":"2025-03-22T16:05:46","guid":{"rendered":"https:\/\/aromasentia.com\/product\/set-4-pampas-long-broom-vivid-colours\/"},"modified":"2025-12-30T21:26:13","modified_gmt":"2025-12-30T21:26:13","slug":"set-4-manojo-de-hierba-de-pampas-colores-vivos","status":"publish","type":"product","link":"https:\/\/aromasentia.com\/es\/set-4-manojo-de-hierba-de-pampas-colores-vivos\/","title":{"rendered":"Set 4 &#8211; Manojo de Hierba de Pampas &#8211; Colores Vivos"},"content":{"rendered":"<p>Estas hermosas <strong>escobas naturales al por mayor<\/strong> son ideales como piezas decorativas para colgar en su casa. Usted puede realzar el dise\u00f1o r\u00fastico colg\u00e1ndolo en la pared en la sala de estar o los pasillos. <\/p>\n<p>Los materiales ecol\u00f3gicos est\u00e1n seriamente en tendencia, especialmente los productos hechos de la hierba ex\u00f3tica de las pampas est\u00e1n de moda y son f\u00e1ciles de vender.<\/p>\n<p>Este cepillo est\u00e1 hecho a mano usando pampas secas. No s\u00f3lo es \u00fatil como cepillo, tambi\u00e9n es decorativo, perfecto para usar como arte de pared o para alegrar cualquier espacio del hogar.<\/p>\n<p>Fabricado a partir de cultivos totalmente sostenibles en Java central.<\/p>\n<p><em>POR FAVOR TENGA EN CUENTA: Debido a los materiales naturales el mango de la escoba o las cerdas pueden ser m\u00e1s largos o m\u00e1s cortos que en la imagen.&nbsp;<\/em><\/p>\n<p>Tama\u00f1o: 55 x 14 cm<\/p>\n<p><strong>Pide ahora y vende al por menor esta incre\u00edble decoraci\u00f3n para el hogar.<\/strong><\/p>\n","protected":false},"excerpt":{"rendered":"<p>Estas hermosas escobas naturales al por mayor son ideales como piezas decorativas para colgar en su casa. Usted puede realzar el dise\u00f1o r\u00fastico colg\u00e1ndolo en la pared en la sala de estar o los pasillos. Los materiales ecol\u00f3gicos est\u00e1n seriamente en tendencia, especialmente los productos hechos de la hierba ex\u00f3tica de las pampas est\u00e1n de [&hellip;]<\/p>\n","protected":false},"featured_media":374669,"comment_status":"closed","ping_status":"open","template":"","meta":{"_angie_page":false},"product_brand":[],"product_cat":[16898,14456],"product_tag":[],"class_list":{"0":"post-228210","1":"product","2":"type-product","3":"status-publish","4":"has-post-thumbnail","6":"product_cat-decoracion","7":"product_cat-decoracion-hogar-y-jardin","8":"pa_collection-natural-pampus-broom-es","9":"pa_made-in-indonesia","11":"first","12":"instock","13":"purchasable","14":"product-type-simple"},"supplier_id":null,"supplier_sku":"NPB-01","barcode":null,"atum_controlled":true,"out_stock_date":null,"out_stock_threshold":null,"inheritable":false,"inbound_stock":null,"stock_on_hold":0,"sold_today":0,"sales_last_days":0,"reserved_stock":null,"customer_returns":null,"warehouse_damage":null,"lost_in_post":null,"other_logs":null,"out_stock_days":0,"lost_sales":0,"has_location":null,"update_date":"2026-04-27T07:15:31","atum_locations":[],"atum_stock_status":"instock","restock_status":false,"low_stock_amount":"","sales_update_date":"2026-01-30T01:26:35","calc_backorders":null,"_links":{"self":[{"href":"https:\/\/aromasentia.com\/es\/wp-json\/wp\/v2\/product\/228210","targetHints":{"allow":["GET"]}}],"collection":[{"href":"https:\/\/aromasentia.com\/es\/wp-json\/wp\/v2\/product"}],"about":[{"href":"https:\/\/aromasentia.com\/es\/wp-json\/wp\/v2\/types\/product"}],"replies":[{"embeddable":true,"href":"https:\/\/aromasentia.com\/es\/wp-json\/wp\/v2\/comments?post=228210"}],"version-history":[{"count":0,"href":"https:\/\/aromasentia.com\/es\/wp-json\/wp\/v2\/product\/228210\/revisions"}],"wp:featuredmedia":[{"embeddable":true,"href":"https:\/\/aromasentia.com\/es\/wp-json\/wp\/v2\/media\/374669"}],"wp:attachment":[{"href":"https:\/\/aromasentia.com\/es\/wp-json\/wp\/v2\/media?parent=228210"}],"wp:term":[{"taxonomy":"product_brand","embeddable":true,"href":"https:\/\/aromasentia.com\/es\/wp-json\/wp\/v2\/product_brand?post=228210"},{"taxonomy":"product_cat","embeddable":true,"href":"https:\/\/aromasentia.com\/es\/wp-json\/wp\/v2\/product_cat?post=228210"},{"taxonomy":"product_tag","embeddable":true,"href":"https:\/\/aromasentia.com\/es\/wp-json\/wp\/v2\/product_tag?post=228210"}],"curies":[{"name":"wp","href":"https:\/\/api.w.org\/{rel}","templated":true}]}}