{"id":228138,"date":"2025-03-22T16:05:46","date_gmt":"2025-03-22T16:05:46","guid":{"rendered":"https:\/\/aromasentia.com\/product\/small-natural-banana-leaf-lamp-shade-h25xd20cm\/"},"modified":"2025-12-30T21:25:56","modified_gmt":"2025-12-30T21:25:56","slug":"small-natural-banana-leaf-lamp-shade-h25xd20cm","status":"publish","type":"product","link":"https:\/\/aromasentia.com\/es\/small-natural-banana-leaf-lamp-shade-h25xd20cm\/","title":{"rendered":"Small Natural Banana Leaf Lamp Shade &#8211; H:25xD:20cm"},"content":{"rendered":"<p>A\u00f1ade un toque de encanto compacto y natural con esta peque\u00f1a pantalla de l\u00e1mpara de hoja de pl\u00e1tano natural. Con unas medidas de 25 cm de alto por 20 cm de fondo, esta preciosa pantalla tejida a mano est\u00e1 hecha de hoja de pl\u00e1tano natural, perfecta para l\u00e1mparas peque\u00f1as. Difunde la luz con calidez, creando un ambiente acogedor al tiempo que muestra la textura org\u00e1nica y la elegancia r\u00fastica del material. Una pieza ecol\u00f3gica y artesanal que aporta un toque de serenidad tropical y belleza natural a cualquier espacio peque\u00f1o o rinc\u00f3n de lectura.<\/p>\n","protected":false},"excerpt":{"rendered":"<p>A\u00f1ade un toque de encanto compacto y natural con esta peque\u00f1a pantalla de l\u00e1mpara de hoja de pl\u00e1tano natural. Con unas medidas de 25 cm de alto por 20 cm de fondo, esta preciosa pantalla tejida a mano est\u00e1 hecha de hoja de pl\u00e1tano natural, perfecta para l\u00e1mparas peque\u00f1as. Difunde la luz con calidez, creando [&hellip;]<\/p>\n","protected":false},"featured_media":374227,"comment_status":"closed","ping_status":"open","template":"","meta":[],"product_brand":[],"product_cat":[14456,17248],"product_tag":[],"class_list":{"0":"post-228138","1":"product","2":"type-product","3":"status-publish","4":"has-post-thumbnail","6":"product_cat-decoracion-hogar-y-jardin","7":"product_cat-lamparas-y-linternas","8":"pa_collection-natural-banana-leaf-hitam-raffia-lamp-shades-es","9":"pa_made-in-indonesia","11":"first","12":"outofstock","13":"purchasable","14":"product-type-simple"},"supplier_id":null,"supplier_sku":"NLAS-01S","barcode":null,"atum_controlled":true,"out_stock_date":"2025-10-09 12:14:32","out_stock_threshold":null,"inheritable":false,"inbound_stock":null,"stock_on_hold":0,"sold_today":0,"sales_last_days":0,"reserved_stock":null,"customer_returns":null,"warehouse_damage":null,"lost_in_post":null,"other_logs":null,"out_stock_days":112,"lost_sales":0,"has_location":null,"update_date":"2026-01-30T01:25:06","atum_locations":[],"atum_stock_status":"outofstock","restock_status":false,"low_stock_amount":"","sales_update_date":"2026-01-30T01:25:06","calc_backorders":null,"_links":{"self":[{"href":"https:\/\/aromasentia.com\/es\/wp-json\/wp\/v2\/product\/228138","targetHints":{"allow":["GET"]}}],"collection":[{"href":"https:\/\/aromasentia.com\/es\/wp-json\/wp\/v2\/product"}],"about":[{"href":"https:\/\/aromasentia.com\/es\/wp-json\/wp\/v2\/types\/product"}],"replies":[{"embeddable":true,"href":"https:\/\/aromasentia.com\/es\/wp-json\/wp\/v2\/comments?post=228138"}],"version-history":[{"count":0,"href":"https:\/\/aromasentia.com\/es\/wp-json\/wp\/v2\/product\/228138\/revisions"}],"wp:featuredmedia":[{"embeddable":true,"href":"https:\/\/aromasentia.com\/es\/wp-json\/wp\/v2\/media\/374227"}],"wp:attachment":[{"href":"https:\/\/aromasentia.com\/es\/wp-json\/wp\/v2\/media?parent=228138"}],"wp:term":[{"taxonomy":"product_brand","embeddable":true,"href":"https:\/\/aromasentia.com\/es\/wp-json\/wp\/v2\/product_brand?post=228138"},{"taxonomy":"product_cat","embeddable":true,"href":"https:\/\/aromasentia.com\/es\/wp-json\/wp\/v2\/product_cat?post=228138"},{"taxonomy":"product_tag","embeddable":true,"href":"https:\/\/aromasentia.com\/es\/wp-json\/wp\/v2\/product_tag?post=228138"}],"curies":[{"name":"wp","href":"https:\/\/api.w.org\/{rel}","templated":true}]}}