{"id":228130,"date":"2025-03-22T16:05:46","date_gmt":"2025-03-22T16:05:46","guid":{"rendered":"https:\/\/aromasentia.com\/product\/natural-banana-leaf-hitam-raffia-lamp-shades-set-of-3\/"},"modified":"2025-12-30T21:25:56","modified_gmt":"2025-12-30T21:25:56","slug":"natural-banana-leaf-hitam-raffia-lamp-shades-set-of-3","status":"publish","type":"product","link":"https:\/\/aromasentia.com\/es\/natural-banana-leaf-hitam-raffia-lamp-shades-set-of-3\/","title":{"rendered":"Natural Banana Leaf &#038; Hitam Raffia Lamp Shades &#8211; Set of 3"},"content":{"rendered":"<p>Conjunto de tres pantallas de l\u00e1mpara de hoja de pl\u00e1tano hechas a mano con materiales sostenibles en Indonesia. &nbsp;El pl\u00e1tano tiene muchos usos, el tallo es \u00fatil y contiene fibra, que si se extrae se puede utilizar para hacer diferentes productos como cestas, esteras o pantallas de l\u00e1mpara. La fibra es como una cuerda y puede tejerse, moldearse o enrollarse. Las pantallas de l\u00e1mpara Ancient Wisdom son adecuadas para l\u00e1mparas y l\u00e1mparas de techo. A\u00f1adir\u00e1n textura e inter\u00e9s a la decoraci\u00f3n interior de sus clientes. Lleve la naturaleza al interior con estas obras de arte naturales absolutamente hermosas (y asequibles), que sus clientes realmente querr\u00e1n tener. Tambi\u00e9n te puede gustar <a href=\"https:\/\/aromasentia.com\/ncl\"><strong>L\u00e1mpara de Coco Natural<\/strong><\/a><\/p>\n<p>Tenga en cuenta que este producto est\u00e1 hecho de materiales naturales, por lo que el color y el acabado exactos pueden variar.&nbsp;<\/p>\n<p><em>Nota: la bombilla y el accesorio no est\u00e1n incluidos<\/em><\/p>\n<p><strong>Ilumina tus ventas de forma natural hoy mismo. Abast\u00e9zcase ahora.<\/strong><\/p>\n","protected":false},"excerpt":{"rendered":"<p>Conjunto de tres pantallas de l\u00e1mpara de hoja de pl\u00e1tano hechas a mano con materiales sostenibles en Indonesia. &nbsp;El pl\u00e1tano tiene muchos usos, el tallo es \u00fatil y contiene fibra, que si se extrae se puede utilizar para hacer diferentes productos como cestas, esteras o pantallas de l\u00e1mpara. La fibra es como una cuerda y [&hellip;]<\/p>\n","protected":false},"featured_media":374201,"comment_status":"closed","ping_status":"open","template":"","meta":{"_angie_page":false},"product_brand":[],"product_cat":[14456,17248],"product_tag":[],"class_list":{"0":"post-228130","1":"product","2":"type-product","3":"status-publish","4":"has-post-thumbnail","6":"product_cat-decoracion-hogar-y-jardin","7":"product_cat-lamparas-y-linternas","8":"pa_collection-natural-banana-leaf-hitam-raffia-lamp-shades-es","9":"pa_made-in-indonesia","11":"first","12":"instock","13":"purchasable","14":"product-type-simple"},"supplier_id":null,"supplier_sku":"NLAS-02","barcode":null,"atum_controlled":true,"out_stock_date":null,"out_stock_threshold":null,"inheritable":false,"inbound_stock":null,"stock_on_hold":0,"sold_today":0,"sales_last_days":0,"reserved_stock":null,"customer_returns":null,"warehouse_damage":null,"lost_in_post":null,"other_logs":null,"out_stock_days":0,"lost_sales":0,"has_location":null,"update_date":"2026-04-30T01:02:25","atum_locations":[],"atum_stock_status":"instock","restock_status":false,"low_stock_amount":"","sales_update_date":"2025-09-04T00:29:08","calc_backorders":null,"_links":{"self":[{"href":"https:\/\/aromasentia.com\/es\/wp-json\/wp\/v2\/product\/228130","targetHints":{"allow":["GET"]}}],"collection":[{"href":"https:\/\/aromasentia.com\/es\/wp-json\/wp\/v2\/product"}],"about":[{"href":"https:\/\/aromasentia.com\/es\/wp-json\/wp\/v2\/types\/product"}],"replies":[{"embeddable":true,"href":"https:\/\/aromasentia.com\/es\/wp-json\/wp\/v2\/comments?post=228130"}],"version-history":[{"count":0,"href":"https:\/\/aromasentia.com\/es\/wp-json\/wp\/v2\/product\/228130\/revisions"}],"wp:featuredmedia":[{"embeddable":true,"href":"https:\/\/aromasentia.com\/es\/wp-json\/wp\/v2\/media\/374201"}],"wp:attachment":[{"href":"https:\/\/aromasentia.com\/es\/wp-json\/wp\/v2\/media?parent=228130"}],"wp:term":[{"taxonomy":"product_brand","embeddable":true,"href":"https:\/\/aromasentia.com\/es\/wp-json\/wp\/v2\/product_brand?post=228130"},{"taxonomy":"product_cat","embeddable":true,"href":"https:\/\/aromasentia.com\/es\/wp-json\/wp\/v2\/product_cat?post=228130"},{"taxonomy":"product_tag","embeddable":true,"href":"https:\/\/aromasentia.com\/es\/wp-json\/wp\/v2\/product_tag?post=228130"}],"curies":[{"name":"wp","href":"https:\/\/api.w.org\/{rel}","templated":true}]}}