{"id":228074,"date":"2025-03-22T16:05:46","date_gmt":"2025-03-22T16:05:46","guid":{"rendered":"https:\/\/aromasentia.com\/product\/natural-seagrass-basket-set-of-2\/"},"modified":"2025-12-30T21:25:48","modified_gmt":"2025-12-30T21:25:48","slug":"natural-seagrass-basket-set-of-2","status":"publish","type":"product","link":"https:\/\/aromasentia.com\/es\/natural-seagrass-basket-set-of-2\/","title":{"rendered":"Natural Seagrass Basket &#8211; Set of 2"},"content":{"rendered":"<p>Caracterizadas por su textura natural y fabricadas con hermosa hierba marina y hoja de pl\u00e1tano. Estas cestas son perfectas para exponer sus productos; son cestas multifuncionales tejidas a mano en Indonesia, pueden ser una soluci\u00f3n de almacenamiento con estilo que se integrar\u00e1 perfectamente en cualquier hogar, oficina o incluso estudio de yoga, ofreciendo una forma natural de exposici\u00f3n.<\/p>\n<p>Como sabes, cualquier cosa relacionada con las plantas de interior y natural es una tendencia importante, y este producto hermoso y natural est\u00e1 justo en el bot\u00f3n.<\/p>\n<p>Estos hermosos conjuntos de cestas traen lo mejor de dos mundos juntos: natural y hecho por el hombre; terroso y elegante y pr\u00e1ctico. Puede que tambi\u00e9n le guste <a href=\"https:\/\/aromasentia.com\/nva\"><strong>Seagrass Vase &amp; Bins Sets<\/strong><\/a> o puede combinarlos con <a href=\"https:\/\/aromasentia.com\/wholesale_seagrass_rugs\"><strong>Alfombras de hierba de mar<\/strong><\/a><\/p>\n<p>Comprando una de estas cestas apoyas a sus fabricantes y ayudas a preservar una antigua tradici\u00f3n artesanal en Java.<\/p>\n<p>&#8211; \u00c9ticas &#8211; Se venden en conjuntos de dos o tres &#8211; Hechas a mano en Java &#8211; Ecol\u00f3gicas<\/p>\n<p>Son una bonita muestra natural. Pida hoy.<\/p>\n<p>Dimensiones:&nbsp;<\/p>\n<p>Lage: D:23cm H:9 cm &nbsp;Peso: 370g&nbsp;<\/p>\n<p>Mediano: D:20cm H:7 cm &nbsp;Peso: 290g<\/p>\n","protected":false},"excerpt":{"rendered":"<p>Caracterizadas por su textura natural y fabricadas con hermosa hierba marina y hoja de pl\u00e1tano. Estas cestas son perfectas para exponer sus productos; son cestas multifuncionales tejidas a mano en Indonesia, pueden ser una soluci\u00f3n de almacenamiento con estilo que se integrar\u00e1 perfectamente en cualquier hogar, oficina o incluso estudio de yoga, ofreciendo una forma [&hellip;]<\/p>\n","protected":false},"featured_media":373667,"comment_status":"closed","ping_status":"open","template":"","meta":[],"product_brand":[],"product_cat":[17319,14456],"product_tag":[],"class_list":{"0":"post-228074","1":"product","2":"type-product","3":"status-publish","4":"has-post-thumbnail","6":"product_cat-cestas","7":"product_cat-decoracion-hogar-y-jardin","8":"pa_collection-banana-leaf-seagrass-square-basket-es","9":"pa_made-in-indonesia","11":"first","12":"instock","13":"purchasable","14":"product-type-simple"},"supplier_id":null,"supplier_sku":"NBA-01","barcode":null,"atum_controlled":true,"out_stock_date":null,"out_stock_threshold":null,"inheritable":false,"inbound_stock":null,"stock_on_hold":0,"sold_today":0,"sales_last_days":0,"reserved_stock":null,"customer_returns":null,"warehouse_damage":null,"lost_in_post":null,"other_logs":null,"out_stock_days":0,"lost_sales":0,"has_location":null,"update_date":"2026-01-30T01:25:31","atum_locations":[],"atum_stock_status":"instock","restock_status":false,"low_stock_amount":"","sales_update_date":"2026-01-30T01:25:31","calc_backorders":null,"_links":{"self":[{"href":"https:\/\/aromasentia.com\/es\/wp-json\/wp\/v2\/product\/228074","targetHints":{"allow":["GET"]}}],"collection":[{"href":"https:\/\/aromasentia.com\/es\/wp-json\/wp\/v2\/product"}],"about":[{"href":"https:\/\/aromasentia.com\/es\/wp-json\/wp\/v2\/types\/product"}],"replies":[{"embeddable":true,"href":"https:\/\/aromasentia.com\/es\/wp-json\/wp\/v2\/comments?post=228074"}],"version-history":[{"count":0,"href":"https:\/\/aromasentia.com\/es\/wp-json\/wp\/v2\/product\/228074\/revisions"}],"wp:featuredmedia":[{"embeddable":true,"href":"https:\/\/aromasentia.com\/es\/wp-json\/wp\/v2\/media\/373667"}],"wp:attachment":[{"href":"https:\/\/aromasentia.com\/es\/wp-json\/wp\/v2\/media?parent=228074"}],"wp:term":[{"taxonomy":"product_brand","embeddable":true,"href":"https:\/\/aromasentia.com\/es\/wp-json\/wp\/v2\/product_brand?post=228074"},{"taxonomy":"product_cat","embeddable":true,"href":"https:\/\/aromasentia.com\/es\/wp-json\/wp\/v2\/product_cat?post=228074"},{"taxonomy":"product_tag","embeddable":true,"href":"https:\/\/aromasentia.com\/es\/wp-json\/wp\/v2\/product_tag?post=228074"}],"curies":[{"name":"wp","href":"https:\/\/api.w.org\/{rel}","templated":true}]}}