{"id":227986,"date":"2025-03-22T16:05:46","date_gmt":"2025-03-22T16:05:46","guid":{"rendered":"https:\/\/aromasentia.com\/product\/small-mango-wood-picture-framel-for-10x15cm-20x20x2cm-hansa-white\/"},"modified":"2025-12-30T21:25:24","modified_gmt":"2025-12-30T21:25:24","slug":"marco-de-fotos-pequeno-para-10x15cm-hamsa-blanco","status":"publish","type":"product","link":"https:\/\/aromasentia.com\/es\/marco-de-fotos-pequeno-para-10x15cm-hamsa-blanco\/","title":{"rendered":"Marco de Fotos Peque\u00f1o  (para 10x15cm) &#8211; Hamsa &#8211; Blanco"},"content":{"rendered":"<p>Oferta a tus clientes productos exclusivos que adem\u00e1s de ser decorativos, cuenten una historia.&nbsp;<\/p>\n<p>Los marcos de foto en tama\u00f1o peque\u00f1o son un producto artesanal hechos de madera de mango en la India, por artesanos expertos. Estos marcos tienen un grabado de Hamsa en blanco, que es un s\u00edmbolo de protecci\u00f3n.&nbsp;<\/p>\n<p>Hecho en madera de mango, que esconocida por su resistencia, durabilidad y bonito veteado.<\/p>\n<p>Este marco es apto para fotos de 10x15cm.<\/p>\n<p>Medidas del producto: &nbsp;20x20x2cm.<\/p>\n<p><strong>\u00a1Destaque de su competencia con productos artesanales de calidad!<\/strong><\/p>\n","protected":false},"excerpt":{"rendered":"<p>Oferta a tus clientes productos exclusivos que adem\u00e1s de ser decorativos, cuenten una historia.&nbsp; Los marcos de foto en tama\u00f1o peque\u00f1o son un producto artesanal hechos de madera de mango en la India, por artesanos expertos. Estos marcos tienen un grabado de Hamsa en blanco, que es un s\u00edmbolo de protecci\u00f3n.&nbsp; Hecho en madera de [&hellip;]<\/p>\n","protected":false},"featured_media":373349,"comment_status":"closed","ping_status":"open","template":"","meta":[],"product_brand":[],"product_cat":[14456],"product_tag":[],"class_list":{"0":"post-227986","1":"product","2":"type-product","3":"status-publish","4":"has-post-thumbnail","6":"product_cat-decoracion-hogar-y-jardin","7":"pa_collection-picture-frames-from-mango-wood-es","8":"pa_made-in-india","10":"first","11":"instock","12":"purchasable","13":"product-type-simple"},"supplier_id":null,"supplier_sku":"MWPF-15","barcode":null,"atum_controlled":true,"out_stock_date":null,"out_stock_threshold":null,"inheritable":false,"inbound_stock":null,"stock_on_hold":0,"sold_today":0,"sales_last_days":0,"reserved_stock":null,"customer_returns":null,"warehouse_damage":null,"lost_in_post":null,"other_logs":null,"out_stock_days":0,"lost_sales":0,"has_location":null,"update_date":"2026-01-30T01:24:44","atum_locations":[],"atum_stock_status":"instock","restock_status":false,"low_stock_amount":"","sales_update_date":"2026-01-30T01:24:44","calc_backorders":null,"_links":{"self":[{"href":"https:\/\/aromasentia.com\/es\/wp-json\/wp\/v2\/product\/227986","targetHints":{"allow":["GET"]}}],"collection":[{"href":"https:\/\/aromasentia.com\/es\/wp-json\/wp\/v2\/product"}],"about":[{"href":"https:\/\/aromasentia.com\/es\/wp-json\/wp\/v2\/types\/product"}],"replies":[{"embeddable":true,"href":"https:\/\/aromasentia.com\/es\/wp-json\/wp\/v2\/comments?post=227986"}],"version-history":[{"count":0,"href":"https:\/\/aromasentia.com\/es\/wp-json\/wp\/v2\/product\/227986\/revisions"}],"wp:featuredmedia":[{"embeddable":true,"href":"https:\/\/aromasentia.com\/es\/wp-json\/wp\/v2\/media\/373349"}],"wp:attachment":[{"href":"https:\/\/aromasentia.com\/es\/wp-json\/wp\/v2\/media?parent=227986"}],"wp:term":[{"taxonomy":"product_brand","embeddable":true,"href":"https:\/\/aromasentia.com\/es\/wp-json\/wp\/v2\/product_brand?post=227986"},{"taxonomy":"product_cat","embeddable":true,"href":"https:\/\/aromasentia.com\/es\/wp-json\/wp\/v2\/product_cat?post=227986"},{"taxonomy":"product_tag","embeddable":true,"href":"https:\/\/aromasentia.com\/es\/wp-json\/wp\/v2\/product_tag?post=227986"}],"curies":[{"name":"wp","href":"https:\/\/api.w.org\/{rel}","templated":true}]}}