{"id":227934,"date":"2025-03-22T16:05:46","date_gmt":"2025-03-22T16:05:46","guid":{"rendered":"https:\/\/aromasentia.com\/product\/lrg-mango-wood-picture-frame-for-13x18cm-28x23x2cm-buddha-black\/"},"modified":"2025-12-30T21:25:16","modified_gmt":"2025-12-30T21:25:16","slug":"marco-de-fotos-grande-para-13-x-18-cm-buda-negro","status":"publish","type":"product","link":"https:\/\/aromasentia.com\/es\/marco-de-fotos-grande-para-13-x-18-cm-buda-negro\/","title":{"rendered":"Marco de Fotos Grande (para 13 x 18 cm) &#8211; Buda &#8211; Negro"},"content":{"rendered":"<p>Ofrezca a sus clientes productos artesanales que destaquen por su calidad y artesan\u00eda con los marcos de fotos grandes de<strong>&nbsp;Aroma Sentia Espa\u00f1a.<\/strong><\/p>\n<p>Este marco de fotos cuenta con el dise\u00f1o de Buda en color negro es ideal para clientes que buscan productos pr\u00e1cticos con un toque espiritual. &nbsp;\u00a1Perfecto para combinarlo en cualquier estilo de decoraci\u00f3n, sobre todo r\u00fastico!<\/p>\n<p>Este marco es apto para fotos de 13&#215;18 cm<\/p>\n<p>Medidas del producto: &nbsp;28x23x2cm<\/p>\n<p>Este <strong>producto ha sido elaborado hecho a mano en la India.<\/strong>&nbsp;<\/p>\n<p><strong>\u00bfQu\u00e9 material se ha utilizado para la fabricaci\u00f3n de este marco?&nbsp;<\/strong>La madera de mango, conocida por su resistencia, durabilidad y bonito veteado.<\/p>\n","protected":false},"excerpt":{"rendered":"<p>Ofrezca a sus clientes productos artesanales que destaquen por su calidad y artesan\u00eda con los marcos de fotos grandes de&nbsp;Aroma Sentia Espa\u00f1a. Este marco de fotos cuenta con el dise\u00f1o de Buda en color negro es ideal para clientes que buscan productos pr\u00e1cticos con un toque espiritual. &nbsp;\u00a1Perfecto para combinarlo en cualquier estilo de decoraci\u00f3n, [&hellip;]<\/p>\n","protected":false},"featured_media":373232,"comment_status":"closed","ping_status":"open","template":"","meta":[],"product_brand":[],"product_cat":[14456],"product_tag":[],"class_list":{"0":"post-227934","1":"product","2":"type-product","3":"status-publish","4":"has-post-thumbnail","6":"product_cat-decoracion-hogar-y-jardin","7":"pa_collection-picture-frames-from-mango-wood-es","8":"pa_made-in-india","10":"first","11":"instock","12":"purchasable","13":"product-type-simple"},"supplier_id":null,"supplier_sku":"MWPF-02","barcode":null,"atum_controlled":true,"out_stock_date":null,"out_stock_threshold":null,"inheritable":false,"inbound_stock":null,"stock_on_hold":0,"sold_today":0,"sales_last_days":0,"reserved_stock":null,"customer_returns":null,"warehouse_damage":null,"lost_in_post":null,"other_logs":null,"out_stock_days":0,"lost_sales":0,"has_location":null,"update_date":"2026-02-06T00:01:25","atum_locations":[],"atum_stock_status":"instock","restock_status":false,"low_stock_amount":"","sales_update_date":"2026-02-06T00:01:25","calc_backorders":null,"_links":{"self":[{"href":"https:\/\/aromasentia.com\/es\/wp-json\/wp\/v2\/product\/227934","targetHints":{"allow":["GET"]}}],"collection":[{"href":"https:\/\/aromasentia.com\/es\/wp-json\/wp\/v2\/product"}],"about":[{"href":"https:\/\/aromasentia.com\/es\/wp-json\/wp\/v2\/types\/product"}],"replies":[{"embeddable":true,"href":"https:\/\/aromasentia.com\/es\/wp-json\/wp\/v2\/comments?post=227934"}],"version-history":[{"count":0,"href":"https:\/\/aromasentia.com\/es\/wp-json\/wp\/v2\/product\/227934\/revisions"}],"wp:featuredmedia":[{"embeddable":true,"href":"https:\/\/aromasentia.com\/es\/wp-json\/wp\/v2\/media\/373232"}],"wp:attachment":[{"href":"https:\/\/aromasentia.com\/es\/wp-json\/wp\/v2\/media?parent=227934"}],"wp:term":[{"taxonomy":"product_brand","embeddable":true,"href":"https:\/\/aromasentia.com\/es\/wp-json\/wp\/v2\/product_brand?post=227934"},{"taxonomy":"product_cat","embeddable":true,"href":"https:\/\/aromasentia.com\/es\/wp-json\/wp\/v2\/product_cat?post=227934"},{"taxonomy":"product_tag","embeddable":true,"href":"https:\/\/aromasentia.com\/es\/wp-json\/wp\/v2\/product_tag?post=227934"}],"curies":[{"name":"wp","href":"https:\/\/api.w.org\/{rel}","templated":true}]}}