{"id":227834,"date":"2025-03-22T16:05:46","date_gmt":"2025-03-22T16:05:46","guid":{"rendered":"https:\/\/aromasentia.com\/product\/molton-glass-mini-blue-bowl-on-wood\/"},"modified":"2025-12-30T21:25:08","modified_gmt":"2025-12-30T21:25:08","slug":"mini-cuenco-azul-de-vidrio-fundido-sobre-madera","status":"publish","type":"product","link":"https:\/\/aromasentia.com\/es\/mini-cuenco-azul-de-vidrio-fundido-sobre-madera\/","title":{"rendered":"Mini Cuenco Azul de Vidrio Fundido sobre Madera"},"content":{"rendered":"<p><strong>Mayorista de Vidrio Fundido Mini Cuenco Azul sobre Madera<\/strong><\/p>\n<p>Como sabes cualquier cosa relacionada con plantas de interior y natural es una tendencia importante, y este producto hermoso y natural est\u00e1 justo en el bot\u00f3n. Est\u00e1n hechos a mano con vidrio reciclado y madera de gamal. Estas hermosas piezas de vidrio fundido re\u00fanen lo mejor de dos mundos: natural y hecho por el hombre; terroso y chic; pr\u00e1ctico y espiritual.<\/p>\n<p>Tama\u00f1o del producto: cuenco sobre la madera: L:12cm H:7cm &nbsp;tama\u00f1o del cuenco: D: 6cm H:5cm Peso: 400g&nbsp;<\/p>\n<p><em>Por favor, tenga en cuenta: Que debido a la naturaleza artesanal de este producto, puede haber peque\u00f1as imperfecciones en el vidrio como peque\u00f1as burbujas, ligeros ara\u00f1azos. Los tama\u00f1os y dise\u00f1os pueden variar ligeramente.<\/p>\n","protected":false},"excerpt":{"rendered":"<p>Mayorista de Vidrio Fundido Mini Cuenco Azul sobre Madera Como sabes cualquier cosa relacionada con plantas de interior y natural es una tendencia importante, y este producto hermoso y natural est\u00e1 justo en el bot\u00f3n. Est\u00e1n hechos a mano con vidrio reciclado y madera de gamal. Estas hermosas piezas de vidrio fundido re\u00fanen lo mejor [&hellip;]<\/p>\n","protected":false},"featured_media":372511,"comment_status":"closed","ping_status":"open","template":"","meta":{"_angie_page":false},"product_brand":[],"product_cat":[14456,17580],"product_tag":[],"class_list":{"0":"post-227834","1":"product","2":"type-product","3":"status-publish","4":"has-post-thumbnail","6":"product_cat-decoracion-hogar-y-jardin","7":"product_cat-decoraciones-de-vidrio","8":"pa_collection-molten-glass-on-wood-es","9":"pa_made-in-indonesia","11":"first","12":"instock","13":"purchasable","14":"product-type-simple"},"supplier_id":null,"supplier_sku":"MGW-34","barcode":null,"atum_controlled":true,"out_stock_date":null,"out_stock_threshold":null,"inheritable":false,"inbound_stock":null,"stock_on_hold":0,"sold_today":0,"sales_last_days":0,"reserved_stock":null,"customer_returns":null,"warehouse_damage":null,"lost_in_post":null,"other_logs":null,"out_stock_days":0,"lost_sales":0,"has_location":null,"update_date":"2026-05-08T05:13:10","atum_locations":[],"atum_stock_status":"instock","restock_status":false,"low_stock_amount":"","sales_update_date":"2025-09-05T00:29:31","calc_backorders":null,"_links":{"self":[{"href":"https:\/\/aromasentia.com\/es\/wp-json\/wp\/v2\/product\/227834","targetHints":{"allow":["GET"]}}],"collection":[{"href":"https:\/\/aromasentia.com\/es\/wp-json\/wp\/v2\/product"}],"about":[{"href":"https:\/\/aromasentia.com\/es\/wp-json\/wp\/v2\/types\/product"}],"replies":[{"embeddable":true,"href":"https:\/\/aromasentia.com\/es\/wp-json\/wp\/v2\/comments?post=227834"}],"version-history":[{"count":0,"href":"https:\/\/aromasentia.com\/es\/wp-json\/wp\/v2\/product\/227834\/revisions"}],"wp:featuredmedia":[{"embeddable":true,"href":"https:\/\/aromasentia.com\/es\/wp-json\/wp\/v2\/media\/372511"}],"wp:attachment":[{"href":"https:\/\/aromasentia.com\/es\/wp-json\/wp\/v2\/media?parent=227834"}],"wp:term":[{"taxonomy":"product_brand","embeddable":true,"href":"https:\/\/aromasentia.com\/es\/wp-json\/wp\/v2\/product_brand?post=227834"},{"taxonomy":"product_cat","embeddable":true,"href":"https:\/\/aromasentia.com\/es\/wp-json\/wp\/v2\/product_cat?post=227834"},{"taxonomy":"product_tag","embeddable":true,"href":"https:\/\/aromasentia.com\/es\/wp-json\/wp\/v2\/product_tag?post=227834"}],"curies":[{"name":"wp","href":"https:\/\/api.w.org\/{rel}","templated":true}]}}