{"id":227830,"date":"2025-03-22T16:05:46","date_gmt":"2025-03-22T16:05:46","guid":{"rendered":"https:\/\/aromasentia.com\/product\/molton-glass-v-shaped-art-vase-on-wood\/"},"modified":"2025-12-30T21:25:08","modified_gmt":"2025-12-30T21:25:08","slug":"jarron-en-forma-v-de-vidrio-fundido-sobre-madera","status":"publish","type":"product","link":"https:\/\/aromasentia.com\/es\/jarron-en-forma-v-de-vidrio-fundido-sobre-madera\/","title":{"rendered":"Jarr\u00f3n en forma V de Vidrio Fundido sobre Madera"},"content":{"rendered":"<p><strong>Ancient Wisdom Handmade Melted Glass on Wood<\/strong> por fin est\u00e1 aqu\u00ed. Probablemente lo mejor que ha salido de Bali en a\u00f1os. En Holanda ya es una tendencia masiva. Todo lo relacionado con las plantas de interior y natural es una gran tendencia, y este producto hermoso y natural es justo en el bot\u00f3n. Se fabrican a mano en Bali con vidrio reciclado y madera de Gamal balinesa. Este impresionante jarr\u00f3n de vidrio art\u00edstico fundido re\u00fane lo mejor de dos mundos: natural y artificial, terrenal y chic, y pr\u00e1ctico y espiritual.&nbsp;<\/p>\n<p>El vidrio se sopla a mano y, mientras a\u00fan est\u00e1 caliente, se relaja sobre un trozo de ra\u00edz de Gamal. El vidrio se endurece entonces a la forma de la madera, asegurando un ajuste perfecto. Se fabrican con un producto natural y herramientas manuales a la manera tradicional balinesa. Cada art\u00edculo es \u00fanico, ya que est\u00e1n hechos de madera de Gamal natural y sostenible, y el vidrio reciclado tiene la forma adecuada, lo que a\u00f1ade autenticidad. <strong>A sus clientes les encantar\u00e1.<\/strong>Pueden utilizarse para plantas de interior, jardines zen o velas flotantes.<\/p>\n<p>Lleve la naturaleza al interior con estas impresionantes y asequibles obras de arte naturales.<\/p>\n<p><strong>Haga una encantadora exposici\u00f3n natural y consiga grandes ventas. P\u00eddalo hoy mismo.<\/strong><\/p>\n<p><strong>Tama\u00f1o: H:20cm D:9cm, W:14cm, 600ml ( por favor tenga en cuenta que los tama\u00f1os pueden variar ligeramente)&nbsp;<\/strong><\/p>\n<p><\/p>\n<p><strong>Por favor tenga en cuenta: Debido a la naturaleza artesanal de este producto, puede haber peque\u00f1as imperfecciones en el cristal, como peque\u00f1as burbujas y ligeros ara\u00f1azos. Los tama\u00f1os y dise\u00f1os pueden variar ligeramente.<\/strong><\/p>\n","protected":false},"excerpt":{"rendered":"<p>Ancient Wisdom Handmade Melted Glass on Wood por fin est\u00e1 aqu\u00ed. Probablemente lo mejor que ha salido de Bali en a\u00f1os. En Holanda ya es una tendencia masiva. Todo lo relacionado con las plantas de interior y natural es una gran tendencia, y este producto hermoso y natural es justo en el bot\u00f3n. Se fabrican [&hellip;]<\/p>\n","protected":false},"featured_media":372494,"comment_status":"closed","ping_status":"open","template":"","meta":{"_angie_page":false},"product_brand":[],"product_cat":[14456,17580],"product_tag":[],"class_list":{"0":"post-227830","1":"product","2":"type-product","3":"status-publish","4":"has-post-thumbnail","6":"product_cat-decoracion-hogar-y-jardin","7":"product_cat-decoraciones-de-vidrio","8":"pa_collection-molten-glass-on-wood-es","9":"pa_made-in-indonesia","11":"first","12":"instock","13":"purchasable","14":"product-type-simple"},"supplier_id":null,"supplier_sku":"MGW-29","barcode":null,"atum_controlled":true,"out_stock_date":null,"out_stock_threshold":null,"inheritable":false,"inbound_stock":null,"stock_on_hold":0,"sold_today":0,"sales_last_days":0,"reserved_stock":null,"customer_returns":null,"warehouse_damage":null,"lost_in_post":null,"other_logs":null,"out_stock_days":0,"lost_sales":0,"has_location":null,"update_date":"2026-05-08T05:13:10","atum_locations":[],"atum_stock_status":"instock","restock_status":false,"low_stock_amount":"","sales_update_date":"2026-02-06T00:02:04","calc_backorders":null,"_links":{"self":[{"href":"https:\/\/aromasentia.com\/es\/wp-json\/wp\/v2\/product\/227830","targetHints":{"allow":["GET"]}}],"collection":[{"href":"https:\/\/aromasentia.com\/es\/wp-json\/wp\/v2\/product"}],"about":[{"href":"https:\/\/aromasentia.com\/es\/wp-json\/wp\/v2\/types\/product"}],"replies":[{"embeddable":true,"href":"https:\/\/aromasentia.com\/es\/wp-json\/wp\/v2\/comments?post=227830"}],"version-history":[{"count":0,"href":"https:\/\/aromasentia.com\/es\/wp-json\/wp\/v2\/product\/227830\/revisions"}],"wp:featuredmedia":[{"embeddable":true,"href":"https:\/\/aromasentia.com\/es\/wp-json\/wp\/v2\/media\/372494"}],"wp:attachment":[{"href":"https:\/\/aromasentia.com\/es\/wp-json\/wp\/v2\/media?parent=227830"}],"wp:term":[{"taxonomy":"product_brand","embeddable":true,"href":"https:\/\/aromasentia.com\/es\/wp-json\/wp\/v2\/product_brand?post=227830"},{"taxonomy":"product_cat","embeddable":true,"href":"https:\/\/aromasentia.com\/es\/wp-json\/wp\/v2\/product_cat?post=227830"},{"taxonomy":"product_tag","embeddable":true,"href":"https:\/\/aromasentia.com\/es\/wp-json\/wp\/v2\/product_tag?post=227830"}],"curies":[{"name":"wp","href":"https:\/\/api.w.org\/{rel}","templated":true}]}}