{"id":227766,"date":"2025-03-22T16:05:57","date_gmt":"2025-03-22T16:05:57","guid":{"rendered":"https:\/\/aromasentia.com\/product\/salt-fire-bowl-and-chunks-15cm-x-9cm-2\/"},"modified":"2025-12-30T21:24:51","modified_gmt":"2025-12-30T21:24:51","slug":"salt-fire-bowl-and-chunks-15cm-x-9cm","status":"publish","type":"product","link":"https:\/\/aromasentia.com\/es\/salt-fire-bowl-and-chunks-15cm-x-9cm\/","title":{"rendered":"Salt Fire Bowl and Chunks &#8211; 15cm x 9cm"},"content":{"rendered":"<p>Cree un ambiente fascinante con este cuenco de sal y trozos de sal. Este set incluye un cuenco tallado en sal del Himalaya (aprox. 15 cm x 9 cm) lleno de trozos de sal natural. Cuando se coloca una candelita o una bombilla peque\u00f1a dentro o debajo, los trozos brillan c\u00e1lidamente, imitando las brasas de un fuego y liberando iones negativos para purificar el aire. Un impresionante y terap\u00e9utico centro de mesa que aporta un brillo calmante y primordial y una energ\u00eda purificadora a cualquier espacio, fomentando la relajaci\u00f3n.<\/p>\n","protected":false},"excerpt":{"rendered":"<p>Cree un ambiente fascinante con este cuenco de sal y trozos de sal. Este set incluye un cuenco tallado en sal del Himalaya (aprox. 15 cm x 9 cm) lleno de trozos de sal natural. Cuando se coloca una candelita o una bombilla peque\u00f1a dentro o debajo, los trozos brillan c\u00e1lidamente, imitando las brasas de [&hellip;]<\/p>\n","protected":false},"featured_media":376778,"comment_status":"closed","ping_status":"open","template":"","meta":{"_angie_page":false},"product_brand":[],"product_cat":[14456,17275,17248,17274],"product_tag":[],"class_list":{"0":"post-227766","1":"product","2":"type-product","3":"status-publish","4":"has-post-thumbnail","6":"product_cat-decoracion-hogar-y-jardin","7":"product_cat-lamparas-sal-del-himalaya","8":"product_cat-lamparas-y-linternas","9":"product_cat-regalos-esotericos","10":"pa_collection-himalayan-salt-lamps-candle-holders-es","12":"first","13":"instock","14":"purchasable","15":"product-type-simple"},"supplier_id":null,"supplier_sku":"QSalt-62UK","barcode":null,"atum_controlled":true,"out_stock_date":null,"out_stock_threshold":null,"inheritable":false,"inbound_stock":null,"stock_on_hold":0,"sold_today":0,"sales_last_days":0,"reserved_stock":null,"customer_returns":null,"warehouse_damage":null,"lost_in_post":null,"other_logs":null,"out_stock_days":0,"lost_sales":0,"has_location":null,"update_date":"2026-04-27T07:18:58","atum_locations":[],"atum_stock_status":"instock","restock_status":false,"low_stock_amount":"","sales_update_date":"2026-01-30T01:25:31","calc_backorders":null,"_links":{"self":[{"href":"https:\/\/aromasentia.com\/es\/wp-json\/wp\/v2\/product\/227766","targetHints":{"allow":["GET"]}}],"collection":[{"href":"https:\/\/aromasentia.com\/es\/wp-json\/wp\/v2\/product"}],"about":[{"href":"https:\/\/aromasentia.com\/es\/wp-json\/wp\/v2\/types\/product"}],"replies":[{"embeddable":true,"href":"https:\/\/aromasentia.com\/es\/wp-json\/wp\/v2\/comments?post=227766"}],"version-history":[{"count":0,"href":"https:\/\/aromasentia.com\/es\/wp-json\/wp\/v2\/product\/227766\/revisions"}],"wp:featuredmedia":[{"embeddable":true,"href":"https:\/\/aromasentia.com\/es\/wp-json\/wp\/v2\/media\/376778"}],"wp:attachment":[{"href":"https:\/\/aromasentia.com\/es\/wp-json\/wp\/v2\/media?parent=227766"}],"wp:term":[{"taxonomy":"product_brand","embeddable":true,"href":"https:\/\/aromasentia.com\/es\/wp-json\/wp\/v2\/product_brand?post=227766"},{"taxonomy":"product_cat","embeddable":true,"href":"https:\/\/aromasentia.com\/es\/wp-json\/wp\/v2\/product_cat?post=227766"},{"taxonomy":"product_tag","embeddable":true,"href":"https:\/\/aromasentia.com\/es\/wp-json\/wp\/v2\/product_tag?post=227766"}],"curies":[{"name":"wp","href":"https:\/\/api.w.org\/{rel}","templated":true}]}}