{"id":227734,"date":"2025-03-22T16:05:57","date_gmt":"2025-03-22T16:05:57","guid":{"rendered":"https:\/\/aromasentia.com\/product\/figure-shape-angel-3x5x7-inch\/"},"modified":"2025-12-30T21:24:51","modified_gmt":"2025-12-30T21:24:51","slug":"forma-angel-3x5x7","status":"publish","type":"product","link":"https:\/\/aromasentia.com\/es\/forma-angel-3x5x7\/","title":{"rendered":"Forma &#8211; \u00c1ngel 3x5x7"},"content":{"rendered":"<p><strong>\u00bfConoces la Haloterapia? <\/strong>Es una terapia complementaria totalmente natural y libre de medicamentos. Tiene el objetivo de respirar un ambiente con muchas micropart\u00edculas de sal de origen mineral que aporta beneficios a problemas respiratorios.<\/p>\n<p>Aroma Sentia vende esta l\u00e1mpara de sal del Himalaya. Esta se encarga de reemplazar los iones cargados negativamente para que de esta forma se puedan obtener sus beneficios como: limpiar el aire&nbsp;<\/p>\n<p>Algunos de sus beneficios que se creen que tienen estas l\u00e1mparas de sal: limpiar el aire, reduce la alergia, el asma y protege a los pulmones. Tambi\u00e9n ayuda a disminuir las vibraciones electr\u00f3nicas y a dormir mejor. &nbsp;Adem\u00e1s de mejorar el \u00e1nimo y la concentraci\u00f3n.&nbsp;<\/p>\n<p><em>Reconocido cl\u00ednicamente como un tratamiento eficaz y libre de medicamentos para para los pacientes con trastornos respiratorios y alergias entre otros.<\/em><\/p>\n<p>Nota: Cada l\u00e1mpara de sal al por mayor viene completa con accesorio de iluminaci\u00f3n, bombilla y enchufe.&nbsp;<\/p>\n<p><strong>Importante:<\/strong><\/p>\n<ul style=\"padding: 0px; color: rgb(114, 114, 114); font-family: Raleway, sans-serif; font-size: 15px; font-style: normal; font-variant-ligatures: normal; font-variant-caps: normal; font-weight: 400; letter-spacing: normal; orphans: 2; text-align: start; text-indent: 0px; text-transform: none; widows: 2; word-spacing: 0px; -webkit-text-stroke-width: 0px; white-space: normal; text-decoration-thickness: initial; text-decoration-style: initial; text-decoration-color: initial; background-color: rgb(255, 255, 255);\">\n<li>Debido a las propiedades higrosc\u00f3picas de la sal, las l\u00e1mparas de sal del Himalaya y los candelabros absorben la humedad del aire.<\/li>\n<li>Si su l\u00e1mpara &#39;suda&#39; o pierde agua, generalmente se debe a que estuvo apagada durante per\u00edodos prolongados, especialmente en condiciones de humedad. Para remediarlo, d\u00e9jelo expuesto a la luz solar intensa durante 4 a 5 horas y cepille cualquier exceso de cristales o limpie suavemente con un pa\u00f1o seco.<\/li>\n<li>Si no utiliza la l\u00e1mpara de sal del Himalaya durante largos per\u00edodos de tiempo (por ejemplo, durante las vacaciones), desconecte el cable y ret\u00edrelo de la l\u00e1mpara.<\/li>\n<li>En condiciones de humedad, recomendamos colocar la l\u00e1mpara en una bandeja o plato peque\u00f1o en caso de que se acumule agua.<\/li>\n<\/ul>\n","protected":false},"excerpt":{"rendered":"<p>\u00bfConoces la Haloterapia? Es una terapia complementaria totalmente natural y libre de medicamentos. Tiene el objetivo de respirar un ambiente con muchas micropart\u00edculas de sal de origen mineral que aporta beneficios a problemas respiratorios. Aroma Sentia vende esta l\u00e1mpara de sal del Himalaya. Esta se encarga de reemplazar los iones cargados negativamente para que de [&hellip;]<\/p>\n","protected":false},"featured_media":376514,"comment_status":"closed","ping_status":"open","template":"","meta":[],"product_brand":[],"product_cat":[14456,17275,17248,17274],"product_tag":[],"class_list":{"0":"post-227734","1":"product","2":"type-product","3":"status-publish","4":"has-post-thumbnail","6":"product_cat-decoracion-hogar-y-jardin","7":"product_cat-lamparas-sal-del-himalaya","8":"product_cat-lamparas-y-linternas","9":"product_cat-regalos-esotericos","10":"pa_collection-himalayan-salt-lamps-candle-holders-es","11":"pa_made-in-pakistan","13":"first","14":"instock","15":"purchasable","16":"product-type-simple"},"supplier_id":null,"supplier_sku":"QSalt-204","barcode":null,"atum_controlled":true,"out_stock_date":null,"out_stock_threshold":null,"inheritable":false,"inbound_stock":null,"stock_on_hold":0,"sold_today":0,"sales_last_days":0,"reserved_stock":null,"customer_returns":null,"warehouse_damage":null,"lost_in_post":null,"other_logs":null,"out_stock_days":0,"lost_sales":0,"has_location":null,"update_date":"2026-02-09T22:34:23","atum_locations":[],"atum_stock_status":"instock","restock_status":false,"low_stock_amount":"","sales_update_date":"2026-01-30T01:24:45","calc_backorders":null,"_links":{"self":[{"href":"https:\/\/aromasentia.com\/es\/wp-json\/wp\/v2\/product\/227734","targetHints":{"allow":["GET"]}}],"collection":[{"href":"https:\/\/aromasentia.com\/es\/wp-json\/wp\/v2\/product"}],"about":[{"href":"https:\/\/aromasentia.com\/es\/wp-json\/wp\/v2\/types\/product"}],"replies":[{"embeddable":true,"href":"https:\/\/aromasentia.com\/es\/wp-json\/wp\/v2\/comments?post=227734"}],"version-history":[{"count":0,"href":"https:\/\/aromasentia.com\/es\/wp-json\/wp\/v2\/product\/227734\/revisions"}],"wp:featuredmedia":[{"embeddable":true,"href":"https:\/\/aromasentia.com\/es\/wp-json\/wp\/v2\/media\/376514"}],"wp:attachment":[{"href":"https:\/\/aromasentia.com\/es\/wp-json\/wp\/v2\/media?parent=227734"}],"wp:term":[{"taxonomy":"product_brand","embeddable":true,"href":"https:\/\/aromasentia.com\/es\/wp-json\/wp\/v2\/product_brand?post=227734"},{"taxonomy":"product_cat","embeddable":true,"href":"https:\/\/aromasentia.com\/es\/wp-json\/wp\/v2\/product_cat?post=227734"},{"taxonomy":"product_tag","embeddable":true,"href":"https:\/\/aromasentia.com\/es\/wp-json\/wp\/v2\/product_tag?post=227734"}],"curies":[{"name":"wp","href":"https:\/\/api.w.org\/{rel}","templated":true}]}}