{"id":227710,"date":"2025-03-22T16:05:57","date_gmt":"2025-03-22T16:05:57","guid":{"rendered":"https:\/\/aromasentia.com\/product\/grey-himalayan-salt-lamp-2-3kg\/"},"modified":"2025-12-30T21:24:43","modified_gmt":"2025-12-30T21:24:43","slug":"lampara-de-sal-gris-del-himalaya-2-3-kg","status":"publish","type":"product","link":"https:\/\/aromasentia.com\/es\/lampara-de-sal-gris-del-himalaya-2-3-kg\/","title":{"rendered":"L\u00e1mpara de sal gris del Himalaya &#8211; 2-3 kg"},"content":{"rendered":"<p>Aroma Sentia esta nueva variante de las L\u00e1mparas de sal de Himalaya. &nbsp;<\/p>\n<p>Este tipo de l\u00e1mpara, se les conocen como &quot;l\u00e1mparas oscuras&quot; ya que tienen un contenido mayor de minerales de hierro, azufre y magnesio, consiguiendo un color m\u00e1s oscuro en comparaci\u00f3n con las l\u00e1mparas de sal rosa o blanca.&nbsp;<\/p>\n<p>Esta l\u00e1mpara pesa entre 2-3KG kg<\/p>\n<p>Este producto es ideal para iluminar zonas donde no se requiera mucha luz. Adem\u00e1s, ofrece los beneficios que ofrecen las otras l\u00e1mparas de sal: reemplaza los iones cargados en negativo y nos ayudan a evitar el &quot;da\u00f1o f\u00edsico y mental&middot;&quot;<\/p>\n<p><em>Reconocido cl\u00ednicamente como un tratamiento eficaz y libre de medicamentos para para los pacientes con trastornos respiratorios y alergias entre otros.<\/em><\/p>\n<p><strong>Nota: Cada l\u00e1mpara de sal al por mayor viene completa con accesorio de iluminaci\u00f3n, bombilla y enchufe.&nbsp;<\/strong><\/p>\n<p>Con este producto tus clientes podr\u00e1n evitar los iones negativos e iluminar o decorar su casas.<\/p>\n<p><strong>\u00a1Nota!: Vendemos este producto en funci\u00f3n del peso aproximado, en vez de en tama\u00f1o.&nbsp;<\/strong><\/p>\n<p><strong>Importante:<\/strong><\/p>\n<ul style=\"padding: 0px; color: rgb(114, 114, 114); font-family: Raleway, sans-serif; font-size: 15px; font-style: normal; font-variant-ligatures: normal; font-variant-caps: normal; font-weight: 400; letter-spacing: normal; orphans: 2; text-align: start; text-indent: 0px; text-transform: none; widows: 2; word-spacing: 0px; -webkit-text-stroke-width: 0px; white-space: normal; text-decoration-thickness: initial; text-decoration-style: initial; text-decoration-color: initial; background-color: rgb(255, 255, 255);\">\n<li>Debido a las propiedades higrosc\u00f3picas de la sal, las l\u00e1mparas de sal del Himalaya y los candelabros absorben la humedad del aire.<\/li>\n<li>Si su l\u00e1mpara &#39;suda&#39; o pierde agua, generalmente se debe a que estuvo apagada durante per\u00edodos prolongados, especialmente en condiciones de humedad. Para remediarlo, d\u00e9jelo expuesto a la luz solar intensa durante 4 a 5 horas y cepille cualquier exceso de cristales o limpie suavemente con un pa\u00f1o seco.<\/li>\n<li>Si no utiliza la l\u00e1mpara de sal del Himalaya durante largos per\u00edodos de tiempo (por ejemplo, durante las vacaciones), desconecte el cable y ret\u00edrelo de la l\u00e1mpara.<\/li>\n<li>En condiciones de humedad, recomendamos colocar la l\u00e1mpara en una bandeja o plato peque\u00f1o en caso de que se acumule agua.<\/li>\n<\/ul>\n<p><\/p>\n","protected":false},"excerpt":{"rendered":"<p>Aroma Sentia esta nueva variante de las L\u00e1mparas de sal de Himalaya. &nbsp; Este tipo de l\u00e1mpara, se les conocen como &quot;l\u00e1mparas oscuras&quot; ya que tienen un contenido mayor de minerales de hierro, azufre y magnesio, consiguiendo un color m\u00e1s oscuro en comparaci\u00f3n con las l\u00e1mparas de sal rosa o blanca.&nbsp; Esta l\u00e1mpara pesa entre [&hellip;]<\/p>\n","protected":false},"featured_media":376388,"comment_status":"closed","ping_status":"open","template":"","meta":[],"product_brand":[],"product_cat":[14456,17275,17248,17274],"product_tag":[],"class_list":{"0":"post-227710","1":"product","2":"type-product","3":"status-publish","4":"has-post-thumbnail","6":"product_cat-decoracion-hogar-y-jardin","7":"product_cat-lamparas-sal-del-himalaya","8":"product_cat-lamparas-y-linternas","9":"product_cat-regalos-esotericos","10":"pa_collection-himalayan-salt-lamps-candle-holders-es","11":"pa_made-in-reino-unido","13":"first","14":"instock","15":"purchasable","16":"product-type-simple"},"supplier_id":null,"supplier_sku":"QSalt-12G","barcode":null,"atum_controlled":true,"out_stock_date":null,"out_stock_threshold":null,"inheritable":false,"inbound_stock":null,"stock_on_hold":0,"sold_today":0,"sales_last_days":0,"reserved_stock":null,"customer_returns":null,"warehouse_damage":null,"lost_in_post":null,"other_logs":null,"out_stock_days":0,"lost_sales":0,"has_location":null,"update_date":"2026-02-08T12:43:43","atum_locations":[],"atum_stock_status":"instock","restock_status":false,"low_stock_amount":"","sales_update_date":"2025-09-04T00:29:36","calc_backorders":null,"_links":{"self":[{"href":"https:\/\/aromasentia.com\/es\/wp-json\/wp\/v2\/product\/227710","targetHints":{"allow":["GET"]}}],"collection":[{"href":"https:\/\/aromasentia.com\/es\/wp-json\/wp\/v2\/product"}],"about":[{"href":"https:\/\/aromasentia.com\/es\/wp-json\/wp\/v2\/types\/product"}],"replies":[{"embeddable":true,"href":"https:\/\/aromasentia.com\/es\/wp-json\/wp\/v2\/comments?post=227710"}],"version-history":[{"count":0,"href":"https:\/\/aromasentia.com\/es\/wp-json\/wp\/v2\/product\/227710\/revisions"}],"wp:featuredmedia":[{"embeddable":true,"href":"https:\/\/aromasentia.com\/es\/wp-json\/wp\/v2\/media\/376388"}],"wp:attachment":[{"href":"https:\/\/aromasentia.com\/es\/wp-json\/wp\/v2\/media?parent=227710"}],"wp:term":[{"taxonomy":"product_brand","embeddable":true,"href":"https:\/\/aromasentia.com\/es\/wp-json\/wp\/v2\/product_brand?post=227710"},{"taxonomy":"product_cat","embeddable":true,"href":"https:\/\/aromasentia.com\/es\/wp-json\/wp\/v2\/product_cat?post=227710"},{"taxonomy":"product_tag","embeddable":true,"href":"https:\/\/aromasentia.com\/es\/wp-json\/wp\/v2\/product_tag?post=227710"}],"curies":[{"name":"wp","href":"https:\/\/api.w.org\/{rel}","templated":true}]}}