{"id":227698,"date":"2025-03-22T16:05:57","date_gmt":"2025-03-22T16:05:57","guid":{"rendered":"https:\/\/aromasentia.com\/product\/natural-salt-candle-holder-2-holes\/"},"modified":"2025-12-30T21:24:43","modified_gmt":"2025-12-30T21:24:43","slug":"portavelas-de-sal-natural-2-agujeros","status":"publish","type":"product","link":"https:\/\/aromasentia.com\/es\/portavelas-de-sal-natural-2-agujeros\/","title":{"rendered":"Portavelas de sal natural &#8211; 2 agujeros"},"content":{"rendered":"<p style=\"text-align: justify;\">Este porta-velas son muy beneficiosas porque atrapan los iones negativos que hay en el aire. Este producto tiene capacidad para colocar 2 velas a la vez.<\/p>\n<p style=\"text-align: justify;\">Esto es genial ya que hoy d\u00eda lamentablemente la contaminaci\u00f3n est\u00e1 muy avanzada, en parte por aparatos el\u00e9ctricos que atraen a iones positivos causando da\u00f1os y deterioros en la calidad del ambiente.<\/p>\n<p style=\"text-align: justify;\"><strong>Regla de seguridad: &nbsp;<\/strong>Siempre es importante tener una vela encendida a la vista y mantenerla fuera del alcance de los ni\u00f1os y las mascotas.<\/p>\n<p style=\"text-align: justify;\"><strong>Nota: &nbsp;<\/strong>El tama\u00f1o y la forma del candelabro de sal natural pueden variar.<\/p>\n<p style=\"text-align: justify;\"><strong>Reconocido cl\u00ednicamente como un tratamiento eficaz y libre de medicamentos para para los pacientes con trastornos respiratorios y alergias entre otros.<\/strong><\/p>\n","protected":false},"excerpt":{"rendered":"<p>Este porta-velas son muy beneficiosas porque atrapan los iones negativos que hay en el aire. Este producto tiene capacidad para colocar 2 velas a la vez. Esto es genial ya que hoy d\u00eda lamentablemente la contaminaci\u00f3n est\u00e1 muy avanzada, en parte por aparatos el\u00e9ctricos que atraen a iones positivos causando da\u00f1os y deterioros en la [&hellip;]<\/p>\n","protected":false},"featured_media":376265,"comment_status":"closed","ping_status":"open","template":"","meta":[],"product_brand":[],"product_cat":[17275,17470,17471,17274],"product_tag":[],"class_list":{"0":"post-227698","1":"product","2":"type-product","3":"status-publish","4":"has-post-thumbnail","6":"product_cat-lamparas-sal-del-himalaya","7":"product_cat-portavelas","8":"product_cat-portavelas-y-velas","9":"product_cat-regalos-esotericos","10":"pa_collection-himalayan-salt-lamps-candle-holders-es","11":"pa_made-in-pakistan","13":"first","14":"instock","15":"purchasable","16":"product-type-simple"},"supplier_id":null,"supplier_sku":"QSalt-44","barcode":null,"atum_controlled":true,"out_stock_date":null,"out_stock_threshold":null,"inheritable":false,"inbound_stock":null,"stock_on_hold":0,"sold_today":0,"sales_last_days":0,"reserved_stock":null,"customer_returns":null,"warehouse_damage":null,"lost_in_post":null,"other_logs":null,"out_stock_days":0,"lost_sales":0,"has_location":null,"update_date":"2026-01-27T12:53:57","atum_locations":[],"atum_stock_status":"instock","restock_status":false,"low_stock_amount":"","sales_update_date":"2025-09-04T00:29:35","calc_backorders":null,"_links":{"self":[{"href":"https:\/\/aromasentia.com\/es\/wp-json\/wp\/v2\/product\/227698","targetHints":{"allow":["GET"]}}],"collection":[{"href":"https:\/\/aromasentia.com\/es\/wp-json\/wp\/v2\/product"}],"about":[{"href":"https:\/\/aromasentia.com\/es\/wp-json\/wp\/v2\/types\/product"}],"replies":[{"embeddable":true,"href":"https:\/\/aromasentia.com\/es\/wp-json\/wp\/v2\/comments?post=227698"}],"version-history":[{"count":0,"href":"https:\/\/aromasentia.com\/es\/wp-json\/wp\/v2\/product\/227698\/revisions"}],"wp:featuredmedia":[{"embeddable":true,"href":"https:\/\/aromasentia.com\/es\/wp-json\/wp\/v2\/media\/376265"}],"wp:attachment":[{"href":"https:\/\/aromasentia.com\/es\/wp-json\/wp\/v2\/media?parent=227698"}],"wp:term":[{"taxonomy":"product_brand","embeddable":true,"href":"https:\/\/aromasentia.com\/es\/wp-json\/wp\/v2\/product_brand?post=227698"},{"taxonomy":"product_cat","embeddable":true,"href":"https:\/\/aromasentia.com\/es\/wp-json\/wp\/v2\/product_cat?post=227698"},{"taxonomy":"product_tag","embeddable":true,"href":"https:\/\/aromasentia.com\/es\/wp-json\/wp\/v2\/product_tag?post=227698"}],"curies":[{"name":"wp","href":"https:\/\/api.w.org\/{rel}","templated":true}]}}