{"id":227674,"date":"2025-03-22T16:05:57","date_gmt":"2025-03-22T16:05:57","guid":{"rendered":"https:\/\/aromasentia.com\/product\/quality-natural-salt-lamp-base-apx-3-5kg\/"},"modified":"2025-12-30T21:24:35","modified_gmt":"2025-12-30T21:24:35","slug":"lampara-de-sal-natural-de-himalaya-de-3-5kg-24cm","status":"publish","type":"product","link":"https:\/\/aromasentia.com\/es\/lampara-de-sal-natural-de-himalaya-de-3-5kg-24cm\/","title":{"rendered":"L\u00e1mpara de sal natural de Himalaya de 3-5kg. 24cm"},"content":{"rendered":"<p><strong>\u00bfConoces la Haloterapia?<\/strong> Es una terapia complementaria totalmente natural y libre de medicamentos. Tiene el objetivo de respirar un ambiente con muchas micropart\u00edculas de sal de origen mineral que aporta beneficios a problemas respiratorios.<\/p>\n<p>Aroma Sentia vende esta l\u00e1mpara de sal del Himalaya. Esta se encarga de reemplazar los iones cargados negativamente para que de esta forma se puedan obtener sus beneficios como: limpiar el aire&nbsp;<\/p>\n<p>Algunos de sus beneficios que se creen que tienen estas l\u00e1mparas de sal: limpiar el aire, reduce la alergia, el asma y protege a los pulmones. Tambi\u00e9n ayuda a <strong>disminuir las vibraciones electr\u00f3nicas&nbsp;<\/strong>y a <strong>dormir<\/strong> mejor. &nbsp;Adem\u00e1s de <strong>mejorar el \u00e1nimo<\/strong> y la concentraci\u00f3n.&nbsp;<\/p>\n<p><strong>Esta l\u00e1mpara pesa entre 3-5 kg&nbsp;<\/strong><\/p>\n<p><em>Reconocido cl\u00ednicamente como un tratamiento eficaz y libre de medicamentos para para los pacientes con trastornos respiratorios y alergias entre otros.<\/em><\/p>\n<p><strong>Nota: Cada l\u00e1mpara de sal al por mayor viene completa con accesorio de iluminaci\u00f3n, bombilla y enchufe.&nbsp;<\/strong><\/p>\n<p><strong><u><span style=\"color: rgb(184, 49, 47);\">Importante:<\/span>&nbsp;<\/u><\/strong><\/p>\n<ul>\n<li>Debido a las propiedades higrosc\u00f3picas de la sal, las l\u00e1mparas de sal del Himalaya y los candelabros absorben la humedad del aire.<\/li>\n<li>Si su l\u00e1mpara &#39;suda&#39; o pierde agua, generalmente se debe a que estuvo apagada durante per\u00edodos prolongados, especialmente en condiciones de humedad. Para remediarlo, d\u00e9jelo expuesto a la luz solar intensa durante 4 a 5 horas y cepille cualquier exceso de cristales o limpie suavemente con un pa\u00f1o seco.<\/li>\n<li>Si no utiliza la l\u00e1mpara de sal del Himalaya durante largos per\u00edodos de tiempo (por ejemplo, durante las vacaciones), desconecte el cable y ret\u00edrelo de la l\u00e1mpara.<\/li>\n<li>En condiciones de humedad, recomendamos colocar la l\u00e1mpara en una bandeja o plato peque\u00f1o en caso de que se acumule agua.<\/li>\n<\/ul>\n","protected":false},"excerpt":{"rendered":"<p>\u00bfConoces la Haloterapia? Es una terapia complementaria totalmente natural y libre de medicamentos. Tiene el objetivo de respirar un ambiente con muchas micropart\u00edculas de sal de origen mineral que aporta beneficios a problemas respiratorios. Aroma Sentia vende esta l\u00e1mpara de sal del Himalaya. Esta se encarga de reemplazar los iones cargados negativamente para que de [&hellip;]<\/p>\n","protected":false},"featured_media":376019,"comment_status":"closed","ping_status":"open","template":"","meta":{"_angie_page":false},"product_brand":[],"product_cat":[14456,17275,17248,17274],"product_tag":[],"class_list":{"0":"post-227674","1":"product","2":"type-product","3":"status-publish","4":"has-post-thumbnail","6":"product_cat-decoracion-hogar-y-jardin","7":"product_cat-lamparas-sal-del-himalaya","8":"product_cat-lamparas-y-linternas","9":"product_cat-regalos-esotericos","10":"pa_collection-himalayan-salt-lamps-candle-holders-es","11":"pa_made-in-pakistan","13":"first","14":"instock","15":"purchasable","16":"product-type-simple"},"supplier_id":null,"supplier_sku":"QSalt-13","barcode":null,"atum_controlled":true,"out_stock_date":null,"out_stock_threshold":null,"inheritable":false,"inbound_stock":null,"stock_on_hold":0,"sold_today":0,"sales_last_days":0,"reserved_stock":null,"customer_returns":null,"warehouse_damage":null,"lost_in_post":null,"other_logs":null,"out_stock_days":0,"lost_sales":0,"has_location":null,"update_date":"2026-04-27T07:18:52","atum_locations":[],"atum_stock_status":"instock","restock_status":false,"low_stock_amount":"","sales_update_date":"2025-09-04T00:29:34","calc_backorders":null,"_links":{"self":[{"href":"https:\/\/aromasentia.com\/es\/wp-json\/wp\/v2\/product\/227674","targetHints":{"allow":["GET"]}}],"collection":[{"href":"https:\/\/aromasentia.com\/es\/wp-json\/wp\/v2\/product"}],"about":[{"href":"https:\/\/aromasentia.com\/es\/wp-json\/wp\/v2\/types\/product"}],"replies":[{"embeddable":true,"href":"https:\/\/aromasentia.com\/es\/wp-json\/wp\/v2\/comments?post=227674"}],"version-history":[{"count":0,"href":"https:\/\/aromasentia.com\/es\/wp-json\/wp\/v2\/product\/227674\/revisions"}],"wp:featuredmedia":[{"embeddable":true,"href":"https:\/\/aromasentia.com\/es\/wp-json\/wp\/v2\/media\/376019"}],"wp:attachment":[{"href":"https:\/\/aromasentia.com\/es\/wp-json\/wp\/v2\/media?parent=227674"}],"wp:term":[{"taxonomy":"product_brand","embeddable":true,"href":"https:\/\/aromasentia.com\/es\/wp-json\/wp\/v2\/product_brand?post=227674"},{"taxonomy":"product_cat","embeddable":true,"href":"https:\/\/aromasentia.com\/es\/wp-json\/wp\/v2\/product_cat?post=227674"},{"taxonomy":"product_tag","embeddable":true,"href":"https:\/\/aromasentia.com\/es\/wp-json\/wp\/v2\/product_tag?post=227674"}],"curies":[{"name":"wp","href":"https:\/\/api.w.org\/{rel}","templated":true}]}}