{"id":227650,"date":"2025-03-22T16:05:57","date_gmt":"2025-03-22T16:05:57","guid":{"rendered":"https:\/\/aromasentia.com\/product\/salt-candle-holder-med-heart\/"},"modified":"2025-12-30T21:24:27","modified_gmt":"2025-12-30T21:24:27","slug":"soporte-de-vela-corazon-mediano","status":"publish","type":"product","link":"https:\/\/aromasentia.com\/es\/soporte-de-vela-corazon-mediano\/","title":{"rendered":"Soporte de vela &#8211; Coraz\u00f3n Mediano"},"content":{"rendered":"<p>Aroma Sentia vende porta velas de sal del Himalaya en forma de coraz\u00f3n. Son un ionizador natural y purificador de aire.&nbsp;<\/p>\n<p>Algunos de sus beneficios que se creen que tienen: limpiar el aire, reduce la alergia, el asma y protege a los pulmones. Tambi\u00e9n ayuda a disminuir las vibraciones electr\u00f3nicas y a dormir mejor. &nbsp;Adem\u00e1s de mejorar el \u00e1nimo y la concentraci\u00f3n.&nbsp;<\/p>\n<p><strong>Importante<\/strong>: siempre es importante tener una vela encendida a la vista y mantenerla fuera del alcance de los ni\u00f1os y las mascotas.&nbsp;<\/p>\n<p>Nota: &nbsp;El tama\u00f1o y la forma del candelabro de sal natural pueden variar.<\/p>\n","protected":false},"excerpt":{"rendered":"<p>Aroma Sentia vende porta velas de sal del Himalaya en forma de coraz\u00f3n. Son un ionizador natural y purificador de aire.&nbsp; Algunos de sus beneficios que se creen que tienen: limpiar el aire, reduce la alergia, el asma y protege a los pulmones. Tambi\u00e9n ayuda a disminuir las vibraciones electr\u00f3nicas y a dormir mejor. &nbsp;Adem\u00e1s [&hellip;]<\/p>\n","protected":false},"featured_media":375853,"comment_status":"closed","ping_status":"open","template":"","meta":{"_angie_page":false},"product_brand":[],"product_cat":[17275,17470,17471,17274],"product_tag":[],"class_list":{"0":"post-227650","1":"product","2":"type-product","3":"status-publish","4":"has-post-thumbnail","6":"product_cat-lamparas-sal-del-himalaya","7":"product_cat-portavelas","8":"product_cat-portavelas-y-velas","9":"product_cat-regalos-esotericos","10":"pa_collection-himalayan-salt-lamps-candle-holders-es","11":"pa_made-in-pakistan","13":"first","14":"instock","15":"purchasable","16":"product-type-simple"},"supplier_id":null,"supplier_sku":"QSalt-31","barcode":null,"atum_controlled":true,"out_stock_date":null,"out_stock_threshold":null,"inheritable":false,"inbound_stock":null,"stock_on_hold":0,"sold_today":0,"sales_last_days":0,"reserved_stock":null,"customer_returns":null,"warehouse_damage":null,"lost_in_post":null,"other_logs":null,"out_stock_days":0,"lost_sales":0,"has_location":null,"update_date":"2026-04-27T07:18:58","atum_locations":[],"atum_stock_status":"instock","restock_status":false,"low_stock_amount":"","sales_update_date":"2026-01-30T01:24:25","calc_backorders":null,"_links":{"self":[{"href":"https:\/\/aromasentia.com\/es\/wp-json\/wp\/v2\/product\/227650","targetHints":{"allow":["GET"]}}],"collection":[{"href":"https:\/\/aromasentia.com\/es\/wp-json\/wp\/v2\/product"}],"about":[{"href":"https:\/\/aromasentia.com\/es\/wp-json\/wp\/v2\/types\/product"}],"replies":[{"embeddable":true,"href":"https:\/\/aromasentia.com\/es\/wp-json\/wp\/v2\/comments?post=227650"}],"version-history":[{"count":0,"href":"https:\/\/aromasentia.com\/es\/wp-json\/wp\/v2\/product\/227650\/revisions"}],"wp:featuredmedia":[{"embeddable":true,"href":"https:\/\/aromasentia.com\/es\/wp-json\/wp\/v2\/media\/375853"}],"wp:attachment":[{"href":"https:\/\/aromasentia.com\/es\/wp-json\/wp\/v2\/media?parent=227650"}],"wp:term":[{"taxonomy":"product_brand","embeddable":true,"href":"https:\/\/aromasentia.com\/es\/wp-json\/wp\/v2\/product_brand?post=227650"},{"taxonomy":"product_cat","embeddable":true,"href":"https:\/\/aromasentia.com\/es\/wp-json\/wp\/v2\/product_cat?post=227650"},{"taxonomy":"product_tag","embeddable":true,"href":"https:\/\/aromasentia.com\/es\/wp-json\/wp\/v2\/product_tag?post=227650"}],"curies":[{"name":"wp","href":"https:\/\/api.w.org\/{rel}","templated":true}]}}