{"id":227630,"date":"2025-03-22T16:05:57","date_gmt":"2025-03-22T16:05:57","guid":{"rendered":"https:\/\/aromasentia.com\/product\/quality-natural-salt-candle-holder\/"},"modified":"2025-12-30T21:24:27","modified_gmt":"2025-12-30T21:24:27","slug":"portavelas-natural-de-sal-de-himalaya","status":"publish","type":"product","link":"https:\/\/aromasentia.com\/es\/portavelas-natural-de-sal-de-himalaya\/","title":{"rendered":"Portavelas natural de sal de Himalaya"},"content":{"rendered":"<p style=\"text-align: justify;\">Aroma Sentia ofrece estas porta-velas de sal del Himalaya al por mayor. Son un producto que tiene m\u00faltiples beneficios.&nbsp;<\/p>\n<p style=\"text-align: justify;\">Al utilizar este porta-velas de sal del Himalaya, esta se encarga de reemplazar los iones cargados negativamente.<\/p>\n<p style=\"text-align: justify;\">Esto es genial ya que hoy d\u00eda lamentablemente la contaminaci\u00f3n est\u00e1 muy avanzada, en parte por aparatos el\u00e9ctricos que atraen a iones positivos causando da\u00f1os y deterioros en la calidad del ambiente.<\/p>\n<p style=\"text-align: justify;\"><strong>Sus principales beneficios son:&nbsp;<\/strong><\/p>\n<p style=\"text-align: justify;\">&#8211; Limpiar el aire<\/p>\n<p style=\"text-align: justify;\">&#8211; Reduce la alergia, el asma y protege a los pulmones.<\/p>\n<p style=\"text-align: justify;\">&#8211; Aumenta la energ\u00eda&nbsp;<\/p>\n<p style=\"text-align: justify;\"><strong>Reconocido cl\u00ednicamente como un tratamiento eficaz y libre de medicamentos para para los pacientes con trastornos respiratorios y alergias entre otros.<\/strong><\/p>\n<p style=\"text-align: justify;\"><strong>Nota: El tama\u00f1o y la forma del porta-velas de sal natural pueden variar.<\/strong><\/p>\n","protected":false},"excerpt":{"rendered":"<p>Aroma Sentia ofrece estas porta-velas de sal del Himalaya al por mayor. Son un producto que tiene m\u00faltiples beneficios.&nbsp; Al utilizar este porta-velas de sal del Himalaya, esta se encarga de reemplazar los iones cargados negativamente. Esto es genial ya que hoy d\u00eda lamentablemente la contaminaci\u00f3n est\u00e1 muy avanzada, en parte por aparatos el\u00e9ctricos que [&hellip;]<\/p>\n","protected":false},"featured_media":375736,"comment_status":"closed","ping_status":"open","template":"","meta":{"_angie_page":false},"product_brand":[],"product_cat":[17275,17470,17471,17274],"product_tag":[],"class_list":{"0":"post-227630","1":"product","2":"type-product","3":"status-publish","4":"has-post-thumbnail","6":"product_cat-lamparas-sal-del-himalaya","7":"product_cat-portavelas","8":"product_cat-portavelas-y-velas","9":"product_cat-regalos-esotericos","10":"pa_collection-himalayan-salt-lamps-candle-holders-es","11":"pa_made-in-pakistan","13":"first","14":"instock","15":"purchasable","16":"product-type-simple"},"supplier_id":null,"supplier_sku":"QSalt-08","barcode":null,"atum_controlled":true,"out_stock_date":null,"out_stock_threshold":null,"inheritable":false,"inbound_stock":null,"stock_on_hold":0,"sold_today":0,"sales_last_days":0,"reserved_stock":null,"customer_returns":null,"warehouse_damage":null,"lost_in_post":null,"other_logs":null,"out_stock_days":0,"lost_sales":0,"has_location":null,"update_date":"2026-05-08T05:17:58","atum_locations":[],"atum_stock_status":"instock","restock_status":false,"low_stock_amount":"","sales_update_date":"2025-09-04T00:29:29","calc_backorders":null,"_links":{"self":[{"href":"https:\/\/aromasentia.com\/es\/wp-json\/wp\/v2\/product\/227630","targetHints":{"allow":["GET"]}}],"collection":[{"href":"https:\/\/aromasentia.com\/es\/wp-json\/wp\/v2\/product"}],"about":[{"href":"https:\/\/aromasentia.com\/es\/wp-json\/wp\/v2\/types\/product"}],"replies":[{"embeddable":true,"href":"https:\/\/aromasentia.com\/es\/wp-json\/wp\/v2\/comments?post=227630"}],"version-history":[{"count":0,"href":"https:\/\/aromasentia.com\/es\/wp-json\/wp\/v2\/product\/227630\/revisions"}],"wp:featuredmedia":[{"embeddable":true,"href":"https:\/\/aromasentia.com\/es\/wp-json\/wp\/v2\/media\/375736"}],"wp:attachment":[{"href":"https:\/\/aromasentia.com\/es\/wp-json\/wp\/v2\/media?parent=227630"}],"wp:term":[{"taxonomy":"product_brand","embeddable":true,"href":"https:\/\/aromasentia.com\/es\/wp-json\/wp\/v2\/product_brand?post=227630"},{"taxonomy":"product_cat","embeddable":true,"href":"https:\/\/aromasentia.com\/es\/wp-json\/wp\/v2\/product_cat?post=227630"},{"taxonomy":"product_tag","embeddable":true,"href":"https:\/\/aromasentia.com\/es\/wp-json\/wp\/v2\/product_tag?post=227630"}],"curies":[{"name":"wp","href":"https:\/\/api.w.org\/{rel}","templated":true}]}}