{"id":227550,"date":"2025-03-22T16:05:57","date_gmt":"2025-03-22T16:05:57","guid":{"rendered":"https:\/\/aromasentia.com\/product\/seagrass-set-2-vase-2-bins\/"},"modified":"2025-12-30T21:24:11","modified_gmt":"2025-12-30T21:24:11","slug":"seagrass-set-2-vase-2-bins","status":"publish","type":"product","link":"https:\/\/aromasentia.com\/es\/seagrass-set-2-vase-2-bins\/","title":{"rendered":"Seagrass Set &#8211; 2 Vase &#038; 2 Bins"},"content":{"rendered":"<p><strong>Tejidos a mano y te\u00f1idos en Java,<\/strong>estos<strong><\/strong><strong>Conjuntos de Jarr\u00f3n y Papelera<\/strong> de <strong>seagrass<\/strong> son perfectos para cualquier rinc\u00f3n. son perfectos para cualquier rinc\u00f3n, ideales para organizar la casa, decorar, cubrir macetas, almacenar en la despensa o guardar juguetes, y a\u00f1aden textura natural y color al espacio de sus clientes. Como ya sabes, todo lo relacionado con plantas de interior y natural es una tendencia importante, y este producto hermoso y natural est\u00e1 justo en el bot\u00f3n.&nbsp;<\/p>\n<p>Estos hermosos conjuntos de cestas traen lo mejor de dos mundos juntos: natural y hecho por el hombre; terroso y elegante y pr\u00e1ctico. Tambi\u00e9n te puede gustar <a class=\"fr-verde\" href=\"https:\/\/aromasentia.com\/mhs\"><strong>Estanter\u00edas colgantes de macram\u00e9<\/strong><\/a><strong>.<\/strong><\/p>\n<p>Comprar una de estas cestas apoya a sus creadores y ayuda a preservar una antigua tradici\u00f3n artesanal en Java.<\/p>\n<p><strong>&#8211; \u00c9tico &#8211; Se venden en juegos de cuatro &#8211; Hecho a mano en Java &#8211; Ecol\u00f3gico<\/strong><\/p>\n<p>Tama\u00f1os: X2 botes peque\u00f1os: 24.5x 20 cm&nbsp;<\/p>\n<p>Base m\u00e1s grande: 50x 18 cm&nbsp;<\/p>\n<p>Florero m\u00e1s peque\u00f1o: 44x 16 cm<\/p>\n<p><strong>Haz una bonita presentaci\u00f3n natural. Haz tu pedido hoy.<\/strong><\/p>\n","protected":false},"excerpt":{"rendered":"<p>Tejidos a mano y te\u00f1idos en Java,estosConjuntos de Jarr\u00f3n y Papelera de seagrass son perfectos para cualquier rinc\u00f3n. son perfectos para cualquier rinc\u00f3n, ideales para organizar la casa, decorar, cubrir macetas, almacenar en la despensa o guardar juguetes, y a\u00f1aden textura natural y color al espacio de sus clientes. Como ya sabes, todo lo relacionado [&hellip;]<\/p>\n","protected":false},"featured_media":375340,"comment_status":"closed","ping_status":"open","template":"","meta":{"_angie_page":false},"product_brand":[],"product_cat":[16898,14456,17388],"product_tag":[],"class_list":{"0":"post-227550","1":"product","2":"type-product","3":"status-publish","4":"has-post-thumbnail","6":"product_cat-decoracion","7":"product_cat-decoracion-hogar-y-jardin","8":"product_cat-jarrones","9":"pa_collection-seagrass-vase-bins-set-es","10":"pa_made-in-indonesia","12":"first","13":"instock","14":"purchasable","15":"product-type-simple"},"supplier_id":null,"supplier_sku":"NVA-01","barcode":null,"atum_controlled":true,"out_stock_date":null,"out_stock_threshold":null,"inheritable":false,"inbound_stock":null,"stock_on_hold":0,"sold_today":0,"sales_last_days":0,"reserved_stock":null,"customer_returns":null,"warehouse_damage":null,"lost_in_post":null,"other_logs":null,"out_stock_days":0,"lost_sales":0,"has_location":null,"update_date":"2026-04-27T07:15:56","atum_locations":[],"atum_stock_status":"instock","restock_status":false,"low_stock_amount":"","sales_update_date":"2025-09-04T00:29:23","calc_backorders":null,"_links":{"self":[{"href":"https:\/\/aromasentia.com\/es\/wp-json\/wp\/v2\/product\/227550","targetHints":{"allow":["GET"]}}],"collection":[{"href":"https:\/\/aromasentia.com\/es\/wp-json\/wp\/v2\/product"}],"about":[{"href":"https:\/\/aromasentia.com\/es\/wp-json\/wp\/v2\/types\/product"}],"replies":[{"embeddable":true,"href":"https:\/\/aromasentia.com\/es\/wp-json\/wp\/v2\/comments?post=227550"}],"version-history":[{"count":0,"href":"https:\/\/aromasentia.com\/es\/wp-json\/wp\/v2\/product\/227550\/revisions"}],"wp:featuredmedia":[{"embeddable":true,"href":"https:\/\/aromasentia.com\/es\/wp-json\/wp\/v2\/media\/375340"}],"wp:attachment":[{"href":"https:\/\/aromasentia.com\/es\/wp-json\/wp\/v2\/media?parent=227550"}],"wp:term":[{"taxonomy":"product_brand","embeddable":true,"href":"https:\/\/aromasentia.com\/es\/wp-json\/wp\/v2\/product_brand?post=227550"},{"taxonomy":"product_cat","embeddable":true,"href":"https:\/\/aromasentia.com\/es\/wp-json\/wp\/v2\/product_cat?post=227550"},{"taxonomy":"product_tag","embeddable":true,"href":"https:\/\/aromasentia.com\/es\/wp-json\/wp\/v2\/product_tag?post=227550"}],"curies":[{"name":"wp","href":"https:\/\/api.w.org\/{rel}","templated":true}]}}