{"id":227526,"date":"2025-03-22T16:05:57","date_gmt":"2025-03-22T16:05:57","guid":{"rendered":"https:\/\/aromasentia.com\/product\/natural-coaster-jute-cotton-10cm-set-of-4-teal-boarder\/"},"modified":"2025-12-30T21:24:03","modified_gmt":"2025-12-30T21:24:03","slug":"posavasos-natural-yute-y-algodon-10cm-juego-de-4-borde-azul","status":"publish","type":"product","link":"https:\/\/aromasentia.com\/es\/posavasos-natural-yute-y-algodon-10cm-juego-de-4-borde-azul\/","title":{"rendered":"Posavasos Natural &#8211; Yute y Algodon 10cm (juego de 4) &#8211; Borde Azul"},"content":{"rendered":"<p>\u00a1Amplia tu oferta de productos naturales y artesanales con los posavasos de Aroma Sentia Espa\u00f1a!<\/p>\n<p><strong>\u00bfPorqu\u00e9 incluir estos posavasos en su tienda?<\/strong><\/p>\n<p><strong>Producto ecol\u00f3gico:<\/strong> tanto el algod\u00f3n como el yute son <strong>materiales naturales y biodegradables<\/strong>, por lo que son una opci\u00f3n ecol\u00f3gica frente a los pl\u00e1sticos. Adem\u00e1s, los posavasos <strong>protegen mesas y superficies&nbsp;<\/strong>de bebidas fr\u00edas o calientes.&nbsp;<\/p>\n<p><strong>Este producto es un juego de 4 posavasos.<\/strong><\/p>\n","protected":false},"excerpt":{"rendered":"<p>\u00a1Amplia tu oferta de productos naturales y artesanales con los posavasos de Aroma Sentia Espa\u00f1a! \u00bfPorqu\u00e9 incluir estos posavasos en su tienda? Producto ecol\u00f3gico: tanto el algod\u00f3n como el yute son materiales naturales y biodegradables, por lo que son una opci\u00f3n ecol\u00f3gica frente a los pl\u00e1sticos. Adem\u00e1s, los posavasos protegen mesas y superficies&nbsp;de bebidas fr\u00edas [&hellip;]<\/p>\n","protected":false},"featured_media":375198,"comment_status":"closed","ping_status":"open","template":"","meta":[],"product_brand":[],"product_cat":[14456],"product_tag":[],"class_list":{"0":"post-227526","1":"product","2":"type-product","3":"status-publish","4":"has-post-thumbnail","6":"product_cat-decoracion-hogar-y-jardin","7":"pa_collection-natural-place-mats-es","8":"pa_made-in-india","10":"first","11":"instock","12":"purchasable","13":"product-type-simple"},"supplier_id":null,"supplier_sku":"NPMAT-12","barcode":null,"atum_controlled":true,"out_stock_date":null,"out_stock_threshold":null,"inheritable":false,"inbound_stock":null,"stock_on_hold":0,"sold_today":0,"sales_last_days":0,"reserved_stock":null,"customer_returns":null,"warehouse_damage":null,"lost_in_post":null,"other_logs":null,"out_stock_days":0,"lost_sales":0,"has_location":null,"update_date":"2026-01-30T01:25:30","atum_locations":[],"atum_stock_status":"instock","restock_status":false,"low_stock_amount":"","sales_update_date":"2026-01-30T01:25:30","calc_backorders":null,"_links":{"self":[{"href":"https:\/\/aromasentia.com\/es\/wp-json\/wp\/v2\/product\/227526","targetHints":{"allow":["GET"]}}],"collection":[{"href":"https:\/\/aromasentia.com\/es\/wp-json\/wp\/v2\/product"}],"about":[{"href":"https:\/\/aromasentia.com\/es\/wp-json\/wp\/v2\/types\/product"}],"replies":[{"embeddable":true,"href":"https:\/\/aromasentia.com\/es\/wp-json\/wp\/v2\/comments?post=227526"}],"version-history":[{"count":0,"href":"https:\/\/aromasentia.com\/es\/wp-json\/wp\/v2\/product\/227526\/revisions"}],"wp:featuredmedia":[{"embeddable":true,"href":"https:\/\/aromasentia.com\/es\/wp-json\/wp\/v2\/media\/375198"}],"wp:attachment":[{"href":"https:\/\/aromasentia.com\/es\/wp-json\/wp\/v2\/media?parent=227526"}],"wp:term":[{"taxonomy":"product_brand","embeddable":true,"href":"https:\/\/aromasentia.com\/es\/wp-json\/wp\/v2\/product_brand?post=227526"},{"taxonomy":"product_cat","embeddable":true,"href":"https:\/\/aromasentia.com\/es\/wp-json\/wp\/v2\/product_cat?post=227526"},{"taxonomy":"product_tag","embeddable":true,"href":"https:\/\/aromasentia.com\/es\/wp-json\/wp\/v2\/product_tag?post=227526"}],"curies":[{"name":"wp","href":"https:\/\/api.w.org\/{rel}","templated":true}]}}